{"id":2,"date":"2019-10-24T13:41:39","date_gmt":"2019-10-24T13:41:39","guid":{"rendered":"http:\/\/whatis.ariadne-infrastructure.eu\/sv\/?page_id=2"},"modified":"2019-10-24T14:16:11","modified_gmt":"2019-10-24T14:16:11","slug":"sample-page","status":"publish","type":"page","link":"https:\/\/whatis.ariadne-infrastructure.eu\/sv\/","title":{"rendered":"ARIADNEplus"},"content":{"rendered":"\r\n<p style=\"text-align: justify;\">ARIADNEplus \u00e4r en forts\u00e4ttning p\u00e5 ARIADNE, ett forskningsinfrastrukturprojekt inom arkeologiomr\u00e5det, finansierat av EU-kommissionen, som p\u00e5gick mellan 2013 och 2017. ARIADNE hade som m\u00e5l att integrera europeiska arkeologiska repositorier. Projektet skapade en s\u00f6kbar katalog med dataset, som inneh\u00e5ller bland annat bilder, kartor, databaser, tidigare opublicerade rapporter, och andra former av arkeologisk information som finns tillg\u00e4nglig online.<\/p>\r\n<p style=\"text-align: justify;\">ARIADNE blev s\u00e5 lyckat att det har f\u00e5tt ny finansiering f\u00f6r perioden fram till 2022 (och f\u00f6rhoppningsvis \u00e4nnu l\u00e4ngre). Det nya projektet har f\u00e5tt namnet ARIADNEplus f\u00f6r att understryka att det \u00e4r en forts\u00e4ttning av det tidigare projektet, men att det ska vidareutvecklas \u00e4ven om det anv\u00e4nder samma metodik.<\/p>\r\n<p style=\"text-align: justify;\">Ut\u00f6ver att det \u00e4r en trevlig akronym f\u00f6r projektet, s\u00e5 har ARIADNE f\u00e5tt sitt namn fr\u00e5n den mytologiska prinsessan p\u00e5 Kreta som hj\u00e4lpte hj\u00e4lten Teseus ut ur labyrinten, en byggnad s\u00e5 komplicerad att det var n\u00e4rmast om\u00f6jligt, kanske rentav om\u00e4nskligt, att hitta ut ur den. Ariadne gav Teseus en tr\u00e5d \u2013 Ariadnes tr\u00e5d \u2013 som han rullade ut bakom sig p\u00e5 v\u00e4gen in i labyrinten och sedan kunde f\u00f6lja f\u00f6r att hitta ut igen. V\u00e5rt ARIADNE kommer att hj\u00e4lpa dagens forskare att hitta v\u00e4gen genom en minst lika komplex labyrint.<\/p>\r\n<p style=\"text-align: justify;\">Om du vill l\u00e4sa mer om ARIADNEplus v\u00e4ljer du den ing\u00e5ng som b\u00e4st motsvarar ditt intresse.<\/p>\r\n<p style=\"text-align: center;\">FORSKARE \u2013 KULTURMILJ\u00d6V\u00c5RDARE \u2013 ALLM\u00c4NHETEN<\/p>\r\n<p style=\"text-align: justify;\"><strong>Kontakta oss<\/strong><\/p>\r\n<p style=\"text-align: justify;\">ARIADNEplus vill g\u00e4rna komma i kontakt med potentiella anv\u00e4ndare och andra intresserade, f\u00f6r att se hur vi kan tillgodose deras behov och \u00f6nskem\u00e5l inom projektets ramar.<\/p>\r\n<p style=\"text-align: justify;\">Det finns mer information och ett kontaktformul\u00e4r p\u00e5 projektets webbplats (endast p\u00e5 engelska):<\/p>\r\n<p style=\"text-align: justify;\"><a href=\"http:\/\/www.ariadne-infrastructure.eu\" target=\"_blank\" rel=\"noreferrer noopener\" aria-label=\" (opens in a new tab)\">www.ariadne-infrastructure.eu<\/a><\/p>\r\n<p style=\"text-align: justify;\">Du hittar senaste nytt p\u00e5 webbplatsen och v\u00e5ra konton i sociala medier (p\u00e5 engelska)<\/p>\r\n<p style=\"text-align: justify;\">\u00a0<a href=\"https:\/\/twitter.com\/ARIADNEplus\">twitter@ARIADNEplus<\/a><\/p>\r\n","protected":false},"excerpt":{"rendered":"<p>ARIADNEplus \u00e4r en forts\u00e4ttning p\u00e5 ARIADNE, ett forskningsinfrastrukturprojekt inom arkeologiomr\u00e5det, finansierat av EU-kommissionen, som p\u00e5gick mellan 2013 och 2017. ARIADNE hade som m\u00e5l att integrera europeiska arkeologiska repositorier. Projektet skapade en s\u00f6kbar katalog med dataset, som inneh\u00e5ller bland annat bilder, kartor, databaser, tidigare opublicerade rapporter, och andra former av arkeologisk information som finns tillg\u00e4nglig online. &hellip; <\/p>\n<p class=\"link-more\"><a href=\"https:\/\/whatis.ariadne-infrastructure.eu\/sv\/\" class=\"more-link\">Continue reading<span class=\"screen-reader-text\"> &#8220;ARIADNEplus&#8221;<\/span><\/a><\/p>\n","protected":false},"author":1,"featured_media":0,"parent":0,"menu_order":0,"comment_status":"closed","ping_status":"open","template":"","meta":[],"_links":{"self":[{"href":"https:\/\/whatis.ariadne-infrastructure.eu\/sv\/wp-json\/wp\/v2\/pages\/2"}],"collection":[{"href":"https:\/\/whatis.ariadne-infrastructure.eu\/sv\/wp-json\/wp\/v2\/pages"}],"about":[{"href":"https:\/\/whatis.ariadne-infrastructure.eu\/sv\/wp-json\/wp\/v2\/types\/page"}],"author":[{"embeddable":true,"href":"https:\/\/whatis.ariadne-infrastructure.eu\/sv\/wp-json\/wp\/v2\/users\/1"}],"replies":[{"embeddable":true,"href":"https:\/\/whatis.ariadne-infrastructure.eu\/sv\/wp-json\/wp\/v2\/comments?post=2"}],"version-history":[{"count":2,"href":"https:\/\/whatis.ariadne-infrastructure.eu\/sv\/wp-json\/wp\/v2\/pages\/2\/revisions"}],"predecessor-version":[{"id":11,"href":"https:\/\/whatis.ariadne-infrastructure.eu\/sv\/wp-json\/wp\/v2\/pages\/2\/revisions\/11"}],"wp:attachment":[{"href":"https:\/\/whatis.ariadne-infrastructure.eu\/sv\/wp-json\/wp\/v2\/media?parent=2"}],"curies":[{"name":"wp","href":"https:\/\/api.w.org\/{rel}","templated":true}]}}