{"id":12,"date":"2019-10-24T14:20:56","date_gmt":"2019-10-24T14:20:56","guid":{"rendered":"http:\/\/whatis.ariadne-infrastructure.eu\/sv\/?page_id=12"},"modified":"2020-06-05T17:38:07","modified_gmt":"2020-06-05T17:38:07","slug":"forskare","status":"publish","type":"page","link":"https:\/\/whatis.ariadne-infrastructure.eu\/sv\/forskare\/","title":{"rendered":"Forskare"},"content":{"rendered":"<p style=\"text-align: justify;\"><strong>S\u00e5 fungerar ARIADNEplus<\/strong><\/p>\n<p style=\"text-align: justify;\">I ARIADNEplus-katalogen kan du s\u00f6ka p\u00e5 variablerna \u201cWhen\u201d (tid), \u201cWhere\u201d (plats), \u201cWhat\u201d (f\u00f6rem\u00e5l) och nyckelord fr\u00e5n kontrollerade vokabul\u00e4rer. S\u00f6ktr\u00e4ffar visas i en lista med de dataset som uppfyller s\u00f6kvillkoren, en sammanfattning av deras inneh\u00e5ll och en l\u00e4nk till datak\u00e4llan. Anv\u00e4ndaren kan sedan sj\u00e4lv komma \u00e5t data p\u00e5 de villkor som data\u00e4garen har angivit. Projektet samlar inte in och flyttar inte data, utan bara datasetens metadata, som hanteras och kontrol\u00adleras av sina respektive \u00e4gare. I nul\u00e4get har cirka tv\u00e5 miljoner dataset katalogiserats, vilket motsvarar en enorm m\u00e4ngd information eftersom varje dataset kan best\u00e5 av allt fr\u00e5n en hel rapport med tillh\u00f6rande bilder och skisser till en komplett databas med flera tusen olika poster. De katalogiserade inneh\u00e5llstyperna finns inom vitt skilda omr\u00e5den, fr\u00e5n enstaka fynd till monument och fyndplatsinventeringar, och fr\u00e5n rapporter fr\u00e5n en enskild utredning till resultatet av ett l\u00e5ngt arkeologiskt projekt.<\/p>\n<p style=\"text-align: justify;\">Katalogen \u00e4r kostnadsfri att anv\u00e4nda.<\/p>\n<p style=\"text-align: justify;\">ARIADNEplus blir en utvidgning av ARIADNE b\u00e5de geografiskt, i tid (fler tidsperioder) och i sp\u00e4nnvidden av \u00e4mnesomr\u00e5den, s\u00e5 att katalogen kommer att inneh\u00e5lla mer information om vetenskapliga resultat. Projektet kommer \u00e4ven att erbjuda tj\u00e4nster f\u00f6r ytterligare bearbetning och \u00e5teranv\u00e4ndning av katalogens data. ARIADNEplus har finansiering f\u00f6r att st\u00f6dja forskare, men vi \u00e4r \u00f6vertygade om att det kommer att vara v\u00e4rdefullt och anv\u00e4ndbart \u00e4ven f\u00f6r kulturarvs\u00adorganisationer och kulturmilj\u00f6v\u00e5rdare.<\/p>\n<p style=\"text-align: justify;\"><strong>Deltagare i ARIADNEplus<\/strong><\/p>\n<p style=\"text-align: justify;\">ARIADNEplus har 41 deltagande partner fr\u00e5n 23 europeiska l\u00e4nder och fyra partner i l\u00e4nder utanf\u00f6r Europa.<\/p>\n<p style=\"text-align: justify;\">Se vilka som deltar fr\u00e5n ditt land.<\/p>\n<p style=\"text-align: justify;\"><strong>Policyer och strategier<\/strong><\/p>\n<p style=\"text-align: justify;\">Arbetsplanen f\u00f6r ARIADNEplus inneh\u00e5ller ett antal\u00a0 aktiviteter som ska \u00e4gna sig \u00e5t att dokumen\u00adtera och f\u00f6resl\u00e5 relevanta policyer och strategier f\u00f6r data, till exempel till\u00e4mpning av FAIR-principerna och certifiering av repositorier. Den tar ocks\u00e5 upp grundl\u00e4ggande fr\u00e5gor som hur vi ska ta fram riktlinjer f\u00f6r att starta upp, hantera driften och underh\u00e5llet av arkeologiska repositorier.<\/p>\n<p style=\"text-align: justify;\">ARIADNEplus kommer bland annat att l\u00e4gga upp en mall f\u00f6r datahanteringsplaner som \u00e4r anpassad efter arkeologisk forskning och som uppfyller standarder och krav fr\u00e5n EU. P\u00e5 sikt kommer det att vara obligatoriskt f\u00f6r alla forskningsprojekt som f\u00e5r finansiering att ha en datahanteringsplan, s\u00e5 som det redan \u00e4r i flera europeiska l\u00e4nder.<\/p>\n<p style=\"text-align: justify;\">Man kan tala om en europeisk kris n\u00e4r det g\u00e4ller fysiska repositorier och ett stort behov av riktlinjer f\u00f6r fysiska arkiv, men det \u00e4r lika viktigt att arbeta med de digitala arkiven. Digitala dokument kan vara av s\u00e4rskilt stort intresse f\u00f6r kulturmilj\u00f6v\u00e5rdare och deras organisationer. V\u00e5rt arbete med policyer och strategier kommer ocks\u00e5 att kunna erbjuda utbildningsmaterial f\u00f6r vanliga anv\u00e4ndare, forskare och kultur\u00admilj\u00f6\u00adv\u00e5rdare. F\u00f6r att underl\u00e4tta st\u00f6det till de olika grupperna som ber\u00f6rs av v\u00e5ra aktiviteter kommer allt material som inledningsvis tas fram p\u00e5 engelska efter hand att \u00f6vers\u00e4ttas till fler EU-spr\u00e5k . Vid dessa spr\u00e5kanpassningar kommer \u00e4ven anpassningar g\u00f6ras baserat p\u00e5 de olika l\u00e4ndernas lagar och behov. ARIADNEplus arbete inom policyer och strategier \u00e4r inte begr\u00e4nsat till forskning; om det finns ett intresse f\u00f6r det kan de inkludera \u00e4mnen som egentligen kan s\u00e4gas h\u00f6ra till andra arbetsomr\u00e5den, som kulturmilj\u00f6v\u00e5rdsdata och f\u00e4ltkonservering.<\/p>\n<p style=\"text-align: justify;\"><strong>N\u00e4tverkande och utbildning<\/strong><\/p>\n<p style=\"text-align: justify;\">Ett av m\u00e5len med ARIADNEplus \u00e4r att bygga upp en aktiv m\u00f6tesplats och ett kunskapscentrum f\u00f6r intresserade personer. Vi ser framf\u00f6r oss ett stort antal initiativ, som workshoppar, sessioner vid olika evenemang, m\u00f6ten och gemensamma kommunikationskanaler. S\u00e4rskild vikt kommer att l\u00e4ggas p\u00e5 omr\u00e5den eller l\u00e4nder d\u00e4r arbetet med att skapa, bearbeta och hantera arkeologiska dataset inte har kommit lika l\u00e5ngt som i andra l\u00e4nder, och det har t.ex. redan skapats en arbetsgrupp f\u00f6r Central- och Sydeuropa. En liknande insats kommer att riktas mot grupper som definieras av deras s\u00e4rskilda behov, till exempel mus\u00e9er och arkeologiska utgr\u00e4vnings\u00adplatser, och mot olika roller inom kulturmilj\u00f6v\u00e5rd och arkeologi, som utgr\u00e4vnings\u00adansvariga, museikuratorer, utredare och forskare, l\u00e4rare och kommunikat\u00f6rer. Flera av n\u00e4tverksaktiviteterna inneh\u00e5ller en relativt stor utbildningsdel, d\u00e4r det kommer att finnas material avsett f\u00f6r fysiskt deltagande, som dokumentation och riktlinjer, och material f\u00f6r fj\u00e4rrdeltagande via t.ex. webbinarier.<\/p>\n<p style=\"text-align: justify;\">ARIADNEplus utbildningsplan kommer \u00e4ven att omfatta specifika insatser. Det kan r\u00f6ra sig om handledning, utbildnings\u00adworkshoppar eller kunskaps\u00f6verf\u00f6ring inom enskilda projekt, d\u00e4r en liten arbetsgrupp kan f\u00e5 st\u00f6d av experter fr\u00e5n ARIADNEplus.<\/p>\n<p style=\"text-align: justify;\">Alla utbildningsinsatser kommer att vara kostnadsfria f\u00f6r deltagarna, och f\u00f6r de flesta av dem kommer det att erbjudas bidrag till resa och logi. Utbildningsmaterialet kommer huvudsakligen att vara p\u00e5 engelska, men om det finns en tillr\u00e4ckligt stor efterfr\u00e5gan kan det komma att \u00f6vers\u00e4ttas.<\/p>\n<p style=\"text-align: justify;\"><strong>Teknik<\/strong><\/p>\n<p style=\"text-align: justify;\">Mycket av den teknik som anv\u00e4nds inom ARIADNEplus ber\u00f6r projektets m\u00e5l om dataintegrering, till exempel att skapa en s\u00f6kbar katalog och ta fram en metod f\u00f6r l\u00e4nkade \u00f6ppna data (LOD), men utvecklingen av de datatj\u00e4nster som projektet kommer att erbjuda spelar ocks\u00e5 en nyckelroll. Det g\u00e4ller verktyg f\u00f6r dataanalyser (t.ex. datautvinning och Natural Language Processing) och f\u00f6r datasyntes (t.ex. visualisering av bilder och 3D, plottning av data p\u00e5 en karta eller en tidslinje, att kunna bl\u00e4ddra bland data med l\u00e4nkade data och s\u00e5 vidare). ARIADNEplus anv\u00e4nder sig av flerspr\u00e5kiga vokabul\u00e4rer f\u00f6r att g\u00f6ra det m\u00f6jligt att beskriva s\u00f6kfr\u00e5gor med termer p\u00e5 flera spr\u00e5k och s\u00f6ka igenom dokument p\u00e5 andra spr\u00e5k \u00e4n engelska.<\/p>\n<p style=\"text-align: justify;\">Vi kommer \u00e4ven att utveckla ett antal pilotapplikationer och exempelfall f\u00f6r att demonstrera ARIADNEplus tj\u00e4nster. F\u00f6rslag p\u00e5 fler forskningsscenarier att g\u00f6ra exempel av kan tas under \u00f6verv\u00e4gande och det kommer att erbjudas st\u00f6d av kompetenta team fr\u00e5n ARIADNEplus deltagare, som best\u00e5r av de fr\u00e4msta inom europeisk forskning inom digital arkeologi.<\/p>\n<p style=\"text-align: justify;\">P\u00e5 v\u00e5r webbplats (<a href=\"https:\/\/www.ariadne-infrastructure.eu\/\" target=\"_blank\" rel=\"noopener noreferrer\">www.ariadne-infrastructure.eu<\/a>) och i v\u00e5r portal (<a href=\"https:\/\/ariadne-infrastructure.eu\/portal\/\">www.ariadne-infrastructure.eu\/portal\/<\/a>) hittar du mer information (p\u00e5 engelska) om vilka databehandlingstj\u00e4nster vi erbjuder.<\/p>\n<p style=\"text-align: justify;\"><strong>Varf\u00f6r \u00e4r ARIADNEplus v\u00e4rdefullt f\u00f6r forskare?<\/strong><\/p>\n<p style=\"text-align: justify;\">ARIADNEplus-katalogen har material fr\u00e5n ett stort antal digitala arkeologiska repositorier, vilket i praktiken inneb\u00e4r de flesta europeiska repositorierna. Arkeologer kan anv\u00e4nda katalogen f\u00f6r att komplettera sin forskning med v\u00e4rdefull information som inte finns tillg\u00e4nglig p\u00e5 andra s\u00e4tt. Det \u00e4r kostnadsfritt att anv\u00e4nda katalogen och tj\u00e4nsterna. De \u00e4r skr\u00e4ddarsydda f\u00f6r forskning, vilket underl\u00e4ttar uppt\u00e4ckt av, \u00e5tkomst till och \u00e5teranv\u00e4ndning av data.<\/p>\n<p style=\"text-align: justify;\">Projektet kommer att ta fram ett antal olika utbildnings- och kunskaps\u00f6verf\u00f6rande aktiviteter (sommarskola osv.) designade f\u00f6r att st\u00f6dja forskarna och deras behov vid anv\u00e4ndandet av olika IT-tj\u00e4nster.<\/p>\n<p style=\"text-align: justify;\">I det tidigare ARIADNE-projektet deltog flera hundra forskare f\u00f6rtj\u00e4nstfullt i utbildningar och ett 70-tal projekt fick anpassat st\u00f6d med hantering av de digitala resultaten fr\u00e5n sin arkeologiska forskning.<\/p>\n<p style=\"text-align: justify;\">ARIADNEplus kommer att \u00f6verv\u00e4ga datarelaterade problem som kan uppst\u00e5 under en arkeologisk unders\u00f6kning och ge r\u00e5d om hur de kan l\u00f6sas med hj\u00e4lp av projektets tj\u00e4nster. Kontakta ARIADNEplus via din lokala ARIADNEplus-partner eller via projektets huvudkontor om du vill ha ett personligt svar p\u00e5 dina fr\u00e5gor.<\/p>\n","protected":false},"excerpt":{"rendered":"<p>S\u00e5 fungerar ARIADNEplus I ARIADNEplus-katalogen kan du s\u00f6ka p\u00e5 variablerna \u201cWhen\u201d (tid), \u201cWhere\u201d (plats), \u201cWhat\u201d (f\u00f6rem\u00e5l) och nyckelord fr\u00e5n kontrollerade vokabul\u00e4rer. S\u00f6ktr\u00e4ffar visas i en lista med de dataset som uppfyller s\u00f6kvillkoren, en sammanfattning av deras inneh\u00e5ll och en l\u00e4nk till datak\u00e4llan. Anv\u00e4ndaren kan sedan sj\u00e4lv komma \u00e5t data p\u00e5 de villkor som data\u00e4garen har &hellip; <\/p>\n<p class=\"link-more\"><a href=\"https:\/\/whatis.ariadne-infrastructure.eu\/sv\/forskare\/\" class=\"more-link\">Continue reading<span class=\"screen-reader-text\"> &#8220;Forskare&#8221;<\/span><\/a><\/p>\n","protected":false},"author":1,"featured_media":0,"parent":0,"menu_order":0,"comment_status":"closed","ping_status":"closed","template":"","meta":[],"_links":{"self":[{"href":"https:\/\/whatis.ariadne-infrastructure.eu\/sv\/wp-json\/wp\/v2\/pages\/12"}],"collection":[{"href":"https:\/\/whatis.ariadne-infrastructure.eu\/sv\/wp-json\/wp\/v2\/pages"}],"about":[{"href":"https:\/\/whatis.ariadne-infrastructure.eu\/sv\/wp-json\/wp\/v2\/types\/page"}],"author":[{"embeddable":true,"href":"https:\/\/whatis.ariadne-infrastructure.eu\/sv\/wp-json\/wp\/v2\/users\/1"}],"replies":[{"embeddable":true,"href":"https:\/\/whatis.ariadne-infrastructure.eu\/sv\/wp-json\/wp\/v2\/comments?post=12"}],"version-history":[{"count":3,"href":"https:\/\/whatis.ariadne-infrastructure.eu\/sv\/wp-json\/wp\/v2\/pages\/12\/revisions"}],"predecessor-version":[{"id":29,"href":"https:\/\/whatis.ariadne-infrastructure.eu\/sv\/wp-json\/wp\/v2\/pages\/12\/revisions\/29"}],"wp:attachment":[{"href":"https:\/\/whatis.ariadne-infrastructure.eu\/sv\/wp-json\/wp\/v2\/media?parent=12"}],"curies":[{"name":"wp","href":"https:\/\/api.w.org\/{rel}","templated":true}]}}