{"id":23,"date":"2019-06-27T07:34:28","date_gmt":"2019-06-27T07:34:28","guid":{"rendered":"http:\/\/whatis.ariadne-infrastructure.eu\/sl\/?page_id=23"},"modified":"2019-06-27T07:34:28","modified_gmt":"2019-06-27T07:34:28","slug":"upravljavci-dediscine-in-strokovni-delavci-na-podrocju-dediscine","status":"publish","type":"page","link":"https:\/\/whatis.ariadne-infrastructure.eu\/sl\/upravljavci-dediscine-in-strokovni-delavci-na-podrocju-dediscine\/","title":{"rendered":"UPRAVLJAVCI DEDI\u0160\u010cINE IN STROKOVNI DELAVCI NA PODRO\u010cJU DEDI\u0160\u010cINE"},"content":{"rendered":"<p style=\"text-align: justify;\"><b><span data-contrast=\"auto\">Kako deluje ARIADNEplus?<\/span><\/b><b><span data-contrast=\"auto\">\u00a0<\/span><\/b><span data-ccp-props=\"{&quot;335551550&quot;:6,&quot;335551620&quot;:6}\">\u00a0<\/span><\/p>\n<p style=\"text-align: justify;\"><span data-contrast=\"auto\">V katalogu ARIADNEplus je mogo\u010de iskanje na podlagi treh filtrov: \u00bbkdaj\u00ab (\u010das), \u00bbkje\u00ab (mesto), \u00bbkaj\u00ab (predmet) in klju\u010dnih besed, povzetih iz nadzorovanih besednjakov. Rezultat iskanja je seznam podatkovnih nizov, ki ustrezajo merilom za izbor, s povzetkom informacij o njihovi vsebini in povezavo do vira podatkov, do katerih je uporabniku omogo\u010den dostop skladno s pravili, ki jih dolo\u010di lastnik vsebine. Projekt ne zbira ali prestavlja podatkov, temve\u010d le metapodatke podatkovnih nizov, ki jih vzdr\u017eujejo in nadzorujejo njihovi lastniki. Za zdaj je v katalog vklju\u010denih pribli\u017eno dva milijona podatkovnih nizov, kar pomeni izjemno veliko informacij, saj lahko na primer vsak podatkovni niz vsebuje celotno poro\u010dilo s povezanimi slikami, skicami ali popolno podatkovno zbirko s tiso\u010di posameznih zapisov. Vrste vsebin v katalogu segajo od posameznih najdb do popisov spomenikov in obmo\u010dij ter od poro\u010dil o enem samem posegu do rezultatov dolgoro\u010dne arheolo\u0161ke misije.<\/span><span data-ccp-props=\"{&quot;335551550&quot;:6,&quot;335551620&quot;:6}\">\u00a0<\/span><\/p>\n<p style=\"text-align: justify;\"><span data-contrast=\"auto\">Dostop do kataloga je brezpla\u010den.<\/span><span data-ccp-props=\"{&quot;335551550&quot;:6,&quot;335551620&quot;:6}\">\u00a0<\/span><\/p>\n<p style=\"text-align: justify;\"><span data-contrast=\"auto\">ARIADNEplus je nadgradnja projekta ARIADNE v geografskem in \u010dasovnem smislu ter z vidika obravnavanih tematik, saj vsebuje dodatne informacije o znanstvenih analizah. Zagotavljal bo tudi storitve za nadaljnjo obdelavo in vnovi\u010dno uporabo teh podatkov. ARIADNEplus se financira z namenom podpore raziskovalcev, vendar menimo, da je projekt lahko pomemben in koristen tudi za agencije in upravljavce na podro\u010dju dedi\u0161\u010dine.<\/span><span data-ccp-props=\"{&quot;335551550&quot;:6,&quot;335551620&quot;:6}\">\u00a0<\/span><\/p>\n<p style=\"text-align: justify;\"><b><span data-contrast=\"auto\">Partnerstvo ARIADNEplus<\/span><\/b><span data-ccp-props=\"{&quot;335551550&quot;:6,&quot;335551620&quot;:6}\">\u00a0<\/span><\/p>\n<p style=\"text-align: justify;\"><span data-contrast=\"auto\">V projektu ARIADNEplus sodeluje 41 partnerjev iz 23 evropskih dr\u017eav in 4 mednarodni partnerji.<\/span><span data-ccp-props=\"{&quot;335551550&quot;:6,&quot;335551620&quot;:6}\">\u00a0<\/span><\/p>\n<p style=\"text-align: justify;\"><span data-contrast=\"auto\">Oglejte si, kateri partnerji so iz va\u0161e dr\u017eave.<\/span><span data-ccp-props=\"{&quot;335551550&quot;:6,&quot;335551620&quot;:6}\">\u00a0<\/span><\/p>\n<p style=\"text-align: justify;\"><b><span data-contrast=\"auto\">Politike in strategije<\/span><\/b><span data-ccp-props=\"{&quot;335551550&quot;:6,&quot;335551620&quot;:6,&quot;335559739&quot;:120}\">\u00a0<\/span><\/p>\n<p style=\"text-align: justify;\"><span data-contrast=\"auto\">Delovni na\u010drt ARIADNEplus vklju\u010duje skupino aktivnosti, namenjenih dokumentiranju ter predlaganju ustreznih politik in strategij za podatke, kot sta na primer uporaba na\u010del FAIR in certificiranje repozitorijev. Obravnaval bo tudi nekatera temeljna vpra\u0161anja, na primer oblikovanje smernic za ustvarjanje, upravljanje in trajnost arheolo\u0161kih repozitorijev. V Evropi vlada kriza na podro\u010dju fizi\u010dnih repozitorijev in velika potreba po smernicah o fizi\u010dnih arhivih, enako pomembno pa je, da obravnavajo tudi digitalne arhive. Taki dokumenti bi lahko bili zelo zanimivi za upravljavce dedi\u0161\u010dine. Na\u0161e dejavnosti v zvezi s politikami in strategijami pa zajemajo tudi usposabljanje uporabnikov, raziskovalcev in upravljavcev. Podporno gradivo, ki je bilo prvotno pripravljeno v angle\u0161kem jeziku, bo predvidoma prevedeno v razli\u010dne jezike EU, kar bo olaj\u0161alo izvajanje dejavnosti za razli\u010dne skupnosti, ki so jim te dejavnosti namenjene. Pri <\/span><span data-contrast=\"auto\">tem <\/span><span data-contrast=\"auto\">se bodo upo\u0161tevali lokalni predpisi in raznolike potrebe.\u00a0<\/span><span data-ccp-props=\"{&quot;335551550&quot;:6,&quot;335551620&quot;:6}\">\u00a0<\/span><\/p>\n<p style=\"text-align: justify;\"><span data-contrast=\"auto\">Podro\u010dje uporabe politik in strate\u0161kih dejavnosti ARIADNEplus na splo\u0161no ni omejeno na raziskave: v primeru posebnega interesa lahko vklju\u010dujejo tematike, povezane z drugimi podro\u010dji, kot so na primer podatki za upravljanje dedi\u0161\u010dine in ohranjanje obmo\u010dij.<\/span><span data-ccp-props=\"{&quot;335551550&quot;:6,&quot;335551620&quot;:6}\">\u00a0<\/span><\/p>\n<p style=\"text-align: justify;\"><b><span data-contrast=\"auto\">Mre\u017eenje in usposabljanje<\/span><\/b><span data-ccp-props=\"{&quot;335551550&quot;:6,&quot;335551620&quot;:6}\">\u00a0<\/span><\/p>\n<p style=\"text-align: justify;\"><span data-contrast=\"auto\">Eden od ciljev projekta ARIADNEplus je zdru\u017eiti celovito, dejavno in pou\u010deno skupnost, na\u010drtuje pa se tudi veliko pobud v obliki delavnic, seminarjev na dogodkih, sre\u010danj in namenskih komunikacijskih kanalov. Posebna pozornost bo namenjena regijam in dr\u017eavam, kjer so oblikovanje, obdelava in upravljanje arheolo\u0161kih podatkovnih nizov manj napredni kot drugje: delovna skupina za srednjo in ju\u017eno Evropo je \u017ee vzpostavljena. Podoben pristop bo usmerjen v skupine, <\/span><span data-contrast=\"auto\">opredeljene glede na njihove posebne potrebe, na primer muzeje, arheolo\u0161ka najdi\u0161\u010da in podobno. Enako velja za razli\u010dne akterje na podro\u010dju kulturne dedi\u0161\u010dine in arheologije, kot so upravljavci obmo\u010dij, muzejski kustosi, preiskovalci in raziskovalci, u\u010ditelji in komunikatorji.<\/span><span data-ccp-props=\"{&quot;335551550&quot;:6,&quot;335551620&quot;:6}\">\u00a0<\/span><\/p>\n<p style=\"text-align: justify;\"><span data-contrast=\"auto\">Usposabljanje je pomemben del \u0161tevilnih dejavnosti mre\u017eenja. Gradivo za usposabljanje bo na voljo za neposredno udele\u017ebo (npr. dokumentacija in smernice) ali udele\u017ebo na daljavo (npr. spletni seminarji).<\/span><span data-ccp-props=\"{&quot;335551550&quot;:6,&quot;335551620&quot;:6}\">\u00a0<\/span><\/p>\n<p style=\"text-align: justify;\"><span data-contrast=\"auto\">Na\u010drt usposabljanja ARIADNEplus predvideva tudi posebne dejavnosti usposabljanja. Mednje spadajo prakti\u010dne vaje in delavnice ter ukrepi za prenos znanja o posameznih projektih, pri katerih bo imela majhna ekipa neposredno podporo strokovnjakov ARIADNEplus.<\/span><span data-ccp-props=\"{&quot;335551550&quot;:6,&quot;335551620&quot;:6}\">\u00a0<\/span><\/p>\n<p style=\"text-align: justify;\"><span data-contrast=\"auto\">Vse dejavnosti usposabljanja bodo za udele\u017eence brezpla\u010dne; ve\u010dinoma bodo na voljo sredstva za potne stro\u0161ke in dnevnice. Dokumentacija o usposabljanju je prete\u017eno v angle\u0161kem jeziku, \u010de je zanimanje dovolj veliko, pa se lahko zagotovi prevod.<\/span><span data-ccp-props=\"{&quot;335551550&quot;:6,&quot;335551620&quot;:6}\">\u00a0<\/span><\/p>\n<p style=\"text-align: justify;\"><b><span data-contrast=\"auto\">Tehnologija<\/span><\/b><span data-ccp-props=\"{&quot;335551550&quot;:6,&quot;335551620&quot;:6}\">\u00a0<\/span><\/p>\n<p style=\"text-align: justify;\"><span data-contrast=\"auto\">\u010ceprav je tehnologija, ki se uporablja v projektu ARIADNEplus, ve\u010dinoma namenjena ciljem povezovanja, vklju\u010dno z vzpostavitvijo kataloga za iskanje in razvojem pristopa povezanih odprtih podatkov, imajo klju\u010dno vlogo podatkovne storitve, ki jih bo omogo\u010dil projekt. Te vklju\u010dujejo orodja za analizo podatkov (npr. za rudarjenje podatkov in obdelavo naravnega jezika) in sintezo podatkov (npr. vizualizacijo slik in 3D, lociranje podatkov na zemljevidu ali v \u010dasu, iskanje podatkov z uporabo povezanih podatkov in drugo).<\/span><span data-ccp-props=\"{&quot;335551550&quot;:6,&quot;335551620&quot;:6}\">\u00a0<\/span><\/p>\n<p style=\"text-align: justify;\"><span data-contrast=\"auto\">ARIADNEplus uporablja ve\u010djezi\u010dne besednjake, ki omogo\u010dajo opis poizvedb z izrazi v \u0161tevilnih jezikih ter iskanje dokumentov v angle\u0161kem in drugih jezikih.<\/span><span data-ccp-props=\"{&quot;335551550&quot;:6,&quot;335551620&quot;:6}\">\u00a0<\/span><\/p>\n<p style=\"text-align: justify;\"><span data-contrast=\"auto\">Razvili bomo tudi \u0161tevilne pilotne aplikacije za prikaz uporabe storitve na primerih. Nena\u010drtovane dodatne storitve bodo verjetno omejene <\/span><span data-contrast=\"auto\">na nadgradnjo na\u010drtovanih storitev, toda dovolj je prostora za izbor pilotnih aplikacij, ki izpolnjujejo potrebe upravljavcev dedi\u0161\u010dine.<\/span><span data-ccp-props=\"{&quot;335551550&quot;:6,&quot;335551620&quot;:6}\">\u00a0<\/span><\/p>\n<p style=\"text-align: justify;\"><b><span data-contrast=\"auto\">Zakaj je projekt ARIADNEplus pomemben za upravljavce dedi\u0161\u010dine in strokovne delavce na podro\u010dju dedi\u0161\u010dine<\/span><\/b><span data-ccp-props=\"{&quot;335551550&quot;:6,&quot;335551620&quot;:6}\">\u00a0<\/span><\/p>\n<p style=\"text-align: justify;\"><span data-contrast=\"auto\">Strokovni delavci na podro\u010dju dedi\u0161\u010dine lahko katalog ARIADNEplus uporabljajo, da izbolj\u0161ajo svoje razumevanje dedi\u0161\u010dine, za katero so zadol\u017eeni, tako s preu\u010devanjem<\/span><span data-contrast=\"auto\">raziskav<\/span><span data-contrast=\"auto\">, ki jo neposredno zadevajo, kot s pridobivanjem informacij o podobnih primerih, ki so jih prou\u010devali drugje. ARIADNEplus lahko s svojimi smernicami, napotki glede politik in usposabljanji veliko pripomore tudi k prenosu znanja o upravljanju arheolo\u0161kih podatkov. Ustanovam je na voljo tudi individualna pomo\u010d pri oblikovanju repozitorija digitalne dokumentacije ali izbolj\u0161anju njegove kakovosti in u\u010dinkovitosti. Posredovanje meta podatkov v katalog je prosto in zelo dobrodo\u0161lo, na voljo pa je tudi brezpla\u010dna pomo\u010d. Podpora, ki jo ponuja projekt ARIADNEplus, lahko ustanovam pomaga pri uresni\u010devanju njihovega poslanstva in izbolj\u0161anju kakovosti storitev, ki jih zagotavljajo. Stopite v stik z ARIADNEplus prek lokalnega partnerja ARIADNEplus ali osrednjega urada projekta, kjer boste prejeli odgovor glede na va\u0161e potrebe.<\/span><span data-ccp-props=\"{&quot;335551550&quot;:6,&quot;335551620&quot;:6}\">\u00a0<\/span><\/p>\n","protected":false},"excerpt":{"rendered":"<p>Kako deluje ARIADNEplus?\u00a0\u00a0 V katalogu ARIADNEplus je mogo\u010de iskanje na podlagi treh filtrov: \u00bbkdaj\u00ab (\u010das), \u00bbkje\u00ab (mesto), \u00bbkaj\u00ab (predmet) in klju\u010dnih besed, povzetih iz nadzorovanih besednjakov. Rezultat iskanja je seznam podatkovnih nizov, ki ustrezajo merilom za izbor, s povzetkom informacij o njihovi vsebini in povezavo do vira podatkov, do katerih je uporabniku omogo\u010den dostop skladno &hellip; <\/p>\n<p class=\"link-more\"><a href=\"https:\/\/whatis.ariadne-infrastructure.eu\/sl\/upravljavci-dediscine-in-strokovni-delavci-na-podrocju-dediscine\/\" class=\"more-link\">Continue reading<span class=\"screen-reader-text\"> &#8220;UPRAVLJAVCI DEDI\u0160\u010cINE IN STROKOVNI DELAVCI NA PODRO\u010cJU DEDI\u0160\u010cINE&#8221;<\/span><\/a><\/p>\n","protected":false},"author":2,"featured_media":0,"parent":0,"menu_order":0,"comment_status":"closed","ping_status":"closed","template":"","meta":[],"_links":{"self":[{"href":"https:\/\/whatis.ariadne-infrastructure.eu\/sl\/wp-json\/wp\/v2\/pages\/23"}],"collection":[{"href":"https:\/\/whatis.ariadne-infrastructure.eu\/sl\/wp-json\/wp\/v2\/pages"}],"about":[{"href":"https:\/\/whatis.ariadne-infrastructure.eu\/sl\/wp-json\/wp\/v2\/types\/page"}],"author":[{"embeddable":true,"href":"https:\/\/whatis.ariadne-infrastructure.eu\/sl\/wp-json\/wp\/v2\/users\/2"}],"replies":[{"embeddable":true,"href":"https:\/\/whatis.ariadne-infrastructure.eu\/sl\/wp-json\/wp\/v2\/comments?post=23"}],"version-history":[{"count":1,"href":"https:\/\/whatis.ariadne-infrastructure.eu\/sl\/wp-json\/wp\/v2\/pages\/23\/revisions"}],"predecessor-version":[{"id":24,"href":"https:\/\/whatis.ariadne-infrastructure.eu\/sl\/wp-json\/wp\/v2\/pages\/23\/revisions\/24"}],"wp:attachment":[{"href":"https:\/\/whatis.ariadne-infrastructure.eu\/sl\/wp-json\/wp\/v2\/media?parent=23"}],"curies":[{"name":"wp","href":"https:\/\/api.w.org\/{rel}","templated":true}]}}