{"id":21,"date":"2019-06-27T07:28:08","date_gmt":"2019-06-27T07:28:08","guid":{"rendered":"http:\/\/whatis.ariadne-infrastructure.eu\/sl\/?page_id=21"},"modified":"2019-06-27T07:28:44","modified_gmt":"2019-06-27T07:28:44","slug":"drzavljani","status":"publish","type":"page","link":"https:\/\/whatis.ariadne-infrastructure.eu\/sl\/drzavljani\/","title":{"rendered":"DR\u017dAVLJANI"},"content":{"rendered":"<p><b><span data-contrast=\"auto\">Zakaj arheologija potrebuje ARIADNE?<\/span><\/b><span data-ccp-props=\"{&quot;335551550&quot;:6,&quot;335551620&quot;:6}\">\u00a0<\/span><\/p>\n<p style=\"text-align: justify;\"><span data-contrast=\"auto\">Arheologi med raziskovanjem prou\u010dijo zelo veliko predmetov, od katerih so nekatere odkrili \u017ee drugi ter se hranijo v muzejih in arhivih, mnogi pa so nove najdbe, odkrite med izkopavanjem. \u00bbZakladi\u00ab, ki jih odkrijejo arheologi, imajo ponavadi majhno denarno vrednost ali sploh nobene \u2013 z nekaj pomembnimi izjemami. Njihova vrednost je v tem, kar nam povedo o zgodovini. Arheologija razlaga ostanke, odkrite med izkopavanjem, prou\u010duje razmerja med njimi in izlu\u0161\u010di informacije o <\/span><span data-contrast=\"auto\">\u010dlovekovi <\/span><span data-contrast=\"auto\">zgodovini. Pri arheolo\u0161kih izkopavanjih nastane veliko dokumentov, v katerih je nadvse podrobno opisano, kaj je vsebovala posamezna izkopana plast ter kako so najdbe in drugi ostanki povezani med seboj. Ti dokumenti vsebujejo besedilo (tj. <\/span><span data-contrast=\"auto\">bele\u017eke<\/span><span data-contrast=\"auto\"> raziskovalcev o tem, kaj so na\u0161li), slike in skice izkopa v vseh fazah, popis najdenih predmetov v vsaki plasti in \u0161e mnogo ve\u010d, na primer na\u010drte najdi\u0161\u010da (arheolo\u0161kega obmo\u010dja), ki se nana\u0161ajo na razne ostanke, odkrite na razli\u010dnih delih najdi\u0161\u010da, kot je recimo starodavna vas. Arheolo\u0161ka raziskava na ta na\u010din ostanke preteklosti pretvori v sklop opisov, podobno kot to storimo mi, ko fotografiramo ali pi\u0161emo v dnevnik med po\u010ditnicami, da bi izku\u0161nje opisali prijateljem in sorodnikom, ki so ostali doma, ter podo\u017eivljali po\u010ditnice.<\/span><span data-ccp-props=\"{&quot;335551550&quot;:6,&quot;335551620&quot;:6}\">\u00a0<\/span><\/p>\n<p style=\"text-align: justify;\"><span data-ccp-props=\"{&quot;335551550&quot;:6,&quot;335551620&quot;:6}\">\u00a0<\/span><span data-contrast=\"auto\">V sredi\u0161\u010du vsake arheolo\u0161ke raziskave je raziskovalno vpra\u0161anje \u2013 vpra\u0161anje o preteklosti, na katerega vsaj delno odgovorijo odkritja raziskovalne dejavnosti.<\/span> <span data-contrast=\"auto\">V\u010dasih je vpra\u0161anje preprosto <\/span><span data-contrast=\"auto\">\u00bbKaj neki je to?\u00ab. To se zgodi med izvajanjem gradbenih del, na primer med gradnjo avtoceste, nove \u017eeleznice ali hi\u0161e, ko je treba zagotoviti, da se med izvajanjem del ne uni\u010dijo pomembne informacije. V mnogih dr\u017eavah je rezultat neobjavljeno poro\u010dilo o delu na terenu, ki se pogosto hrani v lokalnem <\/span><span data-contrast=\"none\">uradu in ga je te\u017eko najti.<\/span><span data-ccp-props=\"{&quot;335551550&quot;:6,&quot;335551620&quot;:6}\">\u00a0<\/span><\/p>\n<p style=\"text-align: justify;\"><span data-contrast=\"none\">\u010ce povzamemo: tako na\u010drtovana izkopavanja, ki so usmerjena na dolo\u010deno raziskovalno vpra\u0161anje kot za\u0161\u010ditna izkopavanja prina\u0161ajo ogromno dokumentacije. <\/span><span data-contrast=\"none\">Ti doku<\/span><span data-contrast=\"auto\">menti se vklju\u010dijo v kon\u010dno poro\u010dilo o izkopavanju, ki ima dolo\u010den namen in ne upo\u0161teva arheolo\u0161kih informacij, na katere dela ne vplivajo neposredno. Vendar ta dokumentacija vseeno vsebuje informacije o vsem, kar se odkrije med raziskavo, ki jih lahko pozneje drugi raziskovalci koristno uporabijo za drug namen \u2013 \u010de so na voljo.<\/span><span data-ccp-props=\"{&quot;335551550&quot;:6,&quot;335551620&quot;:6}\">\u00a0<\/span><\/p>\n<p style=\"text-align: justify;\"><span data-contrast=\"auto\">Danes je ve\u010dina arheolo\u0161kih podatkov v digitalni obliki in ti podatki so v vse ve\u010dji meri dostopni tudi prek spleta, zato drugi raziskovalci la\u017eje pridobijo pomembne informacije, ki izhajajo iz dela njihovih stanovskih kolegov, vklju\u010dno s podatki, ki jih ni bilo mogo\u010de vklju\u010diti v kon\u010dno sestavljeno poro\u010dilo. Ta pomembna neobjavljena poro\u010dila, ki so znana kot \u00bbsiva literatura\u00ab, so<\/span> <span data-contrast=\"auto\">v mnogih evropskih dr\u017eavah vse bolj na voljo prek spleta. Ponekod za to skrbijo dr\u017eavni uradi, najti pa jih je mogo\u010de tudi v tematskih arhivih in repozitorijih, zlasti ADS (<\/span><i><span data-contrast=\"auto\">Archaeology Data Service<\/span><\/i><span data-contrast=\"auto\"> na Univerzi York) v Zdru\u017eenem kraljestvu, ter v drugih po Evropi in drugod, na primer v okviru pobude <\/span><i><span data-contrast=\"auto\">Digital Antiquity<\/span><\/i><span data-contrast=\"auto\"> v ZDA. Ti repozitoriji raz\u0161irjajo nova poro\u010dila, obenem pa si prizadevajo prepre\u010diti, da bi bila siva arheolo\u0161ka literatura <\/span><span data-contrast=\"auto\">uni\u010dena ali pozabljena v papirnatih mapah, na disketah, zgo\u0161\u010denkah ali trdih diskih na policah pisarn.<\/span><span data-ccp-props=\"{&quot;335551550&quot;:6,&quot;335551620&quot;:6}\">\u00a0<\/span><\/p>\n<p style=\"text-align: justify;\"><span data-contrast=\"auto\">Leta 2012 je bilo po Evropi razkropljenih ve\u010d razli\u010dnih repozitorijev arheolo\u0161ke dokumentacije v digitalni obliki, med katerimi so bili nekateri na voljo prek spleta. Toda raziskovalec, ki je \u017eelel najti dolo\u010deno informacijo, tega ni mogel narediti z eno samo poizvedbo: iskanje je moral ponoviti v vsakem repozitoriju z razli\u010dnimi sistemi in organizacijo podatkov, poleg tega pa \u0161e v razli\u010dnih jezikih. Odprti format dokumentov na spletu pa sam po sebi ni zagotovilo, da je dokument mogo\u010de najti: uporabljati je treba u\u010dinkovit sistem iskanja.<\/span> <span data-contrast=\"auto\">Google pri tem ni v pomo\u010d, saj ponudi vrsto povezav do razli\u010dnih tematik, ki so jim skupne samo besede. Na primer, iskanje besede \u00bbsekira\u00ab da skoraj 300 milijonov zadetkov \u2013 kar arheologu ne pomaga \u2013 od izdelkov za britje in kozmetike do sodobnih \u017eeleznih orodij, iger in celo programske opreme. Zelo te\u017eko je najti podatke o predmetih, zanimivih z arheolo\u0161kega vidika, ki so jih ljudje tiso\u010dletja izdelovali za se\u010dnjo, kot oro\u017eje ali obredni simbol.<\/span><span data-ccp-props=\"{&quot;335551550&quot;:6,&quot;335551620&quot;:6}\">\u00a0<\/span><\/p>\n<p style=\"text-align: justify;\"><span data-contrast=\"auto\">Izzivi ARIADNE so bili<\/span><span data-contrast=\"auto\">: ugotovitev, da je veliko koristnih informacij \u0161e vedno shranjenih in neuporabljenih v arheolo\u0161ki dokumentaciji; razpolo\u017eljivost tehnologije, ki bi omogo\u010dila ve\u010djo dostopnost teh informacij, in pripravljenost lastnikov teh podatkov, da jih dajo na voljo vsem. Hkrati je bilo informacij preve\u010d, tako da je bilo skoraj nemogo\u010de najti prave. To je izpostavilo tako te\u017eave kot potencial. Partnerji ARIADNE so predlagali re\u0161itev za to te\u017eavo in izhod iz te te\u017eavne situacije z uporabo Ariadnine niti.<\/span><span data-ccp-props=\"{&quot;335551550&quot;:6,&quot;335551620&quot;:6}\">\u00a0<\/span><\/p>\n<p style=\"text-align: justify;\"><span data-contrast=\"auto\">Oglejte si, kdo so partnerji ARIADNEplus, katere re\u0161itve predlagajo in zakaj je to pomembno za dr\u017eavljane.<\/span><span data-ccp-props=\"{&quot;335551550&quot;:6,&quot;335551620&quot;:6}\">\u00a0<\/span><\/p>\n<p style=\"text-align: justify;\"><b><span data-contrast=\"auto\">Partnerstvo ARIADNEplus<\/span><\/b><span data-ccp-props=\"{&quot;335551550&quot;:6,&quot;335551620&quot;:6}\">\u00a0<\/span><\/p>\n<p style=\"text-align: justify;\"><span data-contrast=\"auto\">V projektu ARIADNEplus sodeluje 41 partnerjev iz 23 evropskih dr\u017eav ter 4 iz dr\u017eav zunaj Evrope.\u00a0<\/span><span data-ccp-props=\"{&quot;335551550&quot;:6,&quot;335551620&quot;:6}\">\u00a0<\/span><\/p>\n<p style=\"text-align: justify;\"><span data-contrast=\"auto\">ARIADNEplus se financira z namenom podpore raziskovalcev, vendar menimo, da bo projekt pomemben in koristen tudi za agencije in upravljavce ter vse dr\u017eavljane.<\/span><span data-ccp-props=\"{&quot;335551550&quot;:6,&quot;335551620&quot;:6}\">\u00a0<\/span><\/p>\n<p style=\"text-align: justify;\"><span data-contrast=\"auto\">Oglejte si, kateri partnerji so iz va\u0161e dr\u017eave.<\/span><span data-ccp-props=\"{&quot;335551550&quot;:6,&quot;335551620&quot;:6}\">\u00a0<\/span><\/p>\n<p style=\"text-align: justify;\"><b><span data-contrast=\"auto\">Re\u0161itev ARIADNEplus<\/span><\/b><span data-ccp-props=\"{&quot;335551550&quot;:6,&quot;335551620&quot;:6}\">\u00a0<\/span><\/p>\n<p style=\"text-align: justify;\"><span data-contrast=\"auto\">Najprej ARIADNE in zatem ARIADNEplus sta oblikovala u\u010dinkovito re\u0161itev za potrebe arheologov. V okviru projekta je nastal portal (www.ariadne-infrastructure.eu) s katalogom arheolo\u0161kih podatkovnih nizov, ki so na voljo prek spleta. V katalogu je mogo\u010de iskanje po klju\u010dnih besedah\/\u010dasovnih obdobjih in\/ali temi, ki vas zanima. Dejanski podatki so shranjeni pri lastniku podatkov v sodelujo\u010di ustanovi. Med iskanjem v vseh podatkovnih nizih, ki jih je mogo\u010de najti prek portala ARIADNE, ima uporabnik dostop do dejanskih podatkov prek povezave v katalogu, ki napoti na lokalno ustanovo. Katalog torej deluje podobno kot Google, le da vsebuje samo navedbe arheolo\u0161kih podatkov, ki jih uporabniki najdejo na podlagi konceptov, ki so jih razvili arheologi. Pomemben je tudi ve\u010djezikovni pristop: ARIADNEplus uporablja ve\u010djezi\u010dne besednjake za iskanje izrazov v mnogih jezikih in iskanje dokumentov, napisanih v razli\u010dnih jezikih.<\/span><span data-ccp-props=\"{&quot;335551550&quot;:6,&quot;335551620&quot;:6}\">\u00a0<\/span><\/p>\n<p style=\"text-align: justify;\"><span data-contrast=\"auto\">Na istem portalu so na voljo tudi orodja za nadaljnjo obdelavo podatkov: za prikaz slik in 3D modelov, na primer za izdelavo diaprojekcije; za analizo besedil za samodejno izdelavo kazala vsebine; za izdelavo opomb, tj. dodajanje osebnih opomb o predhodnem delu; za prikaz tematskih zemljevidov (na primer vsa najdi\u0161\u010da iz bronaste dobe v regiji) in drugo.<\/span><span data-ccp-props=\"{&quot;335551550&quot;:6,&quot;335551620&quot;:6}\">\u00a0<\/span><\/p>\n<p style=\"text-align: justify;\"><span data-contrast=\"auto\">To bo raziskovalcem omogo\u010dilo, da najdejo informacije, ki jih i\u0161\u010dejo, in da jih tudi dopolnijo, zdru\u017eijo razli\u010dne vire glede na namen raziskave in tako pridobijo nove rezultate raziskave.<\/span><span data-ccp-props=\"{&quot;335551550&quot;:6,&quot;335551620&quot;:6}\">\u00a0<\/span><\/p>\n<p style=\"text-align: justify;\"><b><span data-contrast=\"auto\">Zakaj je projekt ARIADNEplus pomemben za dr\u017eavljane?<\/span><\/b><span data-ccp-props=\"{&quot;335551550&quot;:6,&quot;335551620&quot;:6}\">\u00a0<\/span><\/p>\n<p style=\"text-align: justify;\"><span data-contrast=\"auto\">Dr\u017eavljanom dejavnost ARIADNEplus prina\u0161a pomembne posredne prednosti: u\u010dinkovitej\u0161e arheolo\u0161ke raziskave in ponovno uporabo rezultatov preteklega raziskovalnega dela v novih raziskavah. Poleg tega prepre\u010duje podvajanje dela in prina\u0161a prihranke. ARIADNEplus spodbuja vnovi\u010dno uporabo podatkov: ve\u010dina izvedenih raziskav se je financirala iz javnih sredstev, zato so lastniki rezultatov davkopla\u010devalci, ki so zanje pla\u010dali, in jih je treba deliti z drugimi raziskovalci.<\/span><span data-ccp-props=\"{&quot;335551550&quot;:6,&quot;335551620&quot;:6}\">\u00a0<\/span><\/p>\n<p style=\"text-align: justify;\"><span data-contrast=\"auto\">\u010ceprav je bilo za vzpostavitev projekta ARIADNEplus potrebnih veliko sredstev (ki jih je zagotovila EU, zavedajo\u010d se njegovega pomena), bo njegovo vzdr\u017eevanje v prihodnosti razmeroma poceni, stro\u0161ki pa se bodo porazdelili med vse sodelujo\u010de.<\/span><span data-contrast=\"auto\">\u00a0<\/span><span data-ccp-props=\"{&quot;335551550&quot;:6,&quot;335551620&quot;:6}\">\u00a0<\/span><\/p>\n<p style=\"text-align: justify;\"><span data-contrast=\"auto\">Projekt ARIADNEplus pa ni uporaben samo za raziskave, temve\u010d ima lahko pomembno vlogo tudi pri upravljanju in ohranjanju arheolo\u0161ke dedi\u0161\u010dine, saj podpira<\/span><span data-contrast=\"auto\"> ustanove<\/span><span data-contrast=\"auto\">, ki so zanjo odgovorne. Kulturna dedi\u0161\u010dina je klju\u010den dejavnik identitete in tudi gospodarski vir, saj je pomembna za kulturni turizem, ki predstavlja 40\u202f% vsega turizma.<\/span><span data-ccp-props=\"{&quot;335551550&quot;:6,&quot;335551620&quot;:6}\">\u00a0<\/span><\/p>\n<p style=\"text-align: justify;\"><span data-contrast=\"auto\">Sistem ARIADNEplus lahko uporabljajo vsi, ki jih zanimata zgodovina in arheologija: \u010deprav je namenjen za strokovno rabo, je dostopen vsakomur, uporabniku prijazen vmesnik pa zagotavlja preprosto uporabo, na primer za poizvedbo o tem, kaj se je v preteklosti zgodilo v va\u0161i lokalni skupnosti.<\/span><span data-ccp-props=\"{&quot;335551550&quot;:6,&quot;335551620&quot;:6}\">\u00a0<\/span><\/p>\n","protected":false},"excerpt":{"rendered":"<p>Zakaj arheologija potrebuje ARIADNE?\u00a0 Arheologi med raziskovanjem prou\u010dijo zelo veliko predmetov, od katerih so nekatere odkrili \u017ee drugi ter se hranijo v muzejih in arhivih, mnogi pa so nove najdbe, odkrite med izkopavanjem. \u00bbZakladi\u00ab, ki jih odkrijejo arheologi, imajo ponavadi majhno denarno vrednost ali sploh nobene \u2013 z nekaj pomembnimi izjemami. Njihova vrednost je v &hellip; <\/p>\n<p class=\"link-more\"><a href=\"https:\/\/whatis.ariadne-infrastructure.eu\/sl\/drzavljani\/\" class=\"more-link\">Continue reading<span class=\"screen-reader-text\"> &#8220;DR\u017dAVLJANI&#8221;<\/span><\/a><\/p>\n","protected":false},"author":2,"featured_media":0,"parent":0,"menu_order":0,"comment_status":"closed","ping_status":"closed","template":"","meta":[],"_links":{"self":[{"href":"https:\/\/whatis.ariadne-infrastructure.eu\/sl\/wp-json\/wp\/v2\/pages\/21"}],"collection":[{"href":"https:\/\/whatis.ariadne-infrastructure.eu\/sl\/wp-json\/wp\/v2\/pages"}],"about":[{"href":"https:\/\/whatis.ariadne-infrastructure.eu\/sl\/wp-json\/wp\/v2\/types\/page"}],"author":[{"embeddable":true,"href":"https:\/\/whatis.ariadne-infrastructure.eu\/sl\/wp-json\/wp\/v2\/users\/2"}],"replies":[{"embeddable":true,"href":"https:\/\/whatis.ariadne-infrastructure.eu\/sl\/wp-json\/wp\/v2\/comments?post=21"}],"version-history":[{"count":1,"href":"https:\/\/whatis.ariadne-infrastructure.eu\/sl\/wp-json\/wp\/v2\/pages\/21\/revisions"}],"predecessor-version":[{"id":22,"href":"https:\/\/whatis.ariadne-infrastructure.eu\/sl\/wp-json\/wp\/v2\/pages\/21\/revisions\/22"}],"wp:attachment":[{"href":"https:\/\/whatis.ariadne-infrastructure.eu\/sl\/wp-json\/wp\/v2\/media?parent=21"}],"curies":[{"name":"wp","href":"https:\/\/api.w.org\/{rel}","templated":true}]}}