{"id":19,"date":"2019-06-27T07:24:42","date_gmt":"2019-06-27T07:24:42","guid":{"rendered":"http:\/\/whatis.ariadne-infrastructure.eu\/sl\/?page_id=19"},"modified":"2019-06-27T08:53:01","modified_gmt":"2019-06-27T08:53:01","slug":"ariadneplus","status":"publish","type":"page","link":"https:\/\/whatis.ariadne-infrastructure.eu\/sl\/","title":{"rendered":"ARIADNEplus"},"content":{"rendered":"<p style=\"text-align: justify;\"><span data-contrast=\"auto\">ARIADNEplus je nadaljevanje raziskovalnega arheolo\u0161kega projekta ARIADNE, ki ga financira Evropska komisija in je potekal od leta 2013 do leta 2017. Cilj projekta ARIADNE je povezati evropske arheolo\u0161ke repozitorije. V sklopu projekta je bil vzpostavljen katalog <\/span><span data-contrast=\"auto\">podatkov z mo\u017enostjo iskanja tudi med neobjavljenimi poro\u010dili, slikami, zemljevidi, podatkovnimi zbirkami in drugimi vrstami arheolo\u0161kih informacij, ki so na voljo na spletu.<\/span><span data-ccp-props=\"{&quot;335551550&quot;:6,&quot;335551620&quot;:6}\">\u00a0<\/span><\/p>\n<p style=\"text-align: justify;\"><span data-contrast=\"auto\">Projekt se je izkazal za tako uspe\u0161nega, da je spet prejel sredstva in se bo nadaljeval do leta 2022 (upamo, da \u0161e dlje) pod imenom ARIADNEplus, ki ponazarja, da gre za nadaljevanje, hkrati pa za izbolj\u0161anje prej\u0161njega projekta ob enakem metodolo\u0161kem pristopu.<\/span><span data-ccp-props=\"{&quot;335551550&quot;:6,&quot;335551620&quot;:6}\">\u00a0<\/span><\/p>\n<p style=\"text-align: justify;\"><span data-contrast=\"auto\">Ime projekta je v angle\u0161kem jeziku kratica, ki opisuje njegov namen, vendar je bil projekt ARIADNE poimenovan tudi po mitolo\u0161ki princesi Krete, ki je junaku Tezeju pomagala pobegniti iz tako zapletenega labirinta, da je bilo najti izhod iz njega za \u010dloveka izjemno te\u017eka, morda celo nemogo\u010da naloga: podarila mu je klob\u010di\u010d niti (Ariadnina nit), ki jo je Tezej med prodiranjem v labirint odvijal in ji sledil ob vrnitvi iz njega. Na\u0161 projekt ARIADNE bo sodobnim raziskovalcem pomagal najti pot skozi prav tako zahteven blodnjak.<\/span><span data-ccp-props=\"{&quot;335551550&quot;:6,&quot;335551620&quot;:6}\">\u00a0<\/span><\/p>\n<p style=\"text-align: justify;\"><span data-contrast=\"auto\">\u010ce bi radi izvedeli ve\u010d o projektu ARIADNEplus, izberite<\/span><span data-contrast=\"auto\"> mo\u017enost<\/span><span data-contrast=\"auto\">, ki je najbli\u017eje va\u0161im interesom.<\/span><span data-ccp-props=\"{&quot;335551550&quot;:6,&quot;335551620&quot;:6}\">\u00a0<\/span><\/p>\n<p style=\"text-align: justify;\"><a href=\"http:\/\/whatis.ariadne-infrastructure.eu\/sl\/raziskovalci\/\"><span data-contrast=\"none\">RAZISKOVALCI<\/span><\/a><span data-contrast=\"auto\"> \u2013 <\/span><a href=\"http:\/\/whatis.ariadne-infrastructure.eu\/sl\/upravljavci-dediscine-in-strokovni-delavci-na-podrocju-dediscine\/\"><span data-contrast=\"none\">UPRAVLJAVCI DEDI\u0160\u010cINE IN STROKOVNI DELAVCI NA PODRO\u010cJU DEDI\u0160\u010cINE<\/span><\/a><span data-contrast=\"auto\"> \u2013 <\/span><a href=\"http:\/\/whatis.ariadne-infrastructure.eu\/sl\/drzavljani\/\"><span data-contrast=\"none\">DR\u017dAVLJAN<\/span><span data-contrast=\"none\">I<\/span><\/a><span data-ccp-props=\"{&quot;335551550&quot;:2,&quot;335551620&quot;:2}\">\u00a0<\/span><\/p>\n<p style=\"text-align: justify;\"><b><span data-contrast=\"auto\">Stopite v stik z nami<\/span><\/b><span data-ccp-props=\"{&quot;335551550&quot;:6,&quot;335551620&quot;:6}\">\u00a0<\/span><\/p>\n<p style=\"text-align: justify;\"><span data-contrast=\"auto\">ARIADNEplus \u017eeli stopiti v stik z morebitnimi uporabniki in vsemi zainteresiranimi strankami, da bi se njihove potrebe in zahteve v okviru projekta upo\u0161tevale, kadar\u202fkoli je mogo\u010de.\u00a0<\/span><span data-ccp-props=\"{&quot;335551550&quot;:6,&quot;335551620&quot;:6}\">\u00a0<\/span><\/p>\n<p style=\"text-align: justify;\"><span data-contrast=\"auto\">Na spleti\u0161\u010du projekta je na voljo ve\u010d informacij in <\/span><span data-contrast=\"auto\">kontaktni obrazec<\/span><span data-contrast=\"auto\"> (samo v angle\u0161kem jeziku):<\/span><span data-ccp-props=\"{&quot;335551550&quot;:6,&quot;335551620&quot;:6}\">\u00a0<\/span><\/p>\n<p style=\"text-align: justify;\"><a href=\"http:\/\/www.ariadne-infrastructure.eu\" target=\"_blank\" rel=\"noopener noreferrer\"><span data-contrast=\"none\">www.ariadne-infrastructure.eu<\/span><\/a><span data-ccp-props=\"{&quot;335551550&quot;:6,&quot;335551620&quot;:6}\">\u00a0<\/span><\/p>\n<p style=\"text-align: justify;\"><span data-contrast=\"auto\">Na na\u0161em spleti\u0161\u010du in ra\u010dunih v dru\u017ebenih medijih so na voljo zadnje novice (v angle\u0161kem jeziku).<\/span><span data-ccp-props=\"{&quot;335551550&quot;:6,&quot;335551620&quot;:6}\">\u00a0<\/span><\/p>\n<p style=\"text-align: justify;\"><a href=\"https:\/\/twitter.com\/ARIADNEplus\" target=\"_blank\" rel=\"noopener noreferrer\"><span data-contrast=\"none\">twitter @ARIADNEplus<\/span><\/a><span data-ccp-props=\"{&quot;335551550&quot;:6,&quot;335551620&quot;:6}\">\u00a0<\/span><\/p>\n","protected":false},"excerpt":{"rendered":"<p>ARIADNEplus je nadaljevanje raziskovalnega arheolo\u0161kega projekta ARIADNE, ki ga financira Evropska komisija in je potekal od leta 2013 do leta 2017. Cilj projekta ARIADNE je povezati evropske arheolo\u0161ke repozitorije. V sklopu projekta je bil vzpostavljen katalog podatkov z mo\u017enostjo iskanja tudi med neobjavljenimi poro\u010dili, slikami, zemljevidi, podatkovnimi zbirkami in drugimi vrstami arheolo\u0161kih informacij, ki so &hellip; <\/p>\n<p class=\"link-more\"><a href=\"https:\/\/whatis.ariadne-infrastructure.eu\/sl\/\" class=\"more-link\">Continue reading<span class=\"screen-reader-text\"> &#8220;ARIADNEplus&#8221;<\/span><\/a><\/p>\n","protected":false},"author":2,"featured_media":0,"parent":0,"menu_order":0,"comment_status":"closed","ping_status":"closed","template":"","meta":[],"_links":{"self":[{"href":"https:\/\/whatis.ariadne-infrastructure.eu\/sl\/wp-json\/wp\/v2\/pages\/19"}],"collection":[{"href":"https:\/\/whatis.ariadne-infrastructure.eu\/sl\/wp-json\/wp\/v2\/pages"}],"about":[{"href":"https:\/\/whatis.ariadne-infrastructure.eu\/sl\/wp-json\/wp\/v2\/types\/page"}],"author":[{"embeddable":true,"href":"https:\/\/whatis.ariadne-infrastructure.eu\/sl\/wp-json\/wp\/v2\/users\/2"}],"replies":[{"embeddable":true,"href":"https:\/\/whatis.ariadne-infrastructure.eu\/sl\/wp-json\/wp\/v2\/comments?post=19"}],"version-history":[{"count":4,"href":"https:\/\/whatis.ariadne-infrastructure.eu\/sl\/wp-json\/wp\/v2\/pages\/19\/revisions"}],"predecessor-version":[{"id":36,"href":"https:\/\/whatis.ariadne-infrastructure.eu\/sl\/wp-json\/wp\/v2\/pages\/19\/revisions\/36"}],"wp:attachment":[{"href":"https:\/\/whatis.ariadne-infrastructure.eu\/sl\/wp-json\/wp\/v2\/media?parent=19"}],"curies":[{"name":"wp","href":"https:\/\/api.w.org\/{rel}","templated":true}]}}