{"id":2,"date":"2019-07-13T14:41:47","date_gmt":"2019-07-13T14:41:47","guid":{"rendered":"http:\/\/whatis.ariadne-infrastructure.eu\/pt\/?page_id=2"},"modified":"2019-07-15T07:17:36","modified_gmt":"2019-07-15T07:17:36","slug":"sample-page","status":"publish","type":"page","link":"https:\/\/whatis.ariadne-infrastructure.eu\/pt\/","title":{"rendered":"ARIADNEplus"},"content":{"rendered":"\r\n<p style=\"text-align: justify;\">O ARIADNEplus \u00e9 a continua\u00e7\u00e3o do ARIADNE, um projeto de investiga\u00e7\u00e3o em arqueologia financiado pela Comiss\u00e3o Europeia, que teve in\u00edcio em 2013 e durou at\u00e9 2017. O ARIADNE visou a integra\u00e7\u00e3o dos reposit\u00f3rios arqueol\u00f3gicos europeus, criando um cat\u00e1logo pesquis\u00e1vel de conjuntos de dados, acess\u00edveis on-line, incluindo relat\u00f3rios n\u00e3o publicados, imagens, mapas, bases de dados e outros tipos de informa\u00e7\u00e3o arqueol\u00f3gica.<\/p>\r\n<p style=\"text-align: justify;\">O projeto provou ser t\u00e3o bem sucedido que foi novamente financiado at\u00e9 2022 (esperando-se que se mantenha por um per\u00edodo ainda mais alargado), atrav\u00e9s do atualmente designado ARIADNEplus para sublinhar a continuidade, mas melhoria, do projeto anterior mantendo a mesma abordagem metodol\u00f3gica.<\/p>\r\n<p style=\"text-align: justify;\">Al\u00e9m de formar em ingl\u00eas um acr\u00f3nimo atraente que traduz o seu prop\u00f3sito, ARIADNE tem o nome da mitol\u00f3gica princesa de Creta que ajudou o her\u00f3i Teseu a sair do Labirinto, um edif\u00edcio t\u00e3o complexo que seria muito dif\u00edcil de encontrar a sa\u00edda, talvez imposs\u00edvel para qualquer humano: ela deu-lhe um fio (fio de Ariadne) que ele desenrolou progressivamente para manter o rastro de seu percurso e conduzir a sua sa\u00edda do Labirinto. O ARIADNE ajudar\u00e1 os investigadores modernos a encontrar o seu caminho atrav\u00e9s de um labirinto n\u00e3o menos dif\u00edcil.<\/p>\r\n<p style=\"text-align: justify;\">Para descobrir mais sobre o ARIADNEplus, escolha a op\u00e7\u00e3o que melhor represente o seu principal interesse.<\/p>\r\n<p style=\"text-align: justify;\"><a href=\"http:\/\/whatis.ariadne-infrastructure.eu\/pt\/investigadores\/\">INVESTIGADORES<\/a> \u2013 <a href=\"http:\/\/whatis.ariadne-infrastructure.eu\/pt\/gestores-e-profissionais-do-patrimonio\/\">GESTORES DE PATRIM\u00d3NIO<\/a> &#8211; <a href=\"http:\/\/whatis.ariadne-infrastructure.eu\/pt\/cidadaos\/\">CIDAD\u00c3OS<\/a><\/p>\r\n<p style=\"text-align: justify;\"><strong>Contacte-nos<\/strong><\/p>\r\n<p style=\"text-align: justify;\">O ARIADNEPlus tem interesse em contatar potenciais utilizadores e qualquer interessado, atendendo sempre que poss\u00edvel \u00e0s suas necessidades e solicita\u00e7\u00f5es no projeto.<\/p>\r\n<p style=\"text-align: justify;\">Mais informa\u00e7\u00f5es e um formul\u00e1rio de contacto est\u00e3o dispon\u00edveis no s\u00edtio do projeto (somente em ingl\u00eas):\u00a0<a href=\"http:\/\/www.ariadne-infrastructure.eu\" target=\"_blank\" rel=\"noopener noreferrer\">www.ariadne-infrastructure.eu<\/a><\/p>\r\n<p style=\"text-align: justify;\">Not\u00edcias atualizadas est\u00e3o dispon\u00edveis no s\u00edtio e contas sociais do projeto (em ingl\u00eas):\u00a0<a href=\"https:\/\/twitter.com\/ARIADNEplus\" target=\"_blank\" rel=\"noopener noreferrer\">twitter @ARIADNEplus<\/a><\/p>\r\n","protected":false},"excerpt":{"rendered":"<p>O ARIADNEplus \u00e9 a continua\u00e7\u00e3o do ARIADNE, um projeto de investiga\u00e7\u00e3o em arqueologia financiado pela Comiss\u00e3o Europeia, que teve in\u00edcio em 2013 e durou at\u00e9 2017. O ARIADNE visou a integra\u00e7\u00e3o dos reposit\u00f3rios arqueol\u00f3gicos europeus, criando um cat\u00e1logo pesquis\u00e1vel de conjuntos de dados, acess\u00edveis on-line, incluindo relat\u00f3rios n\u00e3o publicados, imagens, mapas, bases de dados e &hellip; <\/p>\n<p class=\"link-more\"><a href=\"https:\/\/whatis.ariadne-infrastructure.eu\/pt\/\" class=\"more-link\">Continue reading<span class=\"screen-reader-text\"> &#8220;ARIADNEplus&#8221;<\/span><\/a><\/p>\n","protected":false},"author":1,"featured_media":0,"parent":0,"menu_order":0,"comment_status":"closed","ping_status":"open","template":"","meta":[],"_links":{"self":[{"href":"https:\/\/whatis.ariadne-infrastructure.eu\/pt\/wp-json\/wp\/v2\/pages\/2"}],"collection":[{"href":"https:\/\/whatis.ariadne-infrastructure.eu\/pt\/wp-json\/wp\/v2\/pages"}],"about":[{"href":"https:\/\/whatis.ariadne-infrastructure.eu\/pt\/wp-json\/wp\/v2\/types\/page"}],"author":[{"embeddable":true,"href":"https:\/\/whatis.ariadne-infrastructure.eu\/pt\/wp-json\/wp\/v2\/users\/1"}],"replies":[{"embeddable":true,"href":"https:\/\/whatis.ariadne-infrastructure.eu\/pt\/wp-json\/wp\/v2\/comments?post=2"}],"version-history":[{"count":4,"href":"https:\/\/whatis.ariadne-infrastructure.eu\/pt\/wp-json\/wp\/v2\/pages\/2\/revisions"}],"predecessor-version":[{"id":25,"href":"https:\/\/whatis.ariadne-infrastructure.eu\/pt\/wp-json\/wp\/v2\/pages\/2\/revisions\/25"}],"wp:attachment":[{"href":"https:\/\/whatis.ariadne-infrastructure.eu\/pt\/wp-json\/wp\/v2\/media?parent=2"}],"curies":[{"name":"wp","href":"https:\/\/api.w.org\/{rel}","templated":true}]}}