{"id":17,"date":"2019-07-15T07:11:42","date_gmt":"2019-07-15T07:11:42","guid":{"rendered":"http:\/\/whatis.ariadne-infrastructure.eu\/pt\/?page_id=17"},"modified":"2020-06-05T17:27:59","modified_gmt":"2020-06-05T17:27:59","slug":"gestores-e-profissionais-do-patrimonio","status":"publish","type":"page","link":"https:\/\/whatis.ariadne-infrastructure.eu\/pt\/gestores-e-profissionais-do-patrimonio\/","title":{"rendered":"GESTORES E PROFISSIONAIS DO PATRIM\u00d3NIO"},"content":{"rendered":"<p style=\"text-align: justify;\"><strong>Como funciona o ARIADNEplus<\/strong><\/p>\n<p style=\"text-align: justify;\">O cat\u00e1logo ARIADNEplus \u00e9 pesquis\u00e1vel pelos termos \u201c<em>quando<\/em>\u201d (tempo), \u201c<em>onde<\/em>\u201d (espa\u00e7o), \u201c<em>o qu\u00ea<\/em>\u201d (objeto de interesse), e por palavras-chave de vocabul\u00e1rios. A pesquisa fornece uma lista de conjuntos de dados que correspondem aos crit\u00e9rios de sele\u00e7\u00e3o, integrando informa\u00e7\u00f5es resumidas sobre o respetivo conte\u00fado e hiperliga\u00e7\u00e3o aos dados originais, os quais podem ser acedidos pelo utilizador de acordo com as regras estabelecidas pelo detentor do conte\u00fado. O projeto n\u00e3o agrega nem move dados, mas apenas os metadados dos conjuntos de dados, que s\u00e3o mantidos e controlados pelos seus titulares. Atualmente, est\u00e3o inventariados cerca de dois milh\u00f5es de conjuntos de dados, correspondendo a uma enorme quantidade de informa\u00e7\u00e3o, pois cada conjunto de dados pode incluir, por exemplo, um relat\u00f3rio com imagens e desenhos, ou ser uma base de dados com milhares de registos. Os tipos de conte\u00fado variam de achados \u00fanicos a invent\u00e1rios de monumentos e s\u00edtios, e desde relat\u00f3rios de uma interven\u00e7\u00e3o at\u00e9 aos resultados de uma miss\u00e3o arqueol\u00f3gica de longo prazo.<\/p>\n<p style=\"text-align: justify;\">O acesso ao cat\u00e1logo \u00e9 gratuito.<\/p>\n<p style=\"text-align: justify;\">O ARIADNEplus amplia o ARIADNE nas coberturas geogr\u00e1fica e temporal e na gama de temas abordados, incorporando atualmente informa\u00e7\u00f5es adicionais sobre an\u00e1lises cient\u00edficas e fornecendo tamb\u00e9m servi\u00e7os para processar e reutilizar ainda mais os dados. O ARIADNEplus foi financiado para apoiar os investigadores, mas ser\u00e1 importante e \u00fatil para ag\u00eancias e entidades gestoras do patrim\u00f3nio.<\/p>\n<p style=\"text-align: justify;\"><strong>O cons\u00f3rcio ARIADNEplus<\/strong><\/p>\n<p style=\"text-align: justify;\">Os 41 parceiros do ARIADNEplus s\u00e3o provenientes de 23 pa\u00edses europeus e mais 4 parceiros internacionais.<\/p>\n<p style=\"text-align: justify;\">Veja aqui quais os parceiros do seu pa\u00eds.<\/p>\n<p style=\"text-align: justify;\"><strong>Pol\u00edticas e estrat\u00e9gias<\/strong><\/p>\n<p style=\"text-align: justify;\"><strong>\u00a0<\/strong>O plano de trabalhos do ARIADNEplus inclui um conjunto de atividades que visam documentar e propor pol\u00edticas e estrat\u00e9gias relevantes para o arquivo de dados, tais como a aplica\u00e7\u00e3o dos princ\u00edpios <em>FAIR<\/em>e a certifica\u00e7\u00e3o de reposit\u00f3rios. Tamb\u00e9m abordar\u00e1 algumas quest\u00f5es fundamentais como, por exemplo, o desenvolvimento de recomenda\u00e7\u00f5es para a cria\u00e7\u00e3o, gest\u00e3o e sustentabilidade de reposit\u00f3rios arqueol\u00f3gicos. Entre outros, o ARIADNEplus ir\u00e1 divulgar um modelo de Plano de Gest\u00e3o de Dados (DMP) adaptado \u00e0s necessidades da pesquisa arqueol\u00f3gica e em conformidade com os padr\u00f5es e requisitos da UE. A integra\u00e7\u00e3o de um DMP dever\u00e1 ser obrigat\u00f3ria para a investiga\u00e7\u00e3o financiada, generalizando uma pr\u00e1tica que j\u00e1 se verifica em v\u00e1rios pa\u00edses da Europa.<\/p>\n<p style=\"text-align: justify;\">A n\u00edvel europeu verifica-se uma crise nos reposit\u00f3rios f\u00edsicos e h\u00e1 uma urgente necessidade de recomenda\u00e7\u00f5es para esse arquivos, mas \u00e9 igualmente importante que os arquivos digitais sejam abrangidos. Tais documentos podem ser de particular interesse para os gestores de patrim\u00f3nio e respetivas institui\u00e7\u00f5es. Al\u00e9m disso, a atividade em pol\u00edticas e estrat\u00e9gias inclui forma\u00e7\u00e3o para utilizadores, investigadores e gestores. Para facilitar a presta\u00e7\u00e3o de servi\u00e7os \u00e0s diferentes comunidades visadas por estas atividades, prev\u00ea-se que o material de apoio, inicialmente preparado em ingl\u00eas, seja traduzido em v\u00e1rias l\u00ednguas da UE. Este tamb\u00e9m dever\u00e1 considerar as regulamenta\u00e7\u00f5es locais e as diferentes necessidades.<\/p>\n<p style=\"text-align: justify;\">Em geral, a gama das atividades em pol\u00edticas e estrat\u00e9gias do ARIADNEplus n\u00e3o se restringe \u00e0 investiga\u00e7\u00e3o: se houver um interesse espec\u00edfico, estas podem incluir assuntos de outras esferas de atividade, tais como dados para a gest\u00e3o e conserva\u00e7\u00e3o do patrim\u00f3nio.<\/p>\n<p style=\"text-align: justify;\"><strong>Rede e forma\u00e7\u00e3o<\/strong><\/p>\n<p style=\"text-align: justify;\">A consolida\u00e7\u00e3o de uma comunidade inclusiva, ativa e informada \u00e9 um dos objetivos do projeto ARIADNEplus, que prev\u00ea um grande n\u00famero de iniciativas, tais como workshops, sess\u00f5es em eventos, reuni\u00f5es e canais de comunica\u00e7\u00e3o dedicados. Ser\u00e1 dada especial aten\u00e7\u00e3o \u00e0s regi\u00f5es ou pa\u00edses onde a cria\u00e7\u00e3o, o processamento e a gest\u00e3o de conjuntos de dados arqueol\u00f3gicos poder\u00e3o, em compara\u00e7\u00e3o com outros, estar menos avan\u00e7ados: j\u00e1 foi criado um grupo de trabalho na Europa Central e do Sul. Uma abordagem semelhante ter\u00e1 como alvos grupos definidos de acordo com suas necessidades espec\u00edficas como, por exemplo, museus e s\u00edtios arqueol\u00f3gicos; o mesmo se dever\u00e1 aplicar a diferentes fun\u00e7\u00f5es no patrim\u00f3nio cultural e na arqueologia, tais como gestores, curadores de museus, investigadores, professores, entre outros.<\/p>\n<p style=\"text-align: justify;\">Muitas das atividades de rede incluem um componente de forma\u00e7\u00e3o substancial, integrando material de forma\u00e7\u00e3o para participa\u00e7\u00e3o direta (por exemplo, documenta\u00e7\u00e3o e recomenda\u00e7\u00f5es) e remota (por exemplo, semin\u00e1rios online).<\/p>\n<p style=\"text-align: justify;\">O plano de forma\u00e7\u00e3o do ARIADNEplus tamb\u00e9m prev\u00ea atividades de forma\u00e7\u00e3o espec\u00edficas. Estas incluem tutoriais e workshops, bem como a\u00e7\u00f5es de transfer\u00eancia de conhecimento em projetos individuais, nos quais uma pequena equipa \u00e9 diretamente apoiada por especialistas do ARIADNEplus.<\/p>\n<p style=\"text-align: justify;\">Todas as atividades de forma\u00e7\u00e3o n\u00e3o t\u00eam custo para os participantes; a maioria destas faculta apoio para viagens e subsist\u00eancia. A documenta\u00e7\u00e3o da forma\u00e7\u00e3o est\u00e1 geraalmente em ingl\u00eas, mas as tradu\u00e7\u00f5es poder\u00e3o ser facultadas perante suficiente solicita\u00e7\u00e3o.<\/p>\n<p style=\"text-align: justify;\"><strong>Tecnologia<\/strong><\/p>\n<p style=\"text-align: justify;\">Embora a maior parte da tecnologia empregue no ARIADNEplus seja referente aos objetivos de integra\u00e7\u00e3o dos dados do projeto, incluindo a cria\u00e7\u00e3o do cat\u00e1logo pesquis\u00e1vel e o desenvolvimento de uma abordagem <em>Linked Open Data<\/em>, os servi\u00e7os de dados disponibilizados ter\u00e3o um papel relevante. Estes incluem ferramentas para an\u00e1lise de dados (por exemplo, para pesquisa de dados e Processamento de Linguagem Natural) e para s\u00edntese de dados (por exemplo, visualiza\u00e7\u00e3o de imagens e 3D, localiza\u00e7\u00e3o de dados num mapa ou no tempo, navega\u00e7\u00e3o de dados usando dados ligados, entre outros). O ARIADNEplus usa vocabul\u00e1rios multil\u00edngues para permitir pesquisas com termos em v\u00e1rios idiomas, bem como a pesquisa de documentos escritos em diferentes idiomas.<\/p>\n<p style=\"text-align: justify;\">Tamb\u00e9m se desenvolver\u00e3o aplica\u00e7\u00f5es piloto para demonstrar a utilidade do servi\u00e7o. Outros cen\u00e1rios de investiga\u00e7\u00e3o n\u00e3o inclu\u00eddos no portf\u00f3lio do ARIADNEplus podem vir a ser ponderados para inclus\u00e3o e, em qualquer caso, a assist\u00eancia est\u00e1 assegurada por equipas especialistas do cons\u00f3rcio ARIADNEplus, que inclui o melhor da investiga\u00e7\u00e3o europeia em arqueologia digital.<\/p>\n<p style=\"text-align: justify;\">Visite nosso s\u00edtio (<a href=\"http:\/\/www.ariadne-infrastructure.eu\" target=\"_blank\" rel=\"noopener noreferrer\">www.ariadne-infrastructure.eu<\/a>) e use o portal (<a href=\"https:\/\/ariadne-infrastructure.eu\/portal\/\" target=\"_blank\" rel=\"noopener noreferrer\">www.ariadne-infrastructure.eu\/portal\/<\/a>) para obter informa\u00e7\u00f5es mais detalhadas (em ingl\u00eas) sobre os servi\u00e7os de processamento de dados oferecidos.<\/p>\n<p style=\"text-align: justify;\"><strong>Por que o ARIADNEPlus \u00e9 importante para os gestores e profissionais do patrim\u00f3nio?<\/strong><\/p>\n<p style=\"text-align: justify;\">Provision of metadata to the catalogue is free and most welcome, and assistance is available at no cost. Thus the support of ARIADNEplus may help in better pursuing each institution\u2019s own mission and in improving the quality the services they offer. Feel free to contact ARIADNEplus via your local ARIADNEplus partner or via the project central offices to receive a personalized answer to your needs.<\/p>\n<p style=\"text-align: justify;\">Os profissionais do patrim\u00f3nio podem usar o cat\u00e1logo do ARIADNEplus para melhorar sua compreens\u00e3o do patrim\u00f3nio de que s\u00e3o respons\u00e1veis, tanto explorando a investiga\u00e7\u00e3o relativa a esse patrim\u00f3nio, como adquirindo informa\u00e7\u00f5es sobre casos similares estudados noutros lugares. O ARIADNEplus tamb\u00e9m pode prestar apoio \u00e0 transfer\u00eancia de conhecimento sobre a gest\u00e3o de dados arqueol\u00f3gicos de acordo com as suas recomenda\u00e7\u00f5es, apoio na ado\u00e7\u00e3o de pol\u00edticas e forma\u00e7\u00e3o. A assist\u00eancia individual \u00e0s institui\u00e7\u00f5es tamb\u00e9m est\u00e1 dispon\u00edvel para que estas possam criar um reposit\u00f3rio da sua documenta\u00e7\u00e3o digital ou melhorar a respetiva qualidade e efic\u00e1cia. O fornecimento de metadados para o cat\u00e1logo \u00e9 gratuito e muito bem-vindo, estando a assist\u00eancia necess\u00e1ria dispon\u00edvel gratuitamente. Assim, a miss\u00e3o de cada institui\u00e7\u00e3o e a qualidade dos servi\u00e7os que oferece podem beneficiar do apoio do ARIADNEplus. Sinta-se \u00e0 vontade para entrar em contato com o ARIADNEplus atrav\u00e9s do seu parceiro local ARIADNEplus ou atrav\u00e9s dos servi\u00e7os centrais do projeto.<\/p>\n","protected":false},"excerpt":{"rendered":"<p>Como funciona o ARIADNEplus O cat\u00e1logo ARIADNEplus \u00e9 pesquis\u00e1vel pelos termos \u201cquando\u201d (tempo), \u201conde\u201d (espa\u00e7o), \u201co qu\u00ea\u201d (objeto de interesse), e por palavras-chave de vocabul\u00e1rios. A pesquisa fornece uma lista de conjuntos de dados que correspondem aos crit\u00e9rios de sele\u00e7\u00e3o, integrando informa\u00e7\u00f5es resumidas sobre o respetivo conte\u00fado e hiperliga\u00e7\u00e3o aos dados originais, os quais podem &hellip; <\/p>\n<p class=\"link-more\"><a href=\"https:\/\/whatis.ariadne-infrastructure.eu\/pt\/gestores-e-profissionais-do-patrimonio\/\" class=\"more-link\">Continue reading<span class=\"screen-reader-text\"> &#8220;GESTORES E PROFISSIONAIS DO PATRIM\u00d3NIO&#8221;<\/span><\/a><\/p>\n","protected":false},"author":2,"featured_media":0,"parent":0,"menu_order":0,"comment_status":"closed","ping_status":"closed","template":"","meta":[],"_links":{"self":[{"href":"https:\/\/whatis.ariadne-infrastructure.eu\/pt\/wp-json\/wp\/v2\/pages\/17"}],"collection":[{"href":"https:\/\/whatis.ariadne-infrastructure.eu\/pt\/wp-json\/wp\/v2\/pages"}],"about":[{"href":"https:\/\/whatis.ariadne-infrastructure.eu\/pt\/wp-json\/wp\/v2\/types\/page"}],"author":[{"embeddable":true,"href":"https:\/\/whatis.ariadne-infrastructure.eu\/pt\/wp-json\/wp\/v2\/users\/2"}],"replies":[{"embeddable":true,"href":"https:\/\/whatis.ariadne-infrastructure.eu\/pt\/wp-json\/wp\/v2\/comments?post=17"}],"version-history":[{"count":2,"href":"https:\/\/whatis.ariadne-infrastructure.eu\/pt\/wp-json\/wp\/v2\/pages\/17\/revisions"}],"predecessor-version":[{"id":34,"href":"https:\/\/whatis.ariadne-infrastructure.eu\/pt\/wp-json\/wp\/v2\/pages\/17\/revisions\/34"}],"wp:attachment":[{"href":"https:\/\/whatis.ariadne-infrastructure.eu\/pt\/wp-json\/wp\/v2\/media?parent=17"}],"curies":[{"name":"wp","href":"https:\/\/api.w.org\/{rel}","templated":true}]}}