{"id":8,"date":"2019-03-12T10:06:29","date_gmt":"2019-03-12T10:06:29","guid":{"rendered":"http:\/\/whatis.ariadne-infrastructure.eu\/it\/?page_id=8"},"modified":"2020-06-05T17:05:23","modified_gmt":"2020-06-05T17:05:23","slug":"ricercatori","status":"publish","type":"page","link":"https:\/\/whatis.ariadne-infrastructure.eu\/it\/ricercatori\/","title":{"rendered":"Ricercatori"},"content":{"rendered":"<p><strong>Come funziona ARIADNEplus<\/strong><\/p>\n<p>Si possono fare ricerche sul catalogo di ARIADNEplus secondo tre categorie, cio\u00e8 \u201cquando\u201d (tempo), \u201cdove\u201d (spazio), \u201cche cosa\u201d (oggetto) e parole chiave tratte da vocabolari controllati. Il risultato della ricerca \u00e8 una lista dei dataset corrispondenti ai criteri di selezione con informazione sommaria circa il loro contenuto e un link alla fonte, a cui l\u2019utente pu\u00f2 cos\u00ec accedere secondo le regole stabilite dal gestore dei dati. Il progetto non aggrega o muove dati, ma solo i metadati dei dataset, la cui manutenzione e controllo restano affidati ai rispettivi proprietari. Attualmente sono stati catalogati circa due milioni di dataset, che corrispondono ad una grande quantit\u00e0 di informazioni perch\u00e9 ogni dataset pu\u00f2 comprendere, per esempio, un intero report con le relative immagini, disegni, o database completo con migliaia di record individuali. I tipi del contenuto catalogato variano da singoli oggetti a inventari di monumenti e siti e dal rapporto di un singolo intervento ai risultati di una missione archeologica pluriennale.<\/p>\n<p>L\u2019accesso al catalogo \u00e8 libero e gratuito.<\/p>\n<p>ARIADNEplus estende ARIADNE per quanto riguarda la copertura geografica e temporale, e anche per lo spettro degli argomenti, che ad esempio ora comprendono anche informazioni sui risultati di analisi scientifiche. Il progetto render\u00e0 inoltre disponibili dei servizi per rielaborare e riutilizzare tali dati. ARIADNEplus \u00e8 finanziato per supportare i ricercatori, ma noi riteniamo che possa essere importante e utile anche per gli addetti e le istituzioni che gestiscono il patrimonio culturale.<\/p>\n<p><strong>I partner di ARIADNEplus<\/strong><\/p>\n<p>I 41 partner di ARIADNEplus provengono da 23 paesi Europei, oltre a 4 partner internazionali.<br \/>\nControlla quali partner provengono dal tuo paese.<\/p>\n<p><strong>Politiche e strategie<\/strong><\/p>\n<p>Il programma di lavoro di ARIADNEplus comprende anche un gruppo di attivit\u00e0 dedicate alla documentazione e alla proposta di politiche e strategie relative ai dati, ad esempio l\u2019applicazione dei principi FAIR e la certificazione degli archivi digitali. Esse considerano anche aspetti fondamentali quali ad esempio lo sviluppo di linee guida per la creazione, la gestione e la sostenibilit\u00e0 di archivi archeologici. Tra le altre cose, ARIADNEplus distribuir\u00e0 un modello di di gestione dei dati (DMP) su misura per le esigenze della ricerca archeologica e conforme alle norme e ai requisiti dell&#8217;UE. La compilazione di un DMP diventer\u00e0 obbligatoria per tutta la ricerca finanziata, e in diversi paesi in Europa lo \u00e8 gi\u00e0.<\/p>\n<p>In Europa c\u2019\u00e8 una crisi che riguarda gli archivi fisici e una necessit\u00e0 impellente che li riguarda, ma \u00e8 altrettanto importante considerare gli archivi digitali. Questi documenti possono essere di particolare interesse per i gestori del patrimonio culturale e per le loro istituzioni. Inoltre la nostra attivit\u00e0 sulle politiche e le strategie comprende la formazione degli utenti, sia ricercatori che manager. Per facilitare il rapporto con le varie comunit\u00e0 a cui queste attivit\u00e0 si rivolgono, \u00e8 previsto che il materiale di supporto, inizialmente disponibile in inglese, sia tradotto in varie lingue. Tale localizzazione terr\u00e0 anche conto delle normative locali e dei requisiti differenti.<\/p>\n<p>In generale, l\u2019ambito delle attivit\u00e0 di ARIADNEplus sulle politiche e le strategie non \u00e8 circoscritto alla ricerca: se c\u2019\u00e8 un interesse specifico, esse possono comprendere anche argomenti relativi ad altri scopi come quelle che riguardano i dati per la gestione e la conservazione del patrimonio.<\/p>\n<p><strong>Attivit\u00e0 di rete e formazione<\/strong><\/p>\n<p>Consolidare una comunit\u00e0 inclusiva, attiva e informata \u00e8 uno degli obiettivi di ARIADNEplus. Il progetto prevede un gran numero di iniziative come workshop, sessioni ad eventi, incontri e canali dedicati di comunicazione. Particolare attenzione sar\u00e0 dedicata a regioni o paesi dove la creazione, l\u2019elaborazione e la gestione di dataset archeologici \u00e8 meno avanzata rispetto ad altrove: un gruppo di lavoro sull\u2019Europa centro-meridionale \u00e8 gi\u00e0 stato creato per questo scopo. Un simile approccio si rivolger\u00e0 a gruppi definiti secondo requisiti specifici, per esempio musei, siti archeologici e cos\u00ec via; analogamente si terranno in particolare considerazione ruoli diversi nel campo dei beni culturali e dell\u2019archeologia, come i gestori di siti archeologici, i curatori di musei, i ricercatori, gli insegnanti e quanti si dedicano alla comunicazione.<\/p>\n<p>Molte delle attivit\u00e0 di rete includono una componente sostanziale di formazione, predisponendo materiale sia per la partecipazione diretta, ad esempio documentazione e linee guida, sia per la formazione a distanza come i webinar.<\/p>\n<p>Il piano complessivo di formazione di ARIADNEplus comprende anche attivit\u00e0 formative specifiche che comprendono tutorial, workshop formativi e azioni di trasferimento della conoscenza su progetti individuali per i quali un piccolo team \u00e8 assistito direttamente da esperti di ARIADNEplus.<\/p>\n<p>Tutte le attivit\u00e0 di formazione sono gratuite per i partecipanti; la maggior parte di esse prevede inoltre la copertura delle spese di viaggio e di partecipazione. La documentazione \u00e8 normalmente in inglese, ma si possono predisporre traduzioni in altre lingue se vi \u00e8 sufficiente richiesta.<\/p>\n<p><strong>Tecnologia<\/strong><\/p>\n<p>Bench\u00e9 la maggior parte della tecnologia utilizzata in ARIADNEplus riguardi l\u2019obiettivo dell\u2019integrazione dei dati, compresa la creazione del catalogo di ricerca e lo sviluppo di Linked Open Data, un ruolo chiave nel progetto \u00e8 giocato dai servizi per i dati che saranno resi disponibili. Questi includono strumenti per l&#8217;analisi dei dati (ad es. per il data mining e il Natural Language Processing) e per la sintesi dei dati (ad es. visualizzazione di immagini e 3D, individuazione di dati su una mappa o nel tempo, navigazione dei dati mediante Linked Data e cos\u00ec via). ARIADNEplus utilizza vocabolari multilingue per consentire la descrizione delle query con termini in molte lingue e la ricerca di documenti scritti in lingue diverse dall&#8217;inglese.<\/p>\n<p>Svilupperemo anche varie applicazioni pilota, per dimostrare l\u2019uso dei servizi in casi di studio esemplari. Gli scenari di ricerca non inclusi nel portafoglio ARIADNEplus potranno comunque essere presi in considerazione e in ogni caso l&#8217;assistenza sar\u00e0 fornita da team di alto livello del partenariato ARIADNEplus che include il meglio della ricerca europea in archeologia digitale.<\/p>\n<p><a href=\"http:\/\/www.ariadne-infrastructure.eu\" target=\"_blank\" rel=\"noopener noreferrer\">Visitate il nostro sito<\/a>\u00a0e <a href=\"http:\/\/portal.ariadne-infrastructure.eu\" target=\"_blank\" rel=\"noopener noreferrer\">usate il portale<\/a>\u00a0per avere informazioni pi\u00f9 dettagliate (in inglese) riguardo i servizi di data processing offerti.<\/p>\n<p><strong>Perch\u00e9 ARIADNEplus \u00e8 importante per i ricercatori<\/strong><\/p>\n<p>Il catalogo di ARIADNEplus copre un gran numero di archivi archeologici digitali, in pratica la maggior parte di quelli europei. Gli archeologi possono utilizzare il catalogo per integrare il loro lavoro di ricerca con informazioni preziose altrimenti non direttamente disponibili. L&#8217;accesso al catalogo e ai servizi \u00e8 gratuito. Il catalogo e i suoi servizi sono personalizzati in base alle attivit\u00e0 di ricerca, pertanto facilitano la scoperta, l&#8217;accesso e il riutilizzo dei dati.<\/p>\n<p>Le attivit\u00e0 di formazione e trasferimento delle conoscenze sono progettate per supportare le esigenze dei ricercatori nell&#8217;uso della tecnologia dell&#8217;informazione. Nel precedente progetto ARIADNE, diverse centinaia di ricercatori hanno partecipato con successo alla formazione e circa 70 progetti hanno ricevuto assistenza personalizzata sulla gestione dei risultati digitali della loro ricerca archeologica. ARIADNEplus prender\u00e0 in considerazione qualsiasi problema relativo ai dati nel corso di un&#8217;indagine archeologica e fornir\u00e0 consulenza sull&#8217;uso dei servizi ARIADNEplus per risolverlo. Non esitate a contattare ARIADNEplus tramite il vostro partner locale o tramite gli uffici centrali del progetto per ricevere una risposta personalizzata alle vostre esigenze.<\/p>\n","protected":false},"excerpt":{"rendered":"<p>Come funziona ARIADNEplus Si possono fare ricerche sul catalogo di ARIADNEplus secondo tre categorie, cio\u00e8 \u201cquando\u201d (tempo), \u201cdove\u201d (spazio), \u201cche cosa\u201d (oggetto) e parole chiave tratte da vocabolari controllati. Il risultato della ricerca \u00e8 una lista dei dataset corrispondenti ai criteri di selezione con informazione sommaria circa il loro contenuto e un link alla fonte, &hellip; <\/p>\n<p class=\"link-more\"><a href=\"https:\/\/whatis.ariadne-infrastructure.eu\/it\/ricercatori\/\" class=\"more-link\">Leggi tutto<span class=\"screen-reader-text\"> &#8220;Ricercatori&#8221;<\/span><\/a><\/p>\n","protected":false},"author":1,"featured_media":0,"parent":0,"menu_order":0,"comment_status":"closed","ping_status":"closed","template":"","meta":[],"_links":{"self":[{"href":"https:\/\/whatis.ariadne-infrastructure.eu\/it\/wp-json\/wp\/v2\/pages\/8"}],"collection":[{"href":"https:\/\/whatis.ariadne-infrastructure.eu\/it\/wp-json\/wp\/v2\/pages"}],"about":[{"href":"https:\/\/whatis.ariadne-infrastructure.eu\/it\/wp-json\/wp\/v2\/types\/page"}],"author":[{"embeddable":true,"href":"https:\/\/whatis.ariadne-infrastructure.eu\/it\/wp-json\/wp\/v2\/users\/1"}],"replies":[{"embeddable":true,"href":"https:\/\/whatis.ariadne-infrastructure.eu\/it\/wp-json\/wp\/v2\/comments?post=8"}],"version-history":[{"count":3,"href":"https:\/\/whatis.ariadne-infrastructure.eu\/it\/wp-json\/wp\/v2\/pages\/8\/revisions"}],"predecessor-version":[{"id":70,"href":"https:\/\/whatis.ariadne-infrastructure.eu\/it\/wp-json\/wp\/v2\/pages\/8\/revisions\/70"}],"wp:attachment":[{"href":"https:\/\/whatis.ariadne-infrastructure.eu\/it\/wp-json\/wp\/v2\/media?parent=8"}],"curies":[{"name":"wp","href":"https:\/\/api.w.org\/{rel}","templated":true}]}}