{"id":2,"date":"2019-03-12T09:52:40","date_gmt":"2019-03-12T09:52:40","guid":{"rendered":"http:\/\/whatis.ariadne-infrastructure.eu\/it\/?page_id=2"},"modified":"2019-06-26T10:07:55","modified_gmt":"2019-06-26T10:07:55","slug":"sample-page","status":"publish","type":"page","link":"https:\/\/whatis.ariadne-infrastructure.eu\/it\/","title":{"rendered":"ARIADNEplus"},"content":{"rendered":"\r\n<p style=\"text-align: justify;\">ARIADNEplus \u00e8 la continuazione di ARIADNE, un progetto di ricerca in archeologia finanziato dalla Commissione Europea, iniziato nel 2013 e continuato fino al 2017. ARIADNE aveva come scopo l\u2019integrazione degli archivi digitali archeologici Europei. Esso ha creato un catalogo dei \u201cdataset\u201d, cio\u00e8 dei file di dati contenenti rapporti non pubblicati, immagini, mappe, database and altri tipi di informazione archeologica accessibile on line.<\/p>\r\n\r\n\r\n\r\n<p style=\"text-align: justify;\">Il progetto si \u00e8 dimostrato cos\u00ec riuscito che \u00e8 stato rifinanziato e cos\u00ec continuer\u00e0 fino al 2022 (e magari pi\u00f9 a lungo). Ora si chiama ARIADNEplus per sottolinearne la continuit\u00e0 con il precedente, ma migliorandolo, senza cambiarne l\u2019approccio metodologico.<\/p>\r\n\r\n\r\n\r\n<p style=\"text-align: justify;\">Oltre ad essere un grazioso acronimo in inglese che riassume lo scopo del progetto, ARIADNE \u00e8 il nome originale greco della principessa mitologica di Creta conosciuta in italiano come Arianna che aiut\u00f2 l\u2019eroe Teseo a uscire dal Labirinto, una costruzione cos\u00ec complicata che trovarne l\u2019uscita era un compito immane, forse superiore alla capacit\u00e0 di ogni essere umano: Arianna dette a Teseo un gomitolo di filo \u2013 il noto filo di Arianna \u2013 che egli svolse dall\u2019ingresso e poi segu\u00ec per uscire dal Labirinto. La nostra ARIADNE aiuter\u00e0 i ricercatori moderni a trovare la loro strada in un labirinto non meno difficile.<\/p>\r\n\r\n\r\n\r\n<p style=\"text-align: justify;\">Per scoprire di pi\u00f9 su ARIADNEplus, scegli l\u2019approccio che meglio rappresenta il tuo interesse.<\/p>\r\n\r\n\r\n\r\n<p class=\"has-text-color has-vivid-cyan-blue-color\" style=\"text-align: justify;\"><a href=\"http:\/\/whatis.ariadne-infrastructure.eu\/it\/ricercatori\/\">RICERCATORI<\/a> \u2013\u00a0<a href=\"http:\/\/whatis.ariadne-infrastructure.eu\/it\/gestori-del-patrimonio-culturale\/\">GESTORI DEL PATRIMONIO CULTURALE<\/a> \u2013\u00a0<a href=\"http:\/\/whatis.ariadne-infrastructure.eu\/it\/cittadini\/\">CITTADINI<\/a><\/p>\r\n\r\n\r\n\r\n<h3 style=\"text-align: justify;\"><strong>Contattaci<\/strong><\/h3>\r\n\r\n\r\n\r\n<p style=\"text-align: justify;\">ARIADNEplus \u00e8 lieto di entrare in contatto con potenziali suoi utenti e con ogni altro interessato, per risolvere i loro problemi e rispondere alle loro domande per quanto possibile.<\/p>\r\n\r\n\r\n\r\n<p style=\"text-align: justify;\">Ulteriori informazioni\u00a0sono disponibili sul sito del progetto (solo in inglese): <a href=\"http:\/\/www.ariadne-infrastructure.eu\">www.ariadne-infrastructure.eu<\/a><\/p>\r\n\r\n\r\n\r\n<p style=\"text-align: justify;\">Informazioni aggiornate sono disponibili sul nostro sito web e sui nostri social network (solo inglese): <a href=\"https:\/\/twitter.com\/ARIADNEplus\">twitter@ARIADNEplus<\/a><\/p>\r\n\r\n\r\n","protected":false},"excerpt":{"rendered":"<p>ARIADNEplus \u00e8 la continuazione di ARIADNE, un progetto di ricerca in archeologia finanziato dalla Commissione Europea, iniziato nel 2013 e continuato fino al 2017. ARIADNE aveva come scopo l\u2019integrazione degli archivi digitali archeologici Europei. Esso ha creato un catalogo dei \u201cdataset\u201d, cio\u00e8 dei file di dati contenenti rapporti non pubblicati, immagini, mappe, database and altri &hellip; <\/p>\n<p class=\"link-more\"><a href=\"https:\/\/whatis.ariadne-infrastructure.eu\/it\/\" class=\"more-link\">Leggi tutto<span class=\"screen-reader-text\"> &#8220;ARIADNEplus&#8221;<\/span><\/a><\/p>\n","protected":false},"author":1,"featured_media":0,"parent":0,"menu_order":0,"comment_status":"closed","ping_status":"open","template":"","meta":[],"_links":{"self":[{"href":"https:\/\/whatis.ariadne-infrastructure.eu\/it\/wp-json\/wp\/v2\/pages\/2"}],"collection":[{"href":"https:\/\/whatis.ariadne-infrastructure.eu\/it\/wp-json\/wp\/v2\/pages"}],"about":[{"href":"https:\/\/whatis.ariadne-infrastructure.eu\/it\/wp-json\/wp\/v2\/types\/page"}],"author":[{"embeddable":true,"href":"https:\/\/whatis.ariadne-infrastructure.eu\/it\/wp-json\/wp\/v2\/users\/1"}],"replies":[{"embeddable":true,"href":"https:\/\/whatis.ariadne-infrastructure.eu\/it\/wp-json\/wp\/v2\/comments?post=2"}],"version-history":[{"count":11,"href":"https:\/\/whatis.ariadne-infrastructure.eu\/it\/wp-json\/wp\/v2\/pages\/2\/revisions"}],"predecessor-version":[{"id":59,"href":"https:\/\/whatis.ariadne-infrastructure.eu\/it\/wp-json\/wp\/v2\/pages\/2\/revisions\/59"}],"wp:attachment":[{"href":"https:\/\/whatis.ariadne-infrastructure.eu\/it\/wp-json\/wp\/v2\/media?parent=2"}],"curies":[{"name":"wp","href":"https:\/\/api.w.org\/{rel}","templated":true}]}}