{"id":12,"date":"2019-03-12T10:07:09","date_gmt":"2019-03-12T10:07:09","guid":{"rendered":"http:\/\/whatis.ariadne-infrastructure.eu\/it\/?page_id=12"},"modified":"2020-06-05T17:10:14","modified_gmt":"2020-06-05T17:10:14","slug":"gestori-del-patrimonio-culturale","status":"publish","type":"page","link":"https:\/\/whatis.ariadne-infrastructure.eu\/it\/gestori-del-patrimonio-culturale\/","title":{"rendered":"Gestori del patrimonio culturale"},"content":{"rendered":"\r\n<h3><strong>Come funziona ARIADNEplus<\/strong><\/h3>\r\n\r\n\r\n\r\n<p>Si possono fare ricerche sul catalogo di ARIADNEplus secondo tre categorie, cio\u00e8 \u201cquando\u201d (tempo), \u201cdove\u201d (spazio), \u201cche cosa\u201d (oggetto) e parole chiave tratte da vocabolari controllati. Il risultato della ricerca \u00e8 una lista dei dataset corrispondenti ai criteri di selezione con informazione sommaria circa il loro contenuto e un link alla fonte, a cui l\u2019utente pu\u00f2 cos\u00ec accedere secondo le regole stabilite dal gestore dei dati. Il progetto non aggrega o muove dati, ma solo i metadati dei dataset, la cui manutenzione e controllo restano affidati ai rispettivi proprietari. Attualmente sono stati catalogati circa due milioni di dataset, che corrispondono ad una grande quantit\u00e0 di informazioni perch\u00e9 ogni dataset pu\u00f2 comprendere, per esempio, un intero report con le relative immagini, disegni, o database completo con migliaia di record individuali. I tipi del contenuto catalogato variano da singoli oggetti a inventari di monumenti e siti e dal rapporto di un singolo intervento ai risultati di una missione archeologica pluriennale.<\/p>\r\n\r\n\r\n\r\n<p>L&#8217;accesso al catalogo\u00a0\u00a0\u00e8 libero e gratuito.<\/p>\r\n\r\n\r\n\r\n<p>ARIADNEplus estende ARIADNE per quanto riguarda la copertura geografica e temporale, e anche per lo spettro degli argomenti, che ad esempio ora comprendono anche informazioni sui risultati di analisi scientifiche. Il progetto render\u00e0 inoltre disponibili dei servizi per rielaborare e riutilizzare tali dati.\u00a0ARIADNEplus \u00e8 finanziato per supportare i ricercatori, ma noi riteniamo che possa essere importante e utile anche per gli addetti e le istituzioni che gestiscono il patrimonio culturale.<\/p>\r\n\r\n\r\n\r\n<h3><strong>I partner di ARIADNEplus\u00a0<\/strong><\/h3>\r\n\r\n\r\n\r\n<p>I 41 partner di ARIADNEplus provengono da 23 paesi Europei, oltre a\u00a04 partner internazionali.<\/p>\r\n\r\n\r\n\r\n<p>Controlla quali partner provengono dal tuo paese.<\/p>\r\n\r\n\r\n\r\n<h3><strong>Politiche e strategie<\/strong><\/h3>\r\n\r\n\r\n\r\n<p>Il programma di lavoro di ARIADNEplus comprende anche un gruppo di attivit\u00e0 dedicate alla documentazione e alla proposta di politiche e strategie relative ai dati, ad esempio l\u2019applicazione dei principi FAIR e la certificazione degli archivi digitali. Esse considerano anche aspetti fondamentali quali ad esempio lo sviluppo di linee guida per la creazione, la gestione e la sostenibilit\u00e0 di archivi archeologici: se infatti in Europa c\u2019\u00e8 una crisi che riguarda gli archivi fisici e una necessit\u00e0 impellente che li riguarda, altrettanto importante \u00e8 considerare gli archivi digitali. Questi documenti possono essere di particolare interesse per i gestori del patrimonio culturale e per le loro istituzioni. Inoltre la nostra attivit\u00e0 sulle politiche e le strategie comprende la formazione degli utenti, sia ricercatori che manager. Per facilitare il rapporto con le varie comunit\u00e0 a cui queste attivit\u00e0 si rivolgono, \u00e8 previsto che il materiale di supporto, inizialmente disponibile in inglese, sia tratto in varie lingue. Tale localizzazione terr\u00e0 anche conto delle normative locali e dei requisiti differenti. In generale, l\u2019ambito delle attivit\u00e0 di ARIADNEplus sulle politiche e le strategie non \u00e8 circoscritto alla ricerca: se c\u2019\u00e8 un interesse specifico, esse possono comprendere anche argomenti relativi ad altri scopi come quelle che riguardano i dati per la gestione e la conservazione del patrimonio.<\/p>\r\n\r\n\r\n\r\n<h3><strong>Attivit\u00e0 di rete e formazione<\/strong><\/h3>\r\n\r\n\r\n\r\n<p>Consolidare una comunit\u00e0 inclusiva, attiva e informata \u00e8 uno degli obiettivi di ARIADNEplus. Il progetto prevede un gran numero di iniziative come workshop, sessioni ad eventi, incontri e canali dedicati di comunicazione. Particolare attenzione sar\u00e0 dedicata a regioni o paesi dove la creazione, l\u2019elaborazione e la gestione di dataset archeologici \u00e8 meno avanzata rispetto ad altrove: un gruppo di lavoro sull\u2019Europa centro-meridionale \u00e8 gi\u00e0 stato creato per questo scopo. Un simile approccio si rivolger\u00e0 a gruppi definiti secondo requisiti specifici, per esempio musei, siti archeologici e cos\u00ec via; analogamente si terranno in particolare considerazione ruoli diversi nel campo dei beni culturali e dell\u2019archeologia, come i gestori di siti archeologici, i curatori di musei, i ricercatori, gli insegnanti e quanti si dedicano alla comunicazione.<\/p>\r\n\r\n\r\n\r\n<p>Molte delle attivit\u00e0 di rete includono una componente sostanziale di formazione, predisponendo materiale sia per la partecipazione diretta, ad esempio documentazione e linee guida, sia per la formazione a distanza come i webinar.<\/p>\r\n\r\n\r\n\r\n<p>Il piano complessivo di formazione di ARIADNEplus comprende anche attivit\u00e0 formative specifiche che comprendono tutorial, workshop formativi e azioni di trasferimento della conoscenza su progetti individuali per i quali un piccolo team \u00e8 assistito direttamente da esperti di ARIADNEplus.<\/p>\r\n\r\n\r\n\r\n<p>Tutte le attivit\u00e0 di formazione sono gratuite per i partecipanti; la maggior parte di esse prevede inoltre la copertura delle spese di viaggio e di partecipazione. La documentazione \u00e8 normalmente in inglese, ma si possono predisporre traduzioni in altre lingue se vi \u00e8 sufficiente richiesta.<\/p>\r\n\r\n\r\n\r\n<h3><strong>Tecnologia<\/strong><\/h3>\r\n\r\n\r\n\r\n<p>Bench\u00e9 la maggior parte della tecnologia utilizzata in ARIADNEplus riguardi l\u2019obiettivo dell\u2019integrazione dei dati, compresa la creazione del catalogo e lo sviluppo di Linked Open Data, un ruolo chiave nel progetto \u00e8 giocato dai servizi per i dati che saranno resi disponibili.<\/p>\r\n\r\n\r\n\r\n<p>Svilupperemo anche varie applicazioni pilota, per dimostrare l\u2019uso dei servizi in casi di studio esemplari. Mentre l\u2019aggiunta di altri servizi \u00e8 probabilmente limitata solo all\u2019estensione di quelli pianificati, c\u2019\u00e8 ampio spazio per la realizzazione di applicazioni pilota aggiuntive che rispondano a esigenze dei gestori del patrimonio culturale.<\/p>\r\n<p><a href=\"http:\/\/www.ariadne-infrastructure.eu\" target=\"_blank\" rel=\"noopener noreferrer\">Visitate il nostro sito<\/a>\u00a0e <a href=\"http:\/\/portal.ariadne-infrastructure.eu\" target=\"_blank\" rel=\"noopener noreferrer\">usate il portale<\/a>\u00a0per avere informazioni pi\u00f9 dettagliate (in inglese) riguardo i servizi di data processing offerti.<\/p>\r\n\r\n\r\n\r\n<h3><strong>Perch\u00e9 ARIADNEplus \u00e8 importante per i gestori del patrimonio culturale<\/strong><\/h3>\r\n\r\n\r\n\r\n<p>Chi gestisce il patrimonio culturale pu\u00f2 usare il catalogo di ARIADNEplus per migliorare la comprensione del patrimonio di cui \u00e8 responsabile, sia analizzando direttamente ogni studio sul patrimonio sia studiando casi analoghi. ARIADNEplus pu\u00f2 anche essere di grande aiuto per contribuire al trasferimento di conoscenze relative alla gestione dei dati archeologici con le sue linee guida, indicazioni sulle politiche e la formazione. Il progetto pu\u00f2 anche fornire assistenza individuale alle istituzioni per creare un archivio della loro documentazione digitale o per migliorarne la qualit\u00e0 e l\u2019efficacia. Il contributo di metadati al catalogo \u00e8 gratuito e benvenuto: l\u2019assistenza \u00e8 fornita senza costi per l\u2019utente. Cos\u00ec il supporto di ARIADNEplus pu\u00f2 aiutare a perseguire la mission di ogni istituzione e a migliorare la qualit\u00e0 dei servizi offerti. Per questo potete contattare ARIADNEplus attraverso i partner locali o direttamente attraverso l\u2019ufficio centrale e ricevere una risposta personalizzata ai vostri requisiti.<\/p>\r\n","protected":false},"excerpt":{"rendered":"<p>Come funziona ARIADNEplus Si possono fare ricerche sul catalogo di ARIADNEplus secondo tre categorie, cio\u00e8 \u201cquando\u201d (tempo), \u201cdove\u201d (spazio), \u201cche cosa\u201d (oggetto) e parole chiave tratte da vocabolari controllati. Il risultato della ricerca \u00e8 una lista dei dataset corrispondenti ai criteri di selezione con informazione sommaria circa il loro contenuto e un link alla fonte, &hellip; <\/p>\n<p class=\"link-more\"><a href=\"https:\/\/whatis.ariadne-infrastructure.eu\/it\/gestori-del-patrimonio-culturale\/\" class=\"more-link\">Leggi tutto<span class=\"screen-reader-text\"> &#8220;Gestori del patrimonio culturale&#8221;<\/span><\/a><\/p>\n","protected":false},"author":1,"featured_media":0,"parent":0,"menu_order":0,"comment_status":"closed","ping_status":"closed","template":"","meta":[],"_links":{"self":[{"href":"https:\/\/whatis.ariadne-infrastructure.eu\/it\/wp-json\/wp\/v2\/pages\/12"}],"collection":[{"href":"https:\/\/whatis.ariadne-infrastructure.eu\/it\/wp-json\/wp\/v2\/pages"}],"about":[{"href":"https:\/\/whatis.ariadne-infrastructure.eu\/it\/wp-json\/wp\/v2\/types\/page"}],"author":[{"embeddable":true,"href":"https:\/\/whatis.ariadne-infrastructure.eu\/it\/wp-json\/wp\/v2\/users\/1"}],"replies":[{"embeddable":true,"href":"https:\/\/whatis.ariadne-infrastructure.eu\/it\/wp-json\/wp\/v2\/comments?post=12"}],"version-history":[{"count":7,"href":"https:\/\/whatis.ariadne-infrastructure.eu\/it\/wp-json\/wp\/v2\/pages\/12\/revisions"}],"predecessor-version":[{"id":72,"href":"https:\/\/whatis.ariadne-infrastructure.eu\/it\/wp-json\/wp\/v2\/pages\/12\/revisions\/72"}],"wp:attachment":[{"href":"https:\/\/whatis.ariadne-infrastructure.eu\/it\/wp-json\/wp\/v2\/media?parent=12"}],"curies":[{"name":"wp","href":"https:\/\/api.w.org\/{rel}","templated":true}]}}