{"id":22,"date":"2019-07-08T14:20:21","date_gmt":"2019-07-08T14:20:21","guid":{"rendered":"http:\/\/whatis.ariadne-infrastructure.eu\/hu\/?page_id=22"},"modified":"2020-06-05T17:25:29","modified_gmt":"2020-06-05T17:25:29","slug":"oroksegvedelmi-menedszerek-es-szakertok","status":"publish","type":"page","link":"https:\/\/whatis.ariadne-infrastructure.eu\/hu\/oroksegvedelmi-menedszerek-es-szakertok\/","title":{"rendered":"\u00d6R\u00d6KS\u00c9GV\u00c9DELMI MENEDSZEREK \u00c9S SZAK\u00c9RT\u0150K"},"content":{"rendered":"<p style=\"text-align: justify;\"><strong>Hogyan m\u0171k\u00f6dik az ARIADNEplus?<\/strong><\/p>\n<p style=\"text-align: justify;\">Az ARIADNEplus katal\u00f3gus\u00e1ban h\u00e1rom szempont szerint lehet keresni \u00fagy mint \u201emikor\u201d (id\u0151), \u201ehol\u201d (t\u00e9r), \u201emi\u201d (t\u00e1rgy), melyhez a kulcszavak ellen\u0151rz\u00f6tt sz\u00f3k\u00e9szletb\u0151l sz\u00e1rmaznak. A keres\u00e9s a kiv\u00e1lasztott krit\u00e9riumoknak megfelel\u0151 adat\u00e1llom\u00e1nyok list\u00e1j\u00e1t tartalmazza, amelyben az adatokr\u00f3l \u00f6sszefoglal\u00f3 inform\u00e1ci\u00f3kat \u00e9s a forr\u00e1sadatokra mutat\u00f3 linkeket tal\u00e1lhatunk, amelyek a tartalom tulajdonosa \u00e1ltal fel\u00e1ll\u00edtott szab\u00e1lyok szerint \u00e9rhet\u0151k el a felhaszn\u00e1l\u00f3k sz\u00e1m\u00e1ra. A projekt nem \u00f6sszes\u00edt vagy mozgat adatokat, hanem csak az adathalmaz metaadatait tartalmazza, amelyeket a adattulajdonosok biztos\u00edtanak.<\/p>\n<p style=\"text-align: justify;\">Jelenleg mintegy k\u00e9tmilli\u00f3 adatot tartalmaz a katal\u00f3gus, amely hatalmas inform\u00e1ci\u00f3mennyis\u00e9g, mivel az egyes adat\u00e1llom\u00e1nyok tartalmazhatnak p\u00e9ld\u00e1ul egy teljes jelent\u00e9st a hozz\u00e1tartoz\u00f3 k\u00e9panyaggal, rajzokkal, vagy egy teljes adatb\u00e1zist amely t\u00f6bb ezer egyedi rekordot tartalmaz. A katalogiz\u00e1lt tartalom lehet egyes t\u00e1rgyak le\u00edr\u00e1s\u00e1t\u00f3l kezdve lel\u0151helyek \u00e9s felt\u00e1r\u00e1sok list\u00e1in kereszt\u00fcl a hossz\u00fat\u00e1v\u00fa r\u00e9g\u00e9szeti programok eredm\u00e9ny\u00e9ig b\u00e1rmi.<\/p>\n<p style=\"text-align: justify;\">Az katal\u00f3gus haszn\u00e1lata ingyenes.<\/p>\n<p style=\"text-align: justify;\">Az ARIADNEplus kiterjeszti az ARIADNE f\u00f6ldrajzi \u00e9s id\u0151beli lefedetts\u00e9g\u00e9t, \u00e9s a t\u00e9mak\u00f6r\u00f6k tekintet\u00e9ben is b\u0151v\u00edti tudom\u00e1nyos elemz\u00e9sekkel kapcsolatos tov\u00e1bbi inform\u00e1ci\u00f3kkal. Az ARIADNEplus tov\u00e1bbi szolg\u00e1ltat\u00e1sokat ny\u00fajt az adatok feldolgoz\u00e1s\u00e1hoz \u00e9s \u00fajra felhaszn\u00e1l\u00e1s\u00e1hoz. Az ARIADNEplus a kutat\u00f3k t\u00e1mogat\u00e1s\u00e1ra j\u00f6tt l\u00e9tre, de hisz\u00fcnk abban, hogy \u00f6r\u00f6ks\u00e9gv\u00e9delmi int\u00e9zm\u00e9nyeknek \u00e9s \u00f6r\u00f6ks\u00e9gv\u00e9delmi szakembereknek szint\u00e9n haszn\u00e1ra v\u00e1lik.<\/p>\n<p style=\"text-align: justify;\"><strong>Az ARIADNEplus partners\u00e9g<\/strong><\/p>\n<p style=\"text-align: justify;\">Az ARIADNEplus-ban 41 partner int\u00e9zm\u00e9ny vesz r\u00e9szt 23 eur\u00f3pai \u00e9s 4 Eur\u00f3p\u00e1n k\u00edv\u00fcli orsz\u00e1gb\u00f3l.<\/p>\n<p style=\"text-align: justify;\">Tekintse meg, hogy az \u00d6n orsz\u00e1g\u00e1b\u00f3l mely int\u00e9zm\u00e9ny vesz r\u00e9szt az ARIADNEplus programban.<\/p>\n<p style=\"text-align: justify;\"><strong>Ir\u00e1nyelvek \u00e9s strat\u00e9gi\u00e1k<\/strong><\/p>\n<p style=\"text-align: justify;\">Az ARIADNEplus munkaterve sz\u00e1mos tev\u00e9kenys\u00e9g\u00e9t foglal mag\u00e1ban, amelyek adatokkal kapcsolatos relev\u00e1ns elk\u00e9pzel\u00e9sek \u00e9s strat\u00e9gi\u00e1k dokument\u00e1l\u00e1s\u00e1ra \u00e9s aj\u00e1nl\u00e1sok k\u00e9sz\u00edt\u00e9s\u00e9re vonatkoznak, mint a FAIR elvek alkalmaz\u00e1sa \u00e9s repozit\u00f3riumok hiteles\u00edt\u00e9se. Az ARIADNEplus ir\u00e1nymutat\u00e1st k\u00e9sz\u00edt digit\u00e1lis r\u00e9g\u00e9szeti repozit\u00f3riumok l\u00e9trehoz\u00e1s\u00e1ra, kezel\u00e9s\u00e9re \u00e9s fenntart\u00e1s\u00e1ra is. A hagyom\u00e1nyos adatt\u00e1rak v\u00e1ls\u00e1gban vannak Eur\u00f3p\u00e1ban \u00e9s nagy sz\u00fcks\u00e9g van ir\u00e1nymutat\u00e1sra a dokumentumok kezel\u00e9se kapcs\u00e1n, mely ir\u00e1nyelvekben a digit\u00e1lis arch\u00edvumokat is figyelembe kell venni. Az ilyen dokumentumok k\u00fcl\u00f6n\u00f6sen hasznosak lehetnek az \u00f6r\u00f6ks\u00e9gv\u00e9delmi menedzserek \u00e9s int\u00e9zm\u00e9nyeik sz\u00e1m\u00e1ra is.<\/p>\n<p style=\"text-align: justify;\">Ezen t\u00falmen\u0151en, az ilyen ir\u00e1ny\u00fa \u00fatmutat\u00e1sokkal \u00e9s strat\u00e9gi\u00e1kkal kapcsolatos tev\u00e9kenys\u00e9g\u00fcnk egyar\u00e1nt mag\u00e1ba foglalja a felhaszn\u00e1l\u00f3k, kutat\u00f3k \u00e9s menedzserek k\u00e9pz\u00e9s\u00e9t. Annak \u00e9rdek\u00e9ben, hogy megk\u00f6nny\u00edts\u00fck az ebben a tev\u00e9kenys\u00e9gben \u00e9rintett k\u00f6z\u00f6ss\u00e9gek munk\u00e1j\u00e1t, azt tervezz\u00fck, hogy az angolul elk\u00e9sz\u00edtett t\u00e1mogat\u00f3 anyagot k\u00fcl\u00f6nb\u00f6z\u0151 eur\u00f3pai nyelvekre ford\u00edtjuk. Ez eseteben figyelembe kell venni a helyi szab\u00e1lyoz\u00e1sokat \u00e9s az elt\u00e9r\u0151 ig\u00e9nyeket is.<\/p>\n<p style=\"text-align: justify;\">\u00c1ltal\u00e1nos\u00e1gban elmondhat\u00f3, hogy az ARIADNEplus c\u00e9lkit\u0171z\u00e9sei \u00e9s strat\u00e9gi\u00e1ja nem csak a kutat\u00e1sokra vonatkoznak: ha van egy specifikus \u00e9rdekl\u0151d\u00e9si ter\u00fclet, ezek is belefoglalhat\u00f3k a programba, mint p\u00e9ld\u00e1ul \u00f6r\u00f6ks\u00e9gv\u00e9delem \u00e9s lel\u0151hely meg\u0151rz\u00e9s.<\/p>\n<p style=\"text-align: justify;\"><strong>Kapcsolat\u00e9p\u00edt\u00e9s \u00e9s k\u00e9pz\u00e9s<\/strong><\/p>\n<p style=\"text-align: justify;\">Az ARIADNEplus projekt egyik c\u00e9lja, hogy szerte\u00e1gaz\u00f3, akt\u00edv \u00e9s j\u00f3l inform\u00e1lt k\u00f6z\u00f6ss\u00e9get hozzon l\u00e9tre, amely sz\u00e1mos tev\u00e9kenys\u00e9get folytat, mint p\u00e9ld\u00e1ul m\u0171helymunk\u00e1k \u00e9s tal\u00e1lkoz\u00f3k szervez\u00e9se konferenci\u00e1kon, valamint c\u00e9lzott kommunik\u00e1ci\u00f3s csatorn\u00e1k l\u00e9trehoz\u00e1sa.<\/p>\n<p style=\"text-align: justify;\">K\u00fcl\u00f6n\u00f6s figyelmet szentel\u00fcnk azoknak a r\u00e9gi\u00f3knak \u00e9s orsz\u00e1goknak, ahol a r\u00e9g\u00e9szeti adatrendszerek kialak\u00edt\u00e1s\u00e1nak folyamata m\u00e9g kev\u00e9sb\u00e9 fejlett a t\u00f6bbi orsz\u00e1ghoz k\u00e9pest: l\u00e9trehoztuk a K\u00f6z\u00e9p- \u00e9s D\u00e9lkelet eur\u00f3pai munkacsoportot. Hasonl\u00f3 megk\u00f6zel\u00edt\u00e9st alkalmazunk az egyedi ig\u00e9ny\u0171 csoportokra\/t\u00e9mak\u00f6r\u00f6kre, mint p\u00e9ld\u00e1ul m\u00fazeumok, r\u00e9g\u00e9szeti lel\u0151helyek stb., ugyanez vonatkozik a kultur\u00e1lis \u00f6r\u00f6ks\u00e9gv\u00e9delem \u00e9s a r\u00e9g\u00e9szet k\u00fcl\u00f6nb\u00f6z\u0151 szerepl\u0151ire, mint p\u00e9ld\u00e1ul \u00e1sat\u00e1svezet\u0151kre, kur\u00e1torokra, kutat\u00f3kra, oktat\u00f3kra \u00e9s a kommunik\u00e1ci\u00f3s szakemberekre.<\/p>\n<p style=\"text-align: justify;\">valamint k\u00e9pz\u00e9si anyagok k\u00e9sz\u00edt\u00e9s\u00e9t ak\u00e1r k\u00f6zvetlen r\u00e9szv\u00e9tel eset\u00e9re (dokument\u00e1ci\u00f3k, \u00fatmutat\u00f3k), vagy online r\u00e9szv\u00e9tel eset\u00e9re (webinar).<\/p>\n<p style=\"text-align: justify;\">Az ARIADNEplus k\u00e9pz\u00e9si terve saj\u00e1tos programokat is tartalmaz, mint \u00fatmutat\u00f3k k\u00e9sz\u00edt\u00e9s\u00e9t \u00e9s gyakorlati k\u00e9pz\u00e9st, vagy ak\u00e1r egyedi oktat\u00e1st egyedi projektek sz\u00e1m\u00e1ra, mely sor\u00e1n az ARIADNEplus szak\u00e9rt\u0151i kisebb csoportokat seg\u00edtenek.<\/p>\n<p style=\"text-align: justify;\">Az \u00f6sszes k\u00e9pz\u00e9si program ingyenes a r\u00e9sztvev\u0151k sz\u00e1m\u00e1ra, a legt\u00f6bb k\u00e9pz\u00e9si program hozz\u00e1j\u00e1rul\u00e1st biztos\u00edt az utaz\u00e1shoz \u00e9s ell\u00e1t\u00e1shoz. A k\u00e9pz\u00e9si dokument\u00e1ci\u00f3 \u00e1ltal\u00e1ban angol nyelv\u0171, de megfelel\u0151 ig\u00e9ny eset\u00e9n m\u00e1s nyelvre is leford\u00edthat\u00f3.<\/p>\n<p style=\"text-align: justify;\"><strong>Technol\u00f3gia<\/strong><\/p>\n<p style=\"text-align: justify;\">Hab\u00e1r az ARIADNEplus-ban alkalmazott technol\u00f3gia a projekt adatintegr\u00e1ci\u00f3s c\u00e9ljait \u00e9rinti, bele\u00e9rtve a kereshet\u0151 katal\u00f3gus l\u00e9trehoz\u00e1s\u00e1t, \u00e9s a Kapcsolt Ny\u00edlt Adatok (Linked Open Data) fejleszt\u00e9s\u00e9t, a projekt \u00e1ltal l\u00e9trehozott adatszolg\u00e1ltat\u00e1sok el\u00e9rhet\u0151v\u00e9 t\u00e9tele j\u00e1tsza a kulcs szerepet. Ez mag\u00e1ba foglal adatelemz\u00e9si eszk\u00f6z\u00f6ket (adatb\u00e1ny\u00e1szat \u00e9s term\u00e9szetes nyelvek feldolgoz\u00e1sa) \u00e9s adat szint\u00e9zist (k\u00e9pek \u00e9s 3D n\u00e9zegethet\u0151v\u00e9 t\u00e9tele, adatok elhelyez\u00e9se t\u00e9rk\u00e9pen vagy id\u0151ben, adatok b\u00f6ng\u00e9sz\u00e9se Linked Data seg\u00edts\u00e9g\u00e9vel stb.)<\/p>\n<p style=\"text-align: justify;\">Az ARIADNEplus t\u00f6bbnyelv\u0171 sz\u00f3t\u00e1rt haszn\u00e1l, hogy seg\u00edtse a k\u00fcl\u00f6nb\u00f6z\u0151 nyelveken t\u00f6rt\u00e9n\u0151 lek\u00e9rdez\u00e9st \u00e9s a dokument\u00e1ci\u00f3k keres\u00e9s\u00e9t.<\/p>\n<p style=\"text-align: justify;\">T\u00f6bb k\u00eds\u00e9rleti alkalmaz\u00e1st is fejleszt\u00fcnk, hogy p\u00e9ld\u00e1kon kereszt\u00fcl mutassuk be a szolg\u00e1ltat\u00e1sok m\u0171k\u00f6d\u00e9s\u00e9t. Kor\u00e1bban nem tervezett kieg\u00e9sz\u00edt\u0151 szolg\u00e1ltat\u00e1sok ig\u00e9nye is felmer\u00fclhet, ezek kifejleszt\u00e9se akkor lehets\u00e9ges, ha kieg\u00e9sz\u00edtik a tervezett fejleszt\u00e9seket, ugyanakkor sz\u00e1mos lehet\u0151s\u00e9g van arra, hogy olyan k\u00eds\u00e9rleti alkalmaz\u00e1sokat v\u00e1lasszunk, amelyek megfelelnek az \u00f6r\u00f6ks\u00e9gv\u00e9delmi menedzserek \u00e9s szakemberek ig\u00e9nyeinek.<\/p>\n<p>L\u00e1togasson el weboldalunkra (<a href=\"https:\/\/ariadne-infrastructure.eu\">www.ariadne-infrastructure.eu<\/a>) \u00e9s haszn\u00e1lja a port\u00e1lt (<a href=\"https:\/\/ariadne-infrastructure.eu\/portal\/\">www.ariadne-infrastructure.eu\/portal\/<\/a>), hogy r\u00e9szletesebb inform\u00e1ci\u00f3kat kaphasson (angolul) az adat feldolgoz\u00e1si szolg\u00e1ltat\u00e1sokr\u00f3l.<\/p>\n<p style=\"text-align: justify;\"><strong>Mi\u00e9rt fontos az ARIADNEplus az \u00f6r\u00f6ks\u00e9gv\u00e9delmi menedzsereknek \u00e9s szak\u00e9rt\u0151knek?<\/strong><\/p>\n<p style=\"text-align: justify;\">Az \u00f6r\u00f6ks\u00e9gv\u00e9delmi szakemberek arra is haszn\u00e1lhatj\u00e1k az ARIADNEplus katal\u00f3gust, hogy fejlessz\u00e9k ismereteiket az adott orsz\u00e1gban fel\u00fcgyelet\u00fck al\u00e1 tartoz\u00f3 nemzeti \u00f6r\u00f6ks\u00e9gr\u0151l vagy m\u00e1s orsz\u00e1gok hasonl\u00f3 eseteir\u0151l szerezzenek inform\u00e1ci\u00f3t. Az ARIADNEplus nagy seg\u00edts\u00e9g lehet abban is, hogy ir\u00e1nyelveivel, \u00fatmutat\u00f3ival, tan\u00e1csaival \u00e9s k\u00e9pz\u00e9seivel t\u00e1mogatja a r\u00e9g\u00e9szeti adatok kezel\u00e9s\u00e9vel kapcsolatos tud\u00e1stranszfert.<\/p>\n<p style=\"text-align: justify;\">Egyedi seg\u00edts\u00e9get is ny\u00fajt int\u00e9zm\u00e9nyeknek abban, hogy l\u00e9trehozz\u00e1k saj\u00e1t digit\u00e1lis dokumentumaikat tartalmaz\u00f3 repozit\u00f3riumukat, vagy hogy fejlessz\u00e9k ennek min\u0151s\u00e9g\u00e9t \u00e9s hat\u00e9konys\u00e1g\u00e1t. Az ARIADNEplus katal\u00f3gus\u00e1ba sz\u00edvesen fogadunk tov\u00e1bbi metaadatokat, a szolg\u00e1ltat\u00e1s ingyenes, \u00e9s seg\u00edts\u00e9g az adatok integr\u00e1l\u00e1s\u00e1ban is ingyen el\u00e9rhet\u0151. \u00cdgy az ARIADNEplus seg\u00edts\u00e9g lehet abban, hogy az egyes int\u00e9zm\u00e9nyek jobban megval\u00f3s\u00edthass\u00e1k elk\u00e9pzel\u00e9seiket \u00e9s fejleszthess\u00e9k az \u00e1ltaluk ny\u00fajtott szolg\u00e1ltat\u00e1sok min\u0151s\u00e9g\u00e9t. L\u00e9pjen b\u00e1tran kapcsolatba vel\u00fcnk a helyi ARIADNEplus partneren vagy a projekt k\u00f6zponti rendszer\u00e9n kereszt\u00fcl, hogy szem\u00e9lyre szabott v\u00e1laszt kapjon k\u00e9rd\u00e9seire.<\/p>\n","protected":false},"excerpt":{"rendered":"<p>Hogyan m\u0171k\u00f6dik az ARIADNEplus? Az ARIADNEplus katal\u00f3gus\u00e1ban h\u00e1rom szempont szerint lehet keresni \u00fagy mint \u201emikor\u201d (id\u0151), \u201ehol\u201d (t\u00e9r), \u201emi\u201d (t\u00e1rgy), melyhez a kulcszavak ellen\u0151rz\u00f6tt sz\u00f3k\u00e9szletb\u0151l sz\u00e1rmaznak. A keres\u00e9s a kiv\u00e1lasztott krit\u00e9riumoknak megfelel\u0151 adat\u00e1llom\u00e1nyok list\u00e1j\u00e1t tartalmazza, amelyben az adatokr\u00f3l \u00f6sszefoglal\u00f3 inform\u00e1ci\u00f3kat \u00e9s a forr\u00e1sadatokra mutat\u00f3 linkeket tal\u00e1lhatunk, amelyek a tartalom tulajdonosa \u00e1ltal fel\u00e1ll\u00edtott szab\u00e1lyok szerint \u00e9rhet\u0151k &hellip; <\/p>\n<p class=\"link-more\"><a href=\"https:\/\/whatis.ariadne-infrastructure.eu\/hu\/oroksegvedelmi-menedszerek-es-szakertok\/\" class=\"more-link\">Continue reading<span class=\"screen-reader-text\"> &#8220;\u00d6R\u00d6KS\u00c9GV\u00c9DELMI MENEDSZEREK \u00c9S SZAK\u00c9RT\u0150K&#8221;<\/span><\/a><\/p>\n","protected":false},"author":1,"featured_media":0,"parent":0,"menu_order":0,"comment_status":"closed","ping_status":"closed","template":"","meta":[],"_links":{"self":[{"href":"https:\/\/whatis.ariadne-infrastructure.eu\/hu\/wp-json\/wp\/v2\/pages\/22"}],"collection":[{"href":"https:\/\/whatis.ariadne-infrastructure.eu\/hu\/wp-json\/wp\/v2\/pages"}],"about":[{"href":"https:\/\/whatis.ariadne-infrastructure.eu\/hu\/wp-json\/wp\/v2\/types\/page"}],"author":[{"embeddable":true,"href":"https:\/\/whatis.ariadne-infrastructure.eu\/hu\/wp-json\/wp\/v2\/users\/1"}],"replies":[{"embeddable":true,"href":"https:\/\/whatis.ariadne-infrastructure.eu\/hu\/wp-json\/wp\/v2\/comments?post=22"}],"version-history":[{"count":2,"href":"https:\/\/whatis.ariadne-infrastructure.eu\/hu\/wp-json\/wp\/v2\/pages\/22\/revisions"}],"predecessor-version":[{"id":33,"href":"https:\/\/whatis.ariadne-infrastructure.eu\/hu\/wp-json\/wp\/v2\/pages\/22\/revisions\/33"}],"wp:attachment":[{"href":"https:\/\/whatis.ariadne-infrastructure.eu\/hu\/wp-json\/wp\/v2\/media?parent=22"}],"curies":[{"name":"wp","href":"https:\/\/api.w.org\/{rel}","templated":true}]}}