{"id":2,"date":"2019-07-08T10:22:56","date_gmt":"2019-07-08T10:22:56","guid":{"rendered":"http:\/\/whatis.ariadne-infrastructure.eu\/hu\/?page_id=2"},"modified":"2019-07-08T14:21:00","modified_gmt":"2019-07-08T14:21:00","slug":"sample-page","status":"publish","type":"page","link":"https:\/\/whatis.ariadne-infrastructure.eu\/hu\/","title":{"rendered":"ARIADNEplus"},"content":{"rendered":"<p style=\"text-align: justify;\">Az ARIADNEplus az Eur\u00f3pai Bizotts\u00e1g \u00e1ltal t\u00e1mogatott ARIADNE program folytat\u00e1sa, amely 2013-ban kezd\u0151d\u00f6tt \u00e9s 2017-ig tartott. Az ARIADNE c\u00e9lja az eur\u00f3pai digit\u00e1lis r\u00e9g\u00e9szeti repozit\u00f3riumok integr\u00e1ci\u00f3ja. Az ARIADNE keret\u00e9n bel\u00fcl l\u00e9trej\u00f6tt egy online el\u00e9rhet\u0151, kereshet\u0151, katalogiz\u00e1lt adat\u00e1llom\u00e1ny, amely mag\u00e1ban foglal publik\u00e1latlan jelent\u00e9seket, k\u00e9peket, t\u00e9rk\u00e9peket, adatb\u00e1zisokat \u00e9s m\u00e1s r\u00e9g\u00e9szeti inform\u00e1ci\u00f3kat.<\/p>\n<p style=\"text-align: justify;\">A projekt annyira sikeresnek bizonyult, hogy \u00fajra t\u00e1mogat\u00e1st nyert 2022-ig (rem\u00e9lhet\u0151leg m\u00e9g tov\u00e1bb), ARIADNEplus n\u00e9ven, amely n\u00e9v hangs\u00falyozza az \u00faj projekt folytonoss\u00e1g\u00e1t az el\u0151z\u0151vel, ugyanakkor ugyanazt a m\u00f3dszertani megk\u00f6zel\u00edt\u00e9st alkalmazva tov\u00e1bbfejleszti azt.<\/p>\n<p style=\"text-align: justify;\">Azonk\u00edv\u00fcl, hogy az ARIADNE egy figyelemfelh\u00edv\u00f3, sz\u00e1nd\u00e9k\u00e1t t\u00f6m\u00f6ren \u00f6sszefoglal\u00f3 angol mozaiksz\u00f3, a mitol\u00f3giai kr\u00e9tai kir\u00e1lyl\u00e1nyr\u00f3l kapta a nev\u00e9t, aki seg\u00edtett Th\u00e9szeusznak kijutni a labirintusb\u00f3l, egy olyan bonyolult \u00e9p\u00edtm\u00e9nyb\u0151l, melynek kij\u00e1rat\u00e1t megtal\u00e1lni emberfeletti, tal\u00e1n egy emberi l\u00e9ny sz\u00e1m\u00e1ra lehetetlen feladat volt. Ariadne fonalat adott Th\u00e9szeusznak \u2013 ezt h\u00edvj\u00e1k Ariadne fonal\u00e1nak \u2013, amelyet folyamatosan letekert, hogy k\u00f6vetni tudja az utat, \u00e9s ezt addig folytatta, am\u00edg ki nem tal\u00e1lt a labirintusb\u00f3l. Az ARIADNE program seg\u00edteni fogja a modern kutat\u00f3kat abban, hogy nem kev\u00e9sb\u00e9 neh\u00e9z \u00fatveszt\u0151k\u00f6n kereszt\u00fcl utat tal\u00e1ljanak. Ha t\u00f6bbet szeretne megtudni az ARIADNEplus-r\u00f3l, v\u00e1lassza azt a lehet\u0151s\u00e9get, amely legjobban megfelel az \u00e9rdekl\u0151d\u00e9s\u00e9nek.<\/p>\n<p style=\"text-align: justify;\"><a href=\"http:\/\/whatis.ariadne-infrastructure.eu\/hu\/kutatok\/\">KUTAT\u00d3K<\/a> \u2013 <a href=\"http:\/\/whatis.ariadne-infrastructure.eu\/hu\/oroksegvedelmi-menedszerek-es-szakertok\/\">\u00d6R\u00d6KS\u00c9GV\u00c9DELMI MENEDZSEREK \u00c9S SZAK\u00c9RT\u0150K<\/a> \u2013 <a href=\"http:\/\/whatis.ariadne-infrastructure.eu\/hu\/tarsadalom\/\">T\u00c1RSADALOM<\/a><\/p>\n<p style=\"text-align: justify;\"><strong>L\u00e9pjen vel\u00fck kapcsolatba<\/strong><\/p>\n<p style=\"text-align: justify;\">Az ARIADNEplus t\u00f6rekszik arra, hogy kapcsolatba l\u00e9pjen a potenci\u00e1lis felhaszn\u00e1l\u00f3kkal, \u00e9s minden m\u00e1s \u00e9rdekelt f\u00e9llel, akik a projekt sor\u00e1n ig\u00e9nyeiket \u00e9s k\u00e9r\u00e9seiket megfogalmazz\u00e1k.<\/p>\n<p style=\"text-align: justify;\">Tov\u00e1bbi inform\u00e1ci\u00f3k \u00e9s kapcsolattart\u00e1si lehet\u0151s\u00e9g el\u00e9rhet\u0151 a projekt honlapj\u00e1n (csak angolul): <a href=\"http:\/\/www.ariadne-infrastructure.eu\">www.ariadne-infrastructure.eu<\/a><\/p>\n<p style=\"text-align: justify;\">Friss h\u00edrek el\u00e9rhet\u0151k a honlapunkr\u00f3l \u00e9s a k\u00f6z\u00f6ss\u00e9gi oldalunkr\u00f3l (angolul) <a href=\"https:\/\/twitter.com\/ARIADNEplus\">twitter @ARIADNEplus<\/a><\/p>\n","protected":false},"excerpt":{"rendered":"<p>Az ARIADNEplus az Eur\u00f3pai Bizotts\u00e1g \u00e1ltal t\u00e1mogatott ARIADNE program folytat\u00e1sa, amely 2013-ban kezd\u0151d\u00f6tt \u00e9s 2017-ig tartott. Az ARIADNE c\u00e9lja az eur\u00f3pai digit\u00e1lis r\u00e9g\u00e9szeti repozit\u00f3riumok integr\u00e1ci\u00f3ja. Az ARIADNE keret\u00e9n bel\u00fcl l\u00e9trej\u00f6tt egy online el\u00e9rhet\u0151, kereshet\u0151, katalogiz\u00e1lt adat\u00e1llom\u00e1ny, amely mag\u00e1ban foglal publik\u00e1latlan jelent\u00e9seket, k\u00e9peket, t\u00e9rk\u00e9peket, adatb\u00e1zisokat \u00e9s m\u00e1s r\u00e9g\u00e9szeti inform\u00e1ci\u00f3kat. A projekt annyira sikeresnek bizonyult, hogy \u00fajra &hellip; <\/p>\n<p class=\"link-more\"><a href=\"https:\/\/whatis.ariadne-infrastructure.eu\/hu\/\" class=\"more-link\">Continue reading<span class=\"screen-reader-text\"> &#8220;ARIADNEplus&#8221;<\/span><\/a><\/p>\n","protected":false},"author":1,"featured_media":0,"parent":0,"menu_order":0,"comment_status":"closed","ping_status":"open","template":"","meta":[],"_links":{"self":[{"href":"https:\/\/whatis.ariadne-infrastructure.eu\/hu\/wp-json\/wp\/v2\/pages\/2"}],"collection":[{"href":"https:\/\/whatis.ariadne-infrastructure.eu\/hu\/wp-json\/wp\/v2\/pages"}],"about":[{"href":"https:\/\/whatis.ariadne-infrastructure.eu\/hu\/wp-json\/wp\/v2\/types\/page"}],"author":[{"embeddable":true,"href":"https:\/\/whatis.ariadne-infrastructure.eu\/hu\/wp-json\/wp\/v2\/users\/1"}],"replies":[{"embeddable":true,"href":"https:\/\/whatis.ariadne-infrastructure.eu\/hu\/wp-json\/wp\/v2\/comments?post=2"}],"version-history":[{"count":5,"href":"https:\/\/whatis.ariadne-infrastructure.eu\/hu\/wp-json\/wp\/v2\/pages\/2\/revisions"}],"predecessor-version":[{"id":24,"href":"https:\/\/whatis.ariadne-infrastructure.eu\/hu\/wp-json\/wp\/v2\/pages\/2\/revisions\/24"}],"wp:attachment":[{"href":"https:\/\/whatis.ariadne-infrastructure.eu\/hu\/wp-json\/wp\/v2\/media?parent=2"}],"curies":[{"name":"wp","href":"https:\/\/api.w.org\/{rel}","templated":true}]}}