{"id":13,"date":"2019-07-08T10:40:16","date_gmt":"2019-07-08T10:40:16","guid":{"rendered":"http:\/\/whatis.ariadne-infrastructure.eu\/hu\/?page_id=13"},"modified":"2020-06-05T17:26:04","modified_gmt":"2020-06-05T17:26:04","slug":"tarsadalom","status":"publish","type":"page","link":"https:\/\/whatis.ariadne-infrastructure.eu\/hu\/tarsadalom\/","title":{"rendered":"T\u00c1RSADALOM"},"content":{"rendered":"<p style=\"text-align: justify;\"><strong>Mi\u00e9rt van sz\u00fcks\u00e9ge a r\u00e9g\u00e9szetnek az ARIADNE-ra?<\/strong><\/p>\n<p style=\"text-align: justify;\">A kutat\u00e1saik sor\u00e1n a r\u00e9g\u00e9szek nagy mennyis\u00e9g\u0171 anyagot vizsg\u00e1lnak meg, ezek egyn\u00e9melyik\u00e9t m\u00e1sok tal\u00e1lt\u00e1k \u00e9s azokat m\u00fazeumokban \u0151rzik, de sok t\u00e1rgyat \u00fajonnan tal\u00e1lnak a felt\u00e1r\u00e1sok sor\u00e1n. A \u201ckincseknek\u201d, amelyeket a r\u00e9g\u00e9szek felfedeznek \u2013term\u00e9szetesen kev\u00e9s kiv\u00e9telt\u0151l eltekintve \u2013, gyakran nincs vagy csak kis \u00e9rt\u00e9k\u00fck van, mivel az \u00e9rt\u00e9k\u00fck abban a tud\u00e1sban rejlik, amelyet a m\u00faltunkr\u00f3l hordoznak. A r\u00e9g\u00e9szet \u00e9rtelmezi a lel\u0151helyeken felt\u00e1rt maradv\u00e1nyokat, vizsg\u00e1lja a k\u00f6zt\u00fck l\u00e9v\u0151 kapcsolatokat \u00e9s az emberi m\u00faltr\u00f3l \u00faj k\u00f6vetkeztet\u00e9seket von le. Ilyen m\u00f3don a r\u00e9g\u00e9szeti felt\u00e1r\u00e1s rengeteg dokument\u00e1ci\u00f3t eredm\u00e9nyez, amelyek r\u00e9szletesen tud\u00f3s\u00edtanak arr\u00f3l, hogy melyik r\u00e9teg mit tartalmaz, \u00e9s a k\u00fcl\u00f6nb\u00f6z\u0151 leletek \u00e9s maradv\u00e1nyok milyen kapcsolatban vannak egym\u00e1ssal.<\/p>\n<p style=\"text-align: justify;\">Az ilyen dokument\u00e1ci\u00f3k le\u00edr\u00e1sokat (pl. kutat\u00f3k \u00e1ltal \u00edrt feljegyz\u00e9seket arr\u00f3l, hogy mit tal\u00e1ltak), a felt\u00e1r\u00e1s kivitelez\u00e9s\u00e9nek minden egyes f\u00e1zis\u00e1ban k\u00e9sz\u00edtett k\u00e9peket, \u00e9s rajzokat tartalmaznak, tov\u00e1bb\u00e1 azt, hogy miket fedeztek fel az egyes r\u00e9tegekben, illetve az adott r\u00e9g\u00e9szeti lel\u0151hely alaprajzait, amelyek kapcsolatot teremtenek a lel\u0151hely k\u00fcl\u00f6nb\u00f6z\u0151 r\u00e9szein tal\u00e1lt maradv\u00e1nyok k\u00f6z\u00f6tt, mint p\u00e9ld\u00e1ul egy \u0151skori telep\u00fcl\u00e9s eset\u00e9n. Ez\u00e1ltal a r\u00e9g\u00e9szeti felt\u00e1r\u00e1s gyakran v\u00e1lik a m\u00falt eml\u00e9keinek \u00f6sszetett le\u00edr\u00e1s\u00e1v\u00e1, \u00edgy nem sokban k\u00fcl\u00f6nb\u00f6zik att\u00f3l, ahogy a vak\u00e1ci\u00f3 alatt gyakran f\u00e9nyk\u00e9peket \u00e9s feljegyz\u00e9seket k\u00e9sz\u00edt\u00fcnk, hogy az otthon maradt bar\u00e1tainknak \u00e9s rokonainknak besz\u00e1moljunk tapasztalatainkr\u00f3l, \u00e9s egyszersmind \u00fajra felid\u00e9zz\u00fck a nyaral\u00e1s eml\u00e9keit.<\/p>\n<p style=\"text-align: justify;\">Minden r\u00e9g\u00e9szeti kutat\u00e1st az a k\u00e9rd\u00e9s vez\u00e9rel, hogy mi az, ami, legal\u00e1bb r\u00e9szben, megold\u00f3dik a m\u00falttal kapcsolatos k\u00e9rd\u00e9sek k\u00f6z\u00fcl a kutat\u00e1si tev\u00e9kenys\u00e9g sor\u00e1n. N\u00e9ha a k\u00e9rd\u00e9s egyszer\u0171: Mi tal\u00e1lhat\u00f3 itt? Ez k\u00fcl\u00f6n\u00f6sen akkor t\u00f6rt\u00e9nik, amikor \u00e9p\u00edtkez\u00e9si munk\u00e1k folynak: egy aut\u00f3p\u00e1lya, \u00faj vas\u00fat, vagy \u00faj h\u00e1z \u00e9p\u00edt\u00e9se, amely sor\u00e1n sz\u00fcks\u00e9ges meggy\u0151z\u0151dni arr\u00f3l, hogy a munk\u00e1latok sor\u00e1n nem semmis\u00fclt-e meg fontos inform\u00e1ci\u00f3. A legt\u00f6bb orsz\u00e1gban ezekr\u0151l a munk\u00e1kr\u00f3l publik\u00e1latlan jelent\u00e9s sz\u00fcletik, amelyet gyakran a helyi m\u00fazeumok \u0151riznek \u00e9s neh\u00e9z hozz\u00e1juk jutni.<\/p>\n<p style=\"text-align: justify;\">V\u00e9gezet\u00fcl mind a tervezett felt\u00e1r\u00e1sok, amelyeket saj\u00e1tos kutat\u00e1si k\u00e9rd\u00e9sek vez\u00e9relnek, mind a megel\u0151z\u0151 felt\u00e1r\u00e1sok, melyek v\u00e9letlenszer\u0171 felfedez\u00e9seket produk\u00e1lnak a felt\u00e1r\u00e1sok sor\u00e1n, nagy mennyis\u00e9g\u0171 dokumentumot eredm\u00e9nyeznek. Az ilyen dokument\u00e1ci\u00f3k egy v\u00e9gs\u0151 felt\u00e1r\u00e1si jelent\u00e9sben egyes\u00fclnek, amely a kiv\u00e1lasztott c\u00e9lra \u00f6sszpontos\u00edt \u00e9s mell\u0151z minden olyan r\u00e9g\u00e9szeti inform\u00e1ci\u00f3t, amely nincs k\u00f6zvetlen kapcsolatban a munk\u00e1val. Ugyanakkor az ilyen dokument\u00e1ci\u00f3k minden m\u00e1s olyan dologr\u00f3l is tartalmaznak inform\u00e1ci\u00f3t, amely a felt\u00e1r\u00e1s sor\u00e1n el\u0151ker\u00fclt, ezek az inform\u00e1ci\u00f3k pedig fontosak \u2013 ha az inform\u00e1ci\u00f3 el\u00e9rhet\u0151 \u2013 amikor m\u00e1s kutat\u00f3k elt\u00e9r\u0151 c\u00e9llal akarj\u00e1k \u00fajra felhaszn\u00e1lni.<\/p>\n<p style=\"text-align: justify;\">Manaps\u00e1g a legt\u00f6bb r\u00e9g\u00e9szeti adat digitaliz\u00e1lt \u00e9s egyre gyakrabban online is el\u00e9rhet\u0151, amely k\u00f6nnyebb\u00e9 teszi hogy m\u00e1s kutat\u00f3k fontos inform\u00e1ci\u00f3khoz jussanak, bele\u00e9rtve azokat az adatokat is, amelyek nem ker\u00fclhetnek be a v\u00e9gs\u0151 \u00f6sszes\u00edtett jelent\u00e9sekbe. A publik\u00e1latlan, \u00fa.n. sz\u00fcrke irodalmak jelent\u0151s\u00e9ge, hogy t\u00f6bb eur\u00f3pai orsz\u00e1gban ezek egyre gyakrabban el\u00e9rhet\u0151k online. Online hozz\u00e1f\u00e9r\u00e9st \u00e1ltal\u00e1ban korm\u00e1nyzati szervek biztos\u00edtanak, vagy pedig specifikus adatt\u00e1rak \u00e9s repozit\u00f3riumok: az egyik ilyen fontos int\u00e9zm\u00e9ny az ADS (Archaeology Data Service a Yorki Egyetemen) az Egyes\u00fclt Kir\u00e1lys\u00e1gban, de vannak m\u00e1s int\u00e9zm\u00e9nyek Eur\u00f3pa \u00e9s a vil\u00e1g m\u00e1s r\u00e9szein is, mint p\u00e9ld\u00e1ul a Digital Antiquity kezdem\u00e9nyez\u00e9s az Egyes\u00fclt \u00c1llamokban. Ezek a repozit\u00f3riumok nem csak hozz\u00e1f\u00e9r\u00e9st biztos\u00edtanak az \u00faj jelent\u00e9sekhez, hanem arra is t\u00f6rekszenek, hogy megments\u00e9k a r\u00e9g\u00e9szeti sz\u00fcrke irodalmat a megsemmis\u00fcl\u00e9st\u0151l, vagy att\u00f3l, hogy pap\u00edr dosszi\u00e9ban, floppy lemezen, CD-n, vagy polcon felejtett merevlemezen maradjanak.<\/p>\n<p style=\"text-align: justify;\">2012-ben sz\u00e1mos repozit\u00f3rium tartalmazott digit\u00e1lis r\u00e9g\u00e9szeti dokument\u00e1ci\u00f3t Eur\u00f3pa szerte, amelyek k\u00f6z\u00fcl n\u00e9h\u00e1ny online is el\u00e9rhet\u0151 volt. Mindazon\u00e1ltal ha egy kutat\u00f3 egy bizonyos inform\u00e1ci\u00f3t akart megtal\u00e1lni, ezt nem tehette meg egyetlen keres\u00e9ssel: a keres\u00e9st minden egyes repozit\u00f3riumban meg kellett ism\u00e9telnie, amelyek k\u00fcl\u00f6nb\u00f6z\u0151 rendszer\u0171ek \u00e9s k\u00fcl\u00f6nb\u00f6z\u0151 adatstrukt\u00far\u00e1val rendelkeznek, a k\u00fcl\u00f6nb\u00f6z\u0151 nyelveket m\u00e1r nem is eml\u00edtve. Tov\u00e1bb\u00e1, csak az\u00e9rt mert valami online el\u00e9rhet\u0151, nem felt\u00e9tlen\u00fcl jelenti azt, hogy meg is tal\u00e1lhat\u00f3: egy hat\u00e9kony keres\u0151rendszer kialak\u00edt\u00e1s\u00e1ra volt sz\u00fcks\u00e9g. A Google nem hat\u00e9kony seg\u00edts\u00e9g ebben, mivel k\u00fcl\u00f6nb\u00f6z\u0151 t\u00e9m\u00e1j\u00fa linkeket k\u00edn\u00e1l fel, amikben csak a keresett sz\u00f3 k\u00f6z\u00f6s. P\u00e9ld\u00e1ul a balta angol megfelel\u0151je az \u201caxe\u201d, melyre k\u00f6zel 300 milli\u00f3 tal\u00e1latot ad ki, ami nem igaz\u00e1n hasznos egy r\u00e9g\u00e9sznek, mert kilist\u00e1zza a borotv\u00e1lkoz\u00f3 \u00e9s kozmetikai term\u00e9keket, a modern ac\u00e9l szersz\u00e1mokat, a j\u00e1t\u00e9kokat \u00e9s a szoftvereket is. Nagyon neh\u00e9z adatot tal\u00e1lni a r\u00e9g\u00e9szetileg relev\u00e1ns t\u00e1rgyr\u00f3l, amelyet az emberis\u00e9g t\u00f6bb ezer \u00e9ve k\u00e9sz\u00edtett, hogy f\u00e1t hasogasson, fegyverk\u00e9nt vagy ritu\u00e1lis szimb\u00f3lumk\u00e9nt haszn\u00e1lja.<\/p>\n<p style=\"text-align: justify;\">Ez kih\u00edv\u00e1st jelentett az ARIADNE sz\u00e1m\u00e1ra: egyr\u00e9szt az a felismer\u00e9s, hogy rengeteg hasznos inform\u00e1ci\u00f3 m\u00e9g mindig felhaszn\u00e1latlan a r\u00e9g\u00e9szeti dokument\u00e1ci\u00f3kban, m\u00e1sr\u00e9szt a technol\u00f3giai lehet\u0151s\u00e9g, ami lehet\u0151v\u00e9 teszi az inform\u00e1ci\u00f3k el\u00e9rhet\u0151s\u00e9g\u00e9t, tov\u00e1bb\u00e1 az adattulajdonosok hajland\u00f3s\u00e1ga, hogy ezeket az inform\u00e1ci\u00f3kat megossz\u00e1k m\u00e1sokkal. Ugyanakkor olyan nagy mennyis\u00e9g\u0171 inform\u00e1ci\u00f3 \u00e1ll rendelkez\u00e9sre, hogy lehetetlennek t\u0171nt a megfelel\u0151 inform\u00e1ci\u00f3k megtal\u00e1l\u00e1sa. Ezek a t\u00e9nyez\u0151k r\u00e1vil\u00e1g\u00edtottak a probl\u00e9m\u00e1kra, de egyben a lehet\u0151s\u00e9gre is. Az ARIADNE partners\u00e9g megold\u00e1st k\u00edn\u00e1lt erre a probl\u00e9m\u00e1ra \u00e9s a kivezet\u0151 \u00fatra, mely sor\u00e1n Ariadne fonal\u00e1t haszn\u00e1lva kijuthatunk ebb\u0151l a neh\u00e9z helyzetb\u0151l.<\/p>\n<p style=\"text-align: justify;\">Fedezze fel az ARIADNEplus partnereit, az \u00e1ltaluk javasolt megold\u00e1sokat \u00e9s hogy mi\u00e9rt fontos ez a t\u00e1rsadalomnak.<\/p>\n<p style=\"text-align: justify;\"><strong>Az ARIADNEplus partners\u00e9g<\/strong><\/p>\n<p style=\"text-align: justify;\">Az ARIADNEplus-ban 41 partner int\u00e9zm\u00e9ny vesz r\u00e9szt 23 eur\u00f3pai \u00e9s 4 Eur\u00f3p\u00e1n k\u00edv\u00fcli orsz\u00e1gb\u00f3l.<\/p>\n<p style=\"text-align: justify;\">ARIADNEplus a kutat\u00f3k t\u00e1mogat\u00e1s\u00e1ra j\u00f6tt l\u00e9tre, de hissz\u00fck, hogy fontos \u00e9s hasznos az \u00f6r\u00f6ks\u00e9gv\u00e9delmi int\u00e9zm\u00e9nyek \u00e9s \u00f6r\u00f6ks\u00e9gv\u00e9delmi szakemberek \u00e9s a t\u00e1rsadalom minden tagja sz\u00e1m\u00e1ra.<\/p>\n<p style=\"text-align: justify;\">Tekintse meg, hogy az \u00d6n orsz\u00e1g\u00e1b\u00f3l mely int\u00e9zm\u00e9ny vesz r\u00e9szt az ARIADNEplus programban.<\/p>\n<p style=\"text-align: justify;\"><strong>Az ARIADNEplus megold\u00e1s<\/strong><\/p>\n<p style=\"text-align: justify;\">A r\u00e9g\u00e9szek ig\u00e9nyeinek kiel\u00e9g\u00edt\u00e9s\u00e9re el\u0151sz\u00f6r az ARIADNE, most pedig az ARIADNEplus hat\u00e9kony megold\u00e1st fejlesztett ki. A projekt l\u00e9trehozott egy port\u00e1lt (<a href=\"https:\/\/ariadne-infrastructure.eu\/portal\/\">www.ariadne-infrastructure.eu\/portal\/<\/a>) egy online el\u00e9rhet\u0151, r\u00e9g\u00e9szeti adatokat tartalmaz\u00f3 katal\u00f3gussal. Ebben a katal\u00f3gusban lehet keresni kulcssz\u00f3ra, id\u0151re\/id\u0151szakra \u00e9s\/vagy helyre.<\/p>\n<p style=\"text-align: justify;\">Az adatok ugyanakkor az adattulajdonosokn\u00e1l, a r\u00e9sztvev\u0151 int\u00e9zm\u00e9nyekn\u00e9l tal\u00e1lhat\u00f3k. Amikor a felhaszn\u00e1l\u00f3 az ARIADNE port\u00e1l adatait b\u00f6ng\u00e9szi, egy olyan linken kereszt\u00fcl jut el a neki megfelel\u0151 inform\u00e1ci\u00f3hoz, amely az adatot szolg\u00e1ltat\u00f3 int\u00e9zm\u00e9nyhez viszi. \u00cdgy a katal\u00f3gus hasonl\u00f3 m\u00f3don m\u0171k\u00f6dik, mint a Google, de csak a r\u00e9g\u00e9szek \u00e1ltal kialak\u00edtott fogalmakat haszn\u00e1lva a r\u00e9g\u00e9szeti adatokra vonatkoz\u00f3 tal\u00e1latokat tartalmazza. Szint\u00e9n fontos a t\u00f6bbnyelv\u0171 megk\u00f6zel\u00edt\u00e9s: az ARIADNEplus t\u00f6bbnyelv\u0171 sz\u00f3t\u00e1rt alkalmaz a fogalmak \u00e9s a k\u00fcl\u00f6nb\u00f6z\u0151 nyelveken \u00edrt dokumentumok keres\u00e9s\u00e9re.<\/p>\n<p style=\"text-align: justify;\">Tov\u00e1bb\u00e1, ugyanez a port\u00e1l tov\u00e1bbi eszk\u00f6z\u00f6ket is tartalmaz az adatok elemz\u00e9s\u00e9re: k\u00e9pek \u00e9s 3D modellek n\u00e9zhet\u0151k meg, ezekb\u0151l vet\u00edt\u00e9st k\u00e9sz\u00edt. Sz\u00f6veget elemez, hogy automatikusan t\u00e1rgymutat\u00f3t hozzon l\u00e9tre, szem\u00e9lyes megjegyz\u00e9sek hozhat\u00f3k l\u00e9tre, vagy tematikus t\u00e9rk\u00e9pek jelen\u00edthet\u0151k meg (p\u00e9ld\u00e1ul minden bronzkori lel\u0151hely a t\u00e9rs\u00e9gben) stb.<\/p>\n<p style=\"text-align: justify;\">Ily m\u00f3don a kutat\u00f3k nem csak azt az inform\u00e1ci\u00f3t tal\u00e1lj\u00e1k meg amit keresnek, hanem az adatok tanulm\u00e1nyoz\u00e1s\u00e1val k\u00fcl\u00f6nb\u00f6z\u0151 adat forr\u00e1sokat kombin\u00e1lhatnak a kutat\u00e1si c\u00e9l el\u00e9r\u00e9se \u00e9rdek\u00e9ben, \u00e9s \u00edgy \u00faj kutat\u00e1si eredm\u00e9nyeket hozhatnak l\u00e9tre.<\/p>\n<p style=\"text-align: justify;\"><strong>Mi\u00e9rt fontos az ARIADNEplus a t\u00e1rsadalomnak?<\/strong><\/p>\n<p style=\"text-align: justify;\">A t\u00e1rsadalomnak k\u00f6zvetett el\u0151nye sz\u00e1rmazik az ARIADNEplus tev\u00e9kenys\u00e9g\u00e9b\u0151l: az el\u0151z\u0151 kutat\u00e1sok eredm\u00e9nyeinek \u00fajra felhaszn\u00e1l\u00e1s\u00e1val n\u00f6veli a r\u00e9g\u00e9szeti kutat\u00e1s hat\u00e9konys\u00e1g\u00e1t az \u00faj kutat\u00e1sokban. Tov\u00e1bb\u00e1 elker\u00fcli a p\u00e1rhuzamos munk\u00e1t \u00e9s megtakar\u00edt\u00e1st eredm\u00e9nyez. Az ARIADNEplus \u00f6szt\u00f6nzi az adatok \u00fajb\u00f3li felhaszn\u00e1l\u00e1s\u00e1t: a legt\u00f6bb kutat\u00e1st k\u00f6zp\u00e9nzb\u0151l finansz\u00edrozz\u00e1k, \u00edgy az eredm\u00e9ny az ad\u00f3fizet\u0151ket is megilleti \u00e9s ezt az eredm\u00e9nyt meg kell osztani m\u00e1s kutat\u00f3kkal is.<\/p>\n<p style=\"text-align: justify;\">Hab\u00e1r az ARIADNEplus l\u00e9trehoz\u00e1sa rengeteg anyagi befektet\u00e9st ig\u00e9nyel (fontoss\u00e1g\u00e1t elismerve t\u00e1mogatta az Eur\u00f3pai Uni\u00f3), a j\u00f6v\u0151beli fenntart\u00e1sa viszonylag olcs\u00f3bb lesz, a k\u00f6lts\u00e9gen a r\u00e9sztvev\u0151k osztoznak.<\/p>\n<p style=\"text-align: justify;\">Amellett, hogy az ARIADNEplus nagyon hasznos a kutat\u00f3k sz\u00e1m\u00e1ra, fontos szerepet j\u00e1tszhat a r\u00e9g\u00e9szeti \u00f6r\u00f6ks\u00e9g kezel\u00e9s\u00e9ben \u00e9s meg\u0151rz\u00e9s\u00e9ben, t\u00e1mogatva az ez\u00e9rt felel\u0151s int\u00e9zm\u00e9nyeket. A kultur\u00e1lis \u00f6r\u00f6ks\u00e9g kulcsfontoss\u00e1g\u00fa t\u00e9nyez\u0151 a nemzeti indentit\u00e1sban \u00e9s gazdas\u00e1gi er\u0151forr\u00e1s is, mivel fontos a kultur\u00e1lis turizmus sz\u00e1m\u00e1ra, hiszen a turizmus bev\u00e9teleinek 40%-a ebb\u0151l a forr\u00e1sb\u00f3l sz\u00e1rmazik.<\/p>\n<p style=\"text-align: justify;\">A t\u00f6rt\u00e9nelem \u00e9s a r\u00e9g\u00e9szet ir\u00e1nt \u00e9rdekl\u0151d\u0151ket szint\u00e9n v\u00e1rja az ARIADNEplus: ugyan els\u0151sorban szakmai c\u00e9lokra lett kital\u00e1lva, mindenki sz\u00e1m\u00e1ra nyitott \u00e9s felhaszn\u00e1l\u00f3bar\u00e1t fel\u00fclete megk\u00f6nny\u00edti a haszn\u00e1latot, p\u00e9ld\u00e1ul az \u00e9rdekl\u0151d\u0151k felfedezhetik mi t\u00f6rt\u00e9nt a m\u00faltban a lakhely\u00fck\u00f6n.<\/p>\n","protected":false},"excerpt":{"rendered":"<p>Mi\u00e9rt van sz\u00fcks\u00e9ge a r\u00e9g\u00e9szetnek az ARIADNE-ra? A kutat\u00e1saik sor\u00e1n a r\u00e9g\u00e9szek nagy mennyis\u00e9g\u0171 anyagot vizsg\u00e1lnak meg, ezek egyn\u00e9melyik\u00e9t m\u00e1sok tal\u00e1lt\u00e1k \u00e9s azokat m\u00fazeumokban \u0151rzik, de sok t\u00e1rgyat \u00fajonnan tal\u00e1lnak a felt\u00e1r\u00e1sok sor\u00e1n. A \u201ckincseknek\u201d, amelyeket a r\u00e9g\u00e9szek felfedeznek \u2013term\u00e9szetesen kev\u00e9s kiv\u00e9telt\u0151l eltekintve \u2013, gyakran nincs vagy csak kis \u00e9rt\u00e9k\u00fck van, mivel az \u00e9rt\u00e9k\u00fck abban &hellip; <\/p>\n<p class=\"link-more\"><a href=\"https:\/\/whatis.ariadne-infrastructure.eu\/hu\/tarsadalom\/\" class=\"more-link\">Continue reading<span class=\"screen-reader-text\"> &#8220;T\u00c1RSADALOM&#8221;<\/span><\/a><\/p>\n","protected":false},"author":1,"featured_media":0,"parent":0,"menu_order":0,"comment_status":"closed","ping_status":"closed","template":"","meta":[],"_links":{"self":[{"href":"https:\/\/whatis.ariadne-infrastructure.eu\/hu\/wp-json\/wp\/v2\/pages\/13"}],"collection":[{"href":"https:\/\/whatis.ariadne-infrastructure.eu\/hu\/wp-json\/wp\/v2\/pages"}],"about":[{"href":"https:\/\/whatis.ariadne-infrastructure.eu\/hu\/wp-json\/wp\/v2\/types\/page"}],"author":[{"embeddable":true,"href":"https:\/\/whatis.ariadne-infrastructure.eu\/hu\/wp-json\/wp\/v2\/users\/1"}],"replies":[{"embeddable":true,"href":"https:\/\/whatis.ariadne-infrastructure.eu\/hu\/wp-json\/wp\/v2\/comments?post=13"}],"version-history":[{"count":2,"href":"https:\/\/whatis.ariadne-infrastructure.eu\/hu\/wp-json\/wp\/v2\/pages\/13\/revisions"}],"predecessor-version":[{"id":34,"href":"https:\/\/whatis.ariadne-infrastructure.eu\/hu\/wp-json\/wp\/v2\/pages\/13\/revisions\/34"}],"wp:attachment":[{"href":"https:\/\/whatis.ariadne-infrastructure.eu\/hu\/wp-json\/wp\/v2\/media?parent=13"}],"curies":[{"name":"wp","href":"https:\/\/api.w.org\/{rel}","templated":true}]}}