{"id":2,"date":"2019-07-23T10:17:18","date_gmt":"2019-07-23T10:17:18","guid":{"rendered":"http:\/\/whatis.ariadne-infrastructure.eu\/hr\/?page_id=2"},"modified":"2019-07-23T13:24:11","modified_gmt":"2019-07-23T13:24:11","slug":"sample-page","status":"publish","type":"page","link":"https:\/\/whatis.ariadne-infrastructure.eu\/hr\/","title":{"rendered":"ARIADNEplus"},"content":{"rendered":"\r\n<p style=\"text-align: justify;\">ARIADNEplus nastavak je arheolo\u0161kog istra\u017eiva\u010dkog projekta ARIADNE koji je trajao od 2013. do 2017. godine, a financirala ga je Europska komisija. Cilj projekta ARIADNE integracija je europskih arheolo\u0161kih repozitorija. U sklopu projekta stvoren je pretra\u017eivi katalog skupova podataka koji uklju\u010duju neobjavljena izvje\u0161\u0107a, slike, karte, baze podataka i druge vrste arheolo\u0161kih informacija dostupnih preko interneta.<\/p>\r\n<p style=\"text-align: justify;\">Projekt se pokazao tako uspje\u0161nim da mu je do 2022. godine (a nadamo se dulje) odobren nastavak financiranja. Sada pod imenom ARIADNEplus, kako bi se naglasio kontinuitet s prethodnim projektom, odvija se uz pobolj\u0161anja zadr\u017eavaju\u0107i isti metodolo\u0161ki pristup.<\/p>\r\n<p style=\"text-align: justify;\">Naziv projekta na engleskom jeziku oblikovan je u privla\u010dan akronim koji sa\u017eima njegovu svrhu. No projekt ARIADNE dobio je ime i po mitolo\u0161koj kretskoj princezi koja je pomogla junaku Tezeju da pobjegne iz labirinta toliko kompliciranog da iz njega nije bilo mogu\u0107e na\u0107i izlaz. Arijadna je Tezeju dala klupko koje je on postupno odmotavao pa je na povratku, slijede\u0107i nit (nazvanu Arijadnina nit), na\u0161ao izlaz iz labirinta. Na\u0161 projekt ARIADNE pomo\u0107i \u0107e dana\u0161njim istra\u017eiva\u010dima da prona\u0111u svoj put kroz ne manje te\u017eak labirint.<\/p>\r\n<p style=\"text-align: justify;\">Ako o projektu ARIADNEplus \u017eelite saznati vi\u0161e, odaberite poveznicu najbli\u017eu va\u0161im interesima.<\/p>\r\n<p style=\"text-align: center;\"><a href=\"http:\/\/whatis.ariadne-infrastructure.eu\/hr\/istrazivaci\/\">ISTRA\u017dIVA\u010cI<\/a> \u2013 <a href=\"http:\/\/whatis.ariadne-infrastructure.eu\/hr\/bastinski-strucnjaci-i-upravitelji\/\">BA\u0160TINSKI STRU\u010cNJACI I UPRAVITELJI<\/a> \u2013 <a href=\"http:\/\/whatis.ariadne-infrastructure.eu\/hr\/gradani\/\">GRA\u0110ANI<\/a><\/p>\r\n<p style=\"text-align: justify;\"><strong>Stupite s nama u kontakt<\/strong><\/p>\r\n<p style=\"text-align: justify;\">ARIADNEPlus nastoji stupiti u kontakt s potencijalnim korisnicima i svima zainteresiranima kako bi se, kad god je mogu\u0107e, kroz projekt osiguralo razmatranje njihovih potreba i zahtjeva.<\/p>\r\n<p style=\"text-align: justify;\">Dodatne informacije i obrazac za kontakt dostupni su na mre\u017enoj stranici projekta (samo na engleskom jeziku):<\/p>\r\n<p style=\"text-align: justify;\"><a href=\"https:\/\/ariadne-infrastructure.eu\/\">www.ariadne-infrastructure.eu<\/a><\/p>\r\n<p style=\"text-align: justify;\">Najnovije vijesti dostupne su na na\u0161oj mre\u017enoj stranici i na\u0161im ra\u010dunima na dru\u0161tvenim mre\u017eama (na engleskom jeziku):<\/p>\r\n<p style=\"text-align: justify;\"><a href=\"https:\/\/twitter.com\/ARIADNEplus\">twitter @ARIADNEplus<\/a><\/p>\r\n","protected":false},"excerpt":{"rendered":"<p>ARIADNEplus nastavak je arheolo\u0161kog istra\u017eiva\u010dkog projekta ARIADNE koji je trajao od 2013. do 2017. godine, a financirala ga je Europska komisija. Cilj projekta ARIADNE integracija je europskih arheolo\u0161kih repozitorija. U sklopu projekta stvoren je pretra\u017eivi katalog skupova podataka koji uklju\u010duju neobjavljena izvje\u0161\u0107a, slike, karte, baze podataka i druge vrste arheolo\u0161kih informacija dostupnih preko interneta. Projekt &hellip; <\/p>\n<p class=\"link-more\"><a href=\"https:\/\/whatis.ariadne-infrastructure.eu\/hr\/\" class=\"more-link\">Continue reading<span class=\"screen-reader-text\"> &#8220;ARIADNEplus&#8221;<\/span><\/a><\/p>\n","protected":false},"author":1,"featured_media":0,"parent":0,"menu_order":0,"comment_status":"closed","ping_status":"open","template":"","meta":[],"_links":{"self":[{"href":"https:\/\/whatis.ariadne-infrastructure.eu\/hr\/wp-json\/wp\/v2\/pages\/2"}],"collection":[{"href":"https:\/\/whatis.ariadne-infrastructure.eu\/hr\/wp-json\/wp\/v2\/pages"}],"about":[{"href":"https:\/\/whatis.ariadne-infrastructure.eu\/hr\/wp-json\/wp\/v2\/types\/page"}],"author":[{"embeddable":true,"href":"https:\/\/whatis.ariadne-infrastructure.eu\/hr\/wp-json\/wp\/v2\/users\/1"}],"replies":[{"embeddable":true,"href":"https:\/\/whatis.ariadne-infrastructure.eu\/hr\/wp-json\/wp\/v2\/comments?post=2"}],"version-history":[{"count":5,"href":"https:\/\/whatis.ariadne-infrastructure.eu\/hr\/wp-json\/wp\/v2\/pages\/2\/revisions"}],"predecessor-version":[{"id":34,"href":"https:\/\/whatis.ariadne-infrastructure.eu\/hr\/wp-json\/wp\/v2\/pages\/2\/revisions\/34"}],"wp:attachment":[{"href":"https:\/\/whatis.ariadne-infrastructure.eu\/hr\/wp-json\/wp\/v2\/media?parent=2"}],"curies":[{"name":"wp","href":"https:\/\/api.w.org\/{rel}","templated":true}]}}