{"id":17,"date":"2019-07-23T13:02:15","date_gmt":"2019-07-23T13:02:15","guid":{"rendered":"http:\/\/whatis.ariadne-infrastructure.eu\/hr\/?page_id=17"},"modified":"2020-06-05T17:29:59","modified_gmt":"2020-06-05T17:29:59","slug":"bastinski-strucnjaci-i-upravitelji","status":"publish","type":"page","link":"https:\/\/whatis.ariadne-infrastructure.eu\/hr\/bastinski-strucnjaci-i-upravitelji\/","title":{"rendered":"BA\u0160TINSKI STRU\u010cNJACI I UPRAVITELJI"},"content":{"rendered":"<p style=\"text-align: justify;\"><strong>Kako djeluje ARIADNEplus?<\/strong><\/p>\n<p style=\"text-align: justify;\">Katalog ARIADNEplus pretra\u017eiv je pomo\u0107u tri facete: \u00bbkada\u00ab (vrijeme), \u00bbgdje\u00ab (prostor), \u00bb\u0161to\u00ab (predmet); te klju\u010dnih rije\u010di izvedenih iz kontroliranih tezaurusa. Rezultat pretra\u017eivanja popis je skupova podataka koji odgovaraju kriterijima odabira sa sa\u017eetim informacijama o njihovom sadr\u017eaju i poveznicom na izvorne podatke kojima korisnik mo\u017ee pristupiti prema pravilima vlasnika sadr\u017eaja. U okviru projekta ne prikupljaju se niti prenose podaci, ve\u0107 samo metapodaci o skupovima podataka koje odr\u017eavaju i kontroliraju njihovi vlasnici. Trenutno je katalogizirano oko dva milijuna skupova podataka, \u0161to je iznimno velika koli\u010dini informacija jer, primjerice, pojedini skup podataka mo\u017ee sadr\u017eavati cjelovito izvje\u0161\u0107e povezano sa slikama, crte\u017eima ili bazom podataka, uklju\u010duju\u0107i tisu\u0107e pojedina\u010dnih zapisa. Sadr\u017eaj kataloga obuhva\u0107a pojedina\u010dne nalaze, popise spomenika i nalazi\u0161ta, izvje\u0161\u0107a o pojedina\u010dnim zahvatima kao i rezultate dugoro\u010dnih arheolo\u0161kih istra\u017eivanja.<\/p>\n<p style=\"text-align: justify;\">Pristup katalogu je besplatan.<\/p>\n<p style=\"text-align: justify;\">ARIADNEplus pro\u0161iruje ARIADNE kroz geografsku i vremensku pokrivenost te rasponom tema, odnosno uklju\u010divanjem dodatnih podataka o znanstvenim analizama. Pru\u017eat \u0107e i usluge za daljnji obradu i ponovno kori\u0161tenje podataka. Projekt je financiran kao potpora istra\u017eiva\u010dima, no vjerujemo da jednako va\u017ean i koristan mo\u017ee biti ba\u0161tinskim organizacijama i djelatnicima u podru\u010dju upravljanja ba\u0161tinom.<\/p>\n<p style=\"text-align: justify;\"><strong>Partnerstvo ARIADNEplus<\/strong><\/p>\n<p style=\"text-align: justify;\">Na projektu ARIADNEplus sudjeluje 41 partner iz 23 europske dr\u017eave i 4 me\u0111unarodna partnera.<\/p>\n<p style=\"text-align: justify;\">Pogledajte koji partneri dolaze iz va\u0161e zemlje.<\/p>\n<p style=\"text-align: justify;\"><strong>Propisi i strategije<\/strong><\/p>\n<p style=\"text-align: justify;\">Plan rada projekta ARIADNEplus uklju\u010duje skup djelatnosti posve\u0107enih dokumentiranju i predlaganju prikladnih propisa i strategija za podatke kao \u0161to su primjena na\u010dela FAIR (engl. <em>FAIR principles<\/em>) i certificiranje repozitorija. Bavit \u0107e se i nekim temeljnim pitanjima, primjerice izradom smjernica za stvaranje, upravljanje i odr\u017eivost arheolo\u0161kih repozitorija. Podru\u010djem upravljanja fizi\u010dkim arhivima na prostoru Europe vlada kriza i izrazita potreba za razvojem prikladnih smjernica pa je jednako va\u017eno da se njima obuhvate i digitalni arhivi. Takvi dokumenti mogu biti iznimno va\u017eni za djelatnike u podru\u010dju upravljanja ba\u0161tinom i njihove organizacije. \u0160tovi\u0161e, na\u0161a aktivnost na propisima i strategijama uklju\u010duje i odredbe za obu\u010davanje korisnika, istra\u017eiva\u010da i upravitelja. Kako bismo lak\u0161e slu\u017eili razli\u010ditim zajednicama kojima su predstavljene djelatnosti namijenjene, u planu je prevo\u0111enje pomo\u0107nih materijala pripremljenih na engleskom jeziku, na razli\u010dite jezike EU. Takav pristup u obzir \u0107e uzeti i lokalne propise te razli\u010dite potrebe.<\/p>\n<p style=\"text-align: justify;\">Op\u0107enito, opseg djelatnosti ARIADNEplus u podru\u010dju razvoja propisa i strategija nije ograni\u010den na istra\u017eivanje: ako postoji poseban interes, mo\u017ee uklju\u010diti teme iz drugih podru\u010dja kao \u0161to su podaci za upravljanje ba\u0161tinom i za\u0161titu nalazi\u0161ta.<\/p>\n<p style=\"text-align: justify;\"><strong>Umre\u017eavanje i osposobljavanje<\/strong><\/p>\n<p style=\"text-align: justify;\">Jedan od ciljeva projekta ARIADNEplus je okupiti sveobuhvatnu, aktivnu i informiranu zajednicu te je predvi\u0111en velik broj inicijativa kao \u0161to su radionice, seminari, sastanci i namjenski komunikacijski kanali. Posebna \u0107e pozornost biti posve\u0107ena regijama ili zemljama u kojima su stvaranje, obrada i upravljanje arheolo\u0161kim skupovima podataka mo\u017eda nedovoljno razvijeni: ve\u0107 je uspostavljena radna skupina za srednju i jugoisto\u010dnu Europu. Sli\u010dan pristup bit \u0107e usmjeren na skupine definirane prema njihovim specifi\u010dnim potrebama &#8211; kao \u0161to su muzeji, arheolo\u0161ka nalazi\u0161ta i sl.; te na razli\u010dite ba\u0161tinske i arheolo\u0161ke djelatnike &#8211; kao \u0161to su upravitelji nalazi\u0161ta, kustosi muzeja, istra\u017eiva\u010di i znanstvenici, u\u010ditelji i komunikatori.<\/p>\n<p style=\"text-align: justify;\">Osposobljavanje je zna\u010dajan dio mnogih aktivnosti umre\u017eavanja te uklju\u010duje dostupnost materijala za obuku u okviru izravnog sudjelovanja &#8211; npr. dokumentaciju i smjernice; i daljinskog sudjelovanja &#8211; npr. <em>webinari<\/em>.<\/p>\n<p style=\"text-align: justify;\">Plan osposobljavanja projekta ARIADNEplus predvi\u0111a i posebne djelatnosti koje uklju\u010duju ud\u017ebenike i radionice za obuku, kao i preno\u0161enje znanja o pojedina\u010dnim projektima pri \u010demu manji timovi imaju izravnu potporu stru\u010dnjaka s projekta ARIADNEplus.<\/p>\n<p style=\"text-align: justify;\">Djelatnosti koje se provode s ciljem osposobljavanja besplatne su za sve sudionike; ve\u0107inom uz osiguranje naknade za putne tro\u0161kove. Dokumentacija za osposobljavanje ve\u0107inom je na engleskom jeziku, no u slu\u010daju potrebe mogu\u0107e je osigurati prijevode.<\/p>\n<p style=\"text-align: justify;\"><strong>Technology<\/strong><\/p>\n<p style=\"text-align: justify;\">Iako je ve\u0107ina tehnologije koju koristi ARIADNEplus namijenjena integraciji podataka, uklju\u010duju\u0107i uspostavu pretra\u017eivog kataloga i razvoj pristupa povezanih otvorenih podataka (engl. <em>Linked Open Data<\/em>), klju\u010dnu ulogu imaju podatkovne usluge koje \u0107e kroz projekt postati dostupne. To uklju\u010duje alate za analizu podataka (npr. za podatkovno rudarenje i obradu prirodnog jezika, engl. <em>Natural Language Processing<\/em>) i alate za sintezu podataka (npr. vizualizacija slika i 3D, prostorni ili vremenski smje\u0161taj podataka, pretra\u017eivanje pomo\u0107u povezanih podataka itd.).<\/p>\n<p style=\"text-align: justify;\">ARIADNEplus koristi vi\u0161ejezi\u010dne rje\u010dnike koji omogu\u0107uju postavljanje upita pomo\u0107u pojmova iz razli\u010ditih jezika i pretra\u017eivanje dokumenata pisanih na razli\u010ditim jezicima.<\/p>\n<p style=\"text-align: justify;\">Razvit \u0107emo i brojne pilot aplikacije za prikaz primjerenih na\u010dina kori\u0161tenja usluga. Neplanirane dodatne usluge vjerojatno \u0107e biti ograni\u010dene samo na pro\u0161irenje planiranih, no dovoljno je prostora za odabir pilot aplikacija koje odgovaraju potrebama ba\u0161tinskih stru\u010dnjaka.<\/p>\n<p>Posjetite na\u0161u mre\u017enu stranicu (<a href=\"https:\/\/ariadne-infrastructure.eu\/\" target=\"_blank\" rel=\"noopener noreferrer\">www.ariadne-infrastructure.eu<\/a>) i koristite portal (<a href=\"https:\/\/ariadne-infrastructure.eu\/portal\/\" target=\"_blank\" rel=\"noopener noreferrer\">www.ariadne-infrastructure.eu\/portal\/<\/a>) kako biste dobili detaljnije informacije (na engleskom jeziku) o ponu\u0111enim uslugama obrade podataka.<\/p>\n<p style=\"text-align: justify;\"><strong>Za\u0161to je projekt ARIADNEPlus va\u017ean za ba\u0161tinske stru\u010dnjake i upravitelje?<\/strong><\/p>\n<p style=\"text-align: justify;\">Ba\u0161tinski stru\u010dnjaci katalog ARIADNEplus mogu koristiti kako bi pro\u0161irili svoje razumijevanje ba\u0161tine za koju su nadle\u017eni, prou\u010davanjem izravno povezanih istra\u017eivanja te pristupanjem informacijama o sli\u010dnim slu\u010dajevima prou\u010davanima drugdje. ARIADNEplus svojim smjernicama te prijedlozima propise i naputcima za osposobljavanje mo\u017ee zna\u010dajno poduprijeti prijenos znanja o upravljanju arheolo\u0161kim podacima. Ustanovama je mogu\u0107e pru\u017eiti i individualnu pomo\u0107 pri stvaranju repozitorija digitalne dokumentacije ili za pobolj\u0161anje njegove kvalitete i u\u010dinkovitosti. Prijenos metapodataka u katalog je besplatan i dobrodo\u0161ao, dok je potpora besplatna. Stoga projekt ARIADNEplus mo\u017ee potpomo\u0107i provedbi misije svake ustanove i pobolj\u0161anju kvalitete njenih usluga. Preko lokalnog partnera ili preko sredi\u0161njih ureda projekta uspostavite kontakt s projektom ARIADNEplus kako biste dobili odgovor prilago\u0111en va\u0161im potrebama.<\/p>\n","protected":false},"excerpt":{"rendered":"<p>Kako djeluje ARIADNEplus? Katalog ARIADNEplus pretra\u017eiv je pomo\u0107u tri facete: \u00bbkada\u00ab (vrijeme), \u00bbgdje\u00ab (prostor), \u00bb\u0161to\u00ab (predmet); te klju\u010dnih rije\u010di izvedenih iz kontroliranih tezaurusa. Rezultat pretra\u017eivanja popis je skupova podataka koji odgovaraju kriterijima odabira sa sa\u017eetim informacijama o njihovom sadr\u017eaju i poveznicom na izvorne podatke kojima korisnik mo\u017ee pristupiti prema pravilima vlasnika sadr\u017eaja. U okviru projekta &hellip; <\/p>\n<p class=\"link-more\"><a href=\"https:\/\/whatis.ariadne-infrastructure.eu\/hr\/bastinski-strucnjaci-i-upravitelji\/\" class=\"more-link\">Continue reading<span class=\"screen-reader-text\"> &#8220;BA\u0160TINSKI STRU\u010cNJACI I UPRAVITELJI&#8221;<\/span><\/a><\/p>\n","protected":false},"author":1,"featured_media":0,"parent":0,"menu_order":0,"comment_status":"closed","ping_status":"closed","template":"","meta":[],"_links":{"self":[{"href":"https:\/\/whatis.ariadne-infrastructure.eu\/hr\/wp-json\/wp\/v2\/pages\/17"}],"collection":[{"href":"https:\/\/whatis.ariadne-infrastructure.eu\/hr\/wp-json\/wp\/v2\/pages"}],"about":[{"href":"https:\/\/whatis.ariadne-infrastructure.eu\/hr\/wp-json\/wp\/v2\/types\/page"}],"author":[{"embeddable":true,"href":"https:\/\/whatis.ariadne-infrastructure.eu\/hr\/wp-json\/wp\/v2\/users\/1"}],"replies":[{"embeddable":true,"href":"https:\/\/whatis.ariadne-infrastructure.eu\/hr\/wp-json\/wp\/v2\/comments?post=17"}],"version-history":[{"count":4,"href":"https:\/\/whatis.ariadne-infrastructure.eu\/hr\/wp-json\/wp\/v2\/pages\/17\/revisions"}],"predecessor-version":[{"id":44,"href":"https:\/\/whatis.ariadne-infrastructure.eu\/hr\/wp-json\/wp\/v2\/pages\/17\/revisions\/44"}],"wp:attachment":[{"href":"https:\/\/whatis.ariadne-infrastructure.eu\/hr\/wp-json\/wp\/v2\/media?parent=17"}],"curies":[{"name":"wp","href":"https:\/\/api.w.org\/{rel}","templated":true}]}}