{"id":2,"date":"2019-08-02T13:41:33","date_gmt":"2019-08-02T13:41:33","guid":{"rendered":"http:\/\/whatis.ariadne-infrastructure.eu\/fr\/?page_id=2"},"modified":"2019-08-02T14:09:49","modified_gmt":"2019-08-02T14:09:49","slug":"sample-page","status":"publish","type":"page","link":"https:\/\/whatis.ariadne-infrastructure.eu\/fr\/","title":{"rendered":"ARIADNEplus"},"content":{"rendered":"<p style=\"text-align: justify;\">ARIADNEplus fait suite \u00e0 ARIADNE, un projet de recherche en arch\u00e9ologie financ\u00e9 par la Commission europ\u00e9enne qui a d\u00e9but\u00e9 en 2013 et s&#8217;est termin\u00e9 en 2017. ARIADNE visait \u00e0 l&#8217;int\u00e9gration d\u2019entrep\u00f4ts de donn\u00e9es issues de la recherche arch\u00e9ologique europ\u00e9enne. Il a abouti \u00e0 la cr\u00e9ation d\u2019un catalogue consultable en ligne d&#8217;ensembles de donn\u00e9es arch\u00e9ologiques comprenant des rapports d\u2019op\u00e9ration non publi\u00e9s, des images, des cartes, des bases de donn\u00e9es et d&#8217;autres types d&#8217;informations.<\/p>\n<p style=\"text-align: justify;\">Le projet a connu un tel succ\u00e8s qu&#8217;il a \u00e9t\u00e9 de nouveau financ\u00e9 et se poursuivra jusqu&#8217;en 2022 (et esp\u00e9rons-le, plus longtemps) sous le nom d&#8217;ARIADNEplus pour souligner sa filiation avec le pr\u00e9c\u00e9dent projet tout en l\u2019am\u00e9liorant et en maintenant la m\u00eame approche m\u00e9thodologique.<\/p>\n<p style=\"text-align: justify;\">En plus de former en anglais un acronyme r\u00e9sumant bien les objectifs du projet, ARIADNE tire son nom de la princesse mythologique de Cr\u00e8te, Ariane ou Ariadne, qui a aid\u00e9 le h\u00e9ros Th\u00e9s\u00e9e \u00e0 s&#8217;\u00e9chapper du Labyrinthe, un b\u00e2timent si compliqu\u00e9 que trouver la sortie \u00e9tait une t\u00e2che insurmontable, peut-\u00eatre impossible pour tout humain : elle lui donna un fil &#8211; appel\u00e9 fil d&#8217;Ariane &#8211; qu&#8217;il d\u00e9roula progressivement pour ne pas perdre son chemin et le suivre pour en sortir. Notre ARIADNE aidera les chercheurs modernes \u00e0 s&#8217;orienter dans un labyrinthe non moins difficile.<\/p>\n<p style=\"text-align: justify;\">Pour en savoir plus sur ARIADNEplus, choisissez la perspective qui vous int\u00e9resse le plus.<\/p>\n<p style=\"text-align: center;\"><a href=\"http:\/\/whatis.ariadne-infrastructure.eu\/fr\/chercheurs\/\">CHERCHEURS<\/a> &#8211; <a href=\"http:\/\/whatis.ariadne-infrastructure.eu\/fr\/gestionnaires-et-professionnels-du-patrimoine\/\">GESTIONNAIRES ET LES PROFESSIONNELS DU PATRIMOINE<\/a> &#8211; <a href=\"http:\/\/whatis.ariadne-infrastructure.eu\/fr\/citoyens\/\">CITOYENS<\/a><\/p>\n<p style=\"text-align: justify;\"><strong>Nous contacter<\/strong><\/p>\n<p style=\"text-align: justify;\">ARIADNEPlus souhaite \u00eatre en contact avec les potentiels utilisateurs et toute personne ou institution int\u00e9ress\u00e9e par le projet, en r\u00e9pondant \u00e0 leurs besoins et demandes chaque fois que cela est possible.<\/p>\n<p style=\"text-align: justify;\">De plus amples informations et un formulaire de contact sont disponibles sur le site web du projet (en anglais uniquement) :<\/p>\n<p style=\"text-align: justify;\"><a href=\"http:\/\/www.ariadne-infrastructure.eu\">www.ariadne-infrastructure.eu<\/a><\/p>\n<p style=\"text-align: justify;\">Des nouvelles mises \u00e0 jour sont disponibles sur notre site web ainsi que sur les r\u00e9seaux sociaux (en anglais).<\/p>\n<p style=\"text-align: justify;\"><a href=\"https:\/\/twitter.com\/ARIADNEplus\" target=\"_blank\" rel=\"noopener noreferrer\">twitter@ARIADNEplus<\/a><\/p>\n","protected":false},"excerpt":{"rendered":"<p>ARIADNEplus fait suite \u00e0 ARIADNE, un projet de recherche en arch\u00e9ologie financ\u00e9 par la Commission europ\u00e9enne qui a d\u00e9but\u00e9 en 2013 et s&#8217;est termin\u00e9 en 2017. ARIADNE visait \u00e0 l&#8217;int\u00e9gration d\u2019entrep\u00f4ts de donn\u00e9es issues de la recherche arch\u00e9ologique europ\u00e9enne. Il a abouti \u00e0 la cr\u00e9ation d\u2019un catalogue consultable en ligne d&#8217;ensembles de donn\u00e9es arch\u00e9ologiques comprenant &hellip; <\/p>\n<p class=\"link-more\"><a href=\"https:\/\/whatis.ariadne-infrastructure.eu\/fr\/\" class=\"more-link\">Continue reading<span class=\"screen-reader-text\"> &#8220;ARIADNEplus&#8221;<\/span><\/a><\/p>\n","protected":false},"author":1,"featured_media":0,"parent":0,"menu_order":0,"comment_status":"closed","ping_status":"open","template":"","meta":[],"_links":{"self":[{"href":"https:\/\/whatis.ariadne-infrastructure.eu\/fr\/wp-json\/wp\/v2\/pages\/2"}],"collection":[{"href":"https:\/\/whatis.ariadne-infrastructure.eu\/fr\/wp-json\/wp\/v2\/pages"}],"about":[{"href":"https:\/\/whatis.ariadne-infrastructure.eu\/fr\/wp-json\/wp\/v2\/types\/page"}],"author":[{"embeddable":true,"href":"https:\/\/whatis.ariadne-infrastructure.eu\/fr\/wp-json\/wp\/v2\/users\/1"}],"replies":[{"embeddable":true,"href":"https:\/\/whatis.ariadne-infrastructure.eu\/fr\/wp-json\/wp\/v2\/comments?post=2"}],"version-history":[{"count":4,"href":"https:\/\/whatis.ariadne-infrastructure.eu\/fr\/wp-json\/wp\/v2\/pages\/2\/revisions"}],"predecessor-version":[{"id":23,"href":"https:\/\/whatis.ariadne-infrastructure.eu\/fr\/wp-json\/wp\/v2\/pages\/2\/revisions\/23"}],"wp:attachment":[{"href":"https:\/\/whatis.ariadne-infrastructure.eu\/fr\/wp-json\/wp\/v2\/media?parent=2"}],"curies":[{"name":"wp","href":"https:\/\/api.w.org\/{rel}","templated":true}]}}