{"id":12,"date":"2019-08-02T13:57:30","date_gmt":"2019-08-02T13:57:30","guid":{"rendered":"http:\/\/whatis.ariadne-infrastructure.eu\/fr\/?page_id=12"},"modified":"2020-06-05T17:31:33","modified_gmt":"2020-06-05T17:31:33","slug":"chercheurs","status":"publish","type":"page","link":"https:\/\/whatis.ariadne-infrastructure.eu\/fr\/chercheurs\/","title":{"rendered":"Chercheurs"},"content":{"rendered":"<p style=\"text-align: justify;\"><strong>Comment fonctionne ARIADNEplus ?<\/strong><\/p>\n<p style=\"text-align: justify;\">Le catalogue ARIADNEplus est interrogeable selon trois entr\u00e9es\u00a0: chronologique &#8220;quand&#8221;, g\u00e9ographique &#8220;o\u00f9&#8221;, et th\u00e9matique &#8220;quoi&#8221;. L\u2019interrogation th\u00e9matique se fait \u00e0 l\u2019aide de mots cl\u00e9s issus de vocabulaires contr\u00f4l\u00e9s. Les r\u00e9sultats de la recherche s\u2019affichent sous forme de liste de ressources (document textuel, donn\u00e9e isol\u00e9e ou ensemble de donn\u00e9es) dont la forme et le contenu sont sommairement d\u00e9crits. Un lien renvoie vers la plateforme source de la ressource, qui est ainsi accessible pour l&#8217;utilisateur selon les r\u00e8gles \u00e9tablies par le propri\u00e9taire du contenu. Le projet ne regroupe, ni ne d\u00e9place les donn\u00e9es qui sont conserv\u00e9es et contr\u00f4l\u00e9es par leurs propri\u00e9taires, mais utilise seulement leurs m\u00e9tadonn\u00e9es. \u00c0 l&#8217;heure actuelle, environ deux millions d&#8217;ensembles de donn\u00e9es ont \u00e9t\u00e9 catalogu\u00e9s, correspondant \u00e0 une \u00e9norme quantit\u00e9 d&#8217;information puisque chaque ensemble de donn\u00e9es peut comprendre un rapport d\u2019op\u00e9ration complet avec des images, des dessins ou une base de donn\u00e9es comprenant des milliers de notices individuelles. Les types de contenus catalogu\u00e9s vont de d\u00e9couvertes individuelles \u00e0 des inventaires de monuments et de sites, du rapport d&#8217;une seule op\u00e9ration aux r\u00e9sultats d&#8217;une mission arch\u00e9ologique de longue dur\u00e9e.<\/p>\n<p style=\"text-align: justify;\">ARIADNEplus \u00e9largit la couverture g\u00e9ographique et temporelle d\u2019ARIADNE, ainsi que l&#8217;\u00e9ventail des sujets abord\u00e9s, en int\u00e9grant d\u00e9sormais des informations sur les analyses scientifiques. Il fournira \u00e9galement des services de traitement et de r\u00e9utilisation de ces donn\u00e9es. ARIADNEplus est financ\u00e9 pour soutenir les chercheurs, mais nous pensons qu&#8217;il peut aussi \u00eatre important et utile pour les organismes gestionnaires du patrimoine et leurs personnels.<\/p>\n<p style=\"text-align: justify;\"><strong>Le partenariat ARIADNEplus <\/strong><\/p>\n<p style=\"text-align: justify;\">ARIADNEplus est compos\u00e9 de 41 partenaires de 23 pays europ\u00e9ens et de 4 pays extra-europ\u00e9ens.<\/p>\n<p style=\"text-align: justify;\">Voir quels sont les partenaires venant de votre pays.<\/p>\n<p style=\"text-align: justify;\"><strong>Politiques et strat\u00e9gies<\/strong><\/p>\n<p style=\"text-align: justify;\">Le programme de travail d&#8217;ARIADNEplus comprend un ensemble d&#8217;activit\u00e9s visant \u00e0 documenter et \u00e0 proposer des politiques et des strat\u00e9gies pertinentes pour la gestion des donn\u00e9es, telles que l&#8217;application des principes FAIR et la certification des entrep\u00f4ts. Certaines questions fondamentales, par exemple l&#8217;\u00e9laboration de directives pour la cr\u00e9ation, la gestion et la durabilit\u00e9 des entrep\u00f4ts arch\u00e9ologiques, seront abord\u00e9es. Notamment ARIADNEplus diffusera un mod\u00e8le de plan de gestion des donn\u00e9e (PGD) adapt\u00e9 aux besoins de la recherche arch\u00e9ologique et conforme aux normes et aux exigences de l&#8217;UE. En effet, l\u2019\u00e9laboration d&#8217;un PGD est en voie de devenir obligatoire pour toute recherche financ\u00e9e, et elle l&#8217;est d\u00e9j\u00e0 dans plusieurs pays d&#8217;Europe. Il y a une crise europ\u00e9enne des entrep\u00f4ts physiques et un besoin urgent de directives pour les archives physiques, mais il est tout aussi important que les archives num\u00e9riques soient prises en compte. Ces directives peuvent pr\u00e9senter un int\u00e9r\u00eat particulier pour les gestionnaires du patrimoine et leurs organismes. De plus, nos activit\u00e9s dans ce domaine inclues la formation des utilisateurs, des chercheurs et des gestionnaires du patrimoine. Afin de faciliter l\u2019acc\u00e8s des diff\u00e9rentes communaut\u00e9s cibl\u00e9es par ces activit\u00e9s, il est pr\u00e9vu que les documents supports, initialement pr\u00e9par\u00e9s en anglais, soient traduits dans diff\u00e9rentes langues de l&#8217;UE et tiennent compte des r\u00e9glementations locales et des besoins sp\u00e9cifiques.<\/p>\n<p style=\"text-align: justify;\">De mani\u00e8re g\u00e9n\u00e9rale, les activit\u00e9s en mati\u00e8re de politiques et de strat\u00e9gies d&#8217;ARIADNEplus ne se limitent pas au domaine de la recherche\u00a0; s&#8217;il existe un int\u00e9r\u00eat sp\u00e9cifique, elles peuvent inclure d\u2019autres sujets comme les donn\u00e9es li\u00e9es \u00e0 la gestion du patrimoine et la conservation des sites.<\/p>\n<p style=\"text-align: justify;\"><strong>Construction de r\u00e9seaux et formation<\/strong><\/p>\n<p style=\"text-align: justify;\">La consolidation d&#8217;une communaut\u00e9 \u00e9tendue, active et inform\u00e9e est l&#8217;un des objectifs du projet ARIADNEplus, qui pr\u00e9voit un grand nombre d&#8217;initiatives, telles que des ateliers, des sessions lors de conf\u00e9rences, des r\u00e9unions et l\u2019utilisation de canaux de communication sp\u00e9cialis\u00e9s. Une attention particuli\u00e8re sera accord\u00e9e aux r\u00e9gions, ou pays, o\u00f9 la cr\u00e9ation, le traitement et la gestion des ensembles de donn\u00e9es arch\u00e9ologiques sont moins avanc\u00e9s\u00a0; un groupe de travail sur l&#8217;Europe centrale et m\u00e9ridionale a d\u00e9j\u00e0 \u00e9t\u00e9 cr\u00e9\u00e9. Une approche similaire visera des groupes d\u00e9finis en fonction\u00a0: de leurs besoins sp\u00e9cifiques, par exemple les mus\u00e9es, les sites arch\u00e9ologiques, etc. ; ou de leurs fonctions li\u00e9es au patrimoine culturel et \u00e0 l&#8217;arch\u00e9ologie, tels que les gestionnaires de sites, les conservateurs de mus\u00e9es, les chercheurs, les enseignants et les charg\u00e9s de communication.<\/p>\n<p style=\"text-align: justify;\">De nombreuses activit\u00e9s de mise en r\u00e9seau comportent un important volet de formation, avec l\u2019\u00e9laboration de supports\u00a0: pour une participation directe, par exemple des tutoriels, des guides de bonnes pratiques ou des directives, ou pour la participation en ligne, par exemple les webinaires.<\/p>\n<p style=\"text-align: justify;\">Le plan de formation d\u2019ARIADNEplus pr\u00e9voit \u00e9galement des actions de formation sp\u00e9cifiques. Il s&#8217;agit notamment de tutoriels et d&#8217;ateliers de formation ainsi que d&#8217;actions de transfert de connaissances sur des projets individuels, dans lesquels une petite \u00e9quipe est directement soutenue par les experts d&#8217;ARIADNEplus.<\/p>\n<p style=\"text-align: justify;\">Toutes les activit\u00e9s de formation sont gratuites pour les participants ; la plupart d&#8217;entre-elles offrent une aide au d\u00e9placement et des allocations de subsistance. Les documents de formation sont habituellement en anglais, mais des traductions peuvent \u00eatre fournies s\u2019il existe une forte demande.<\/p>\n<p style=\"text-align: justify;\"><strong>Technologie<\/strong><\/p>\n<p style=\"text-align: justify;\">Bien que la plupart des d\u00e9veloppements techniques r\u00e9alis\u00e9s\u00a0dans Ariadne et ARIADNEplus portent sur l&#8217;int\u00e9gration des donn\u00e9es au projet, notamment la cr\u00e9ation d&#8217;un catalogue consultable et le d\u00e9veloppement d&#8217;une approche de donn\u00e9es li\u00e9es ouvertes, les services, que le projet rendra disponibles, jouent un r\u00f4le cl\u00e9. Il s&#8217;agit notamment d&#8217;outils d&#8217;analyse de donn\u00e9es (p. ex. pour l&#8217;exploration de donn\u00e9es et le traitement du langage naturel) et de synth\u00e8se de donn\u00e9es (p. ex. visualisation d&#8217;images 3D, localisation de donn\u00e9es sur une carte ou dans le temps, navigation dans les donn\u00e9es \u00e0 l&#8217;aide de donn\u00e9es li\u00e9es, etc.).<\/p>\n<p style=\"text-align: justify;\">ARIADNEplus utilise des vocabulaires multilingues pour d\u00e9crire les requ\u00eates dans de nombreuses langues et rechercher des documents \u00e9crits dans des langues autres que l&#8217;anglais.<\/p>\n<p style=\"text-align: justify;\">Nous d\u00e9velopperons \u00e9galement un certain nombre d&#8217;applications pilotes, afin d\u2019illustrer l&#8217;utilisation des services au travers d\u2019exemples pr\u00e9cis. Les sc\u00e9narios de recherche ne figurant pas dans le portfolio d&#8217;ARIADNEplus peuvent \u00eatre pris en compte et, en tout \u00e9tat de cause, une aide peut \u00eatre fournie par les \u00e9quipes de haut niveau du partenariat ARIADNEplus qui comprend le meilleur de la recherche europ\u00e9enne en arch\u00e9ologie num\u00e9rique.<\/p>\n<p style=\"text-align: justify;\">Visitez notre site web (<a href=\"http:\/\/www.ariadne-infrastructure.eu\/\" target=\"_blank\" rel=\"noopener noreferrer\">www.ariadne-infrastructure.eu<\/a>) et utilisez le portail (<a href=\"https:\/\/ariadne-infrastructure.eu\/portal\/\" target=\"_blank\" rel=\"noopener noreferrer\">www.ariadne-infrastructure.eu\/portal\/<\/a>) pour obtenir des informations plus d\u00e9taill\u00e9es (en anglais) sur les services de traitement des donn\u00e9es.<\/p>\n<p style=\"text-align: justify;\"><strong>Pourquoi ARIADNEPlus est-il important pour les chercheurs\u00a0?<\/strong><\/p>\n<p style=\"text-align: justify;\">Le catalogue ARIADNEplus r\u00e9unit un grand nombre de d\u2019entrep\u00f4ts de donn\u00e9es arch\u00e9ologiques num\u00e9riques, en pratique la plupart des entrep\u00f4ts europ\u00e9ens. Les arch\u00e9ologues peuvent utiliser le catalogue pour compl\u00e9ter leurs travaux de recherche avec des informations pr\u00e9cieuses qui ne sont pas directement disponibles autrement. L&#8217;acc\u00e8s au catalogue et aux services est gratuit. Le catalogue et ses services sont adapt\u00e9s aux activit\u00e9s de recherche afin de faciliter la d\u00e9couverte, l&#8217;acc\u00e8s et la r\u00e9utilisation des donn\u00e9es.<\/p>\n<p style=\"text-align: justify;\">Les activit\u00e9s de formation et de transfert de connaissances sont con\u00e7ues pour r\u00e9pondre aux besoins des chercheurs en mati\u00e8re d&#8217;utilisation des technologies de l&#8217;information. Dans le cadre du pr\u00e9c\u00e9dent projet ARIADNE, plusieurs centaines de chercheurs ont particip\u00e9 avec succ\u00e8s aux formations et environ 70 projets ont re\u00e7u une assistance personnalis\u00e9e pour la gestion des r\u00e9sultats num\u00e9riques de leurs recherches.<\/p>\n<p style=\"text-align: justify;\">ARIADNEplus prendra en consid\u00e9ration tout probl\u00e8me li\u00e9 aux donn\u00e9es survenant au cours d&#8217;une fouille arch\u00e9ologique et fournira des conseils sur l&#8217;utilisation des services d&#8217;ARIADNEplus pour y rem\u00e9dier. N&#8217;h\u00e9sitez pas \u00e0 contacter ARIADNEplus par l&#8217;interm\u00e9diaire de votre partenaire ARIADNEplus local ou par l&#8217;interm\u00e9diaire des bureaux centraux du projet pour obtenir une r\u00e9ponse adapt\u00e9e \u00e0 vos besoins.<\/p>\n","protected":false},"excerpt":{"rendered":"<p>Comment fonctionne ARIADNEplus ? Le catalogue ARIADNEplus est interrogeable selon trois entr\u00e9es\u00a0: chronologique &#8220;quand&#8221;, g\u00e9ographique &#8220;o\u00f9&#8221;, et th\u00e9matique &#8220;quoi&#8221;. L\u2019interrogation th\u00e9matique se fait \u00e0 l\u2019aide de mots cl\u00e9s issus de vocabulaires contr\u00f4l\u00e9s. Les r\u00e9sultats de la recherche s\u2019affichent sous forme de liste de ressources (document textuel, donn\u00e9e isol\u00e9e ou ensemble de donn\u00e9es) dont la forme &hellip; <\/p>\n<p class=\"link-more\"><a href=\"https:\/\/whatis.ariadne-infrastructure.eu\/fr\/chercheurs\/\" class=\"more-link\">Continue reading<span class=\"screen-reader-text\"> &#8220;Chercheurs&#8221;<\/span><\/a><\/p>\n","protected":false},"author":1,"featured_media":0,"parent":0,"menu_order":0,"comment_status":"closed","ping_status":"closed","template":"","meta":[],"_links":{"self":[{"href":"https:\/\/whatis.ariadne-infrastructure.eu\/fr\/wp-json\/wp\/v2\/pages\/12"}],"collection":[{"href":"https:\/\/whatis.ariadne-infrastructure.eu\/fr\/wp-json\/wp\/v2\/pages"}],"about":[{"href":"https:\/\/whatis.ariadne-infrastructure.eu\/fr\/wp-json\/wp\/v2\/types\/page"}],"author":[{"embeddable":true,"href":"https:\/\/whatis.ariadne-infrastructure.eu\/fr\/wp-json\/wp\/v2\/users\/1"}],"replies":[{"embeddable":true,"href":"https:\/\/whatis.ariadne-infrastructure.eu\/fr\/wp-json\/wp\/v2\/comments?post=12"}],"version-history":[{"count":2,"href":"https:\/\/whatis.ariadne-infrastructure.eu\/fr\/wp-json\/wp\/v2\/pages\/12\/revisions"}],"predecessor-version":[{"id":31,"href":"https:\/\/whatis.ariadne-infrastructure.eu\/fr\/wp-json\/wp\/v2\/pages\/12\/revisions\/31"}],"wp:attachment":[{"href":"https:\/\/whatis.ariadne-infrastructure.eu\/fr\/wp-json\/wp\/v2\/media?parent=12"}],"curies":[{"name":"wp","href":"https:\/\/api.w.org\/{rel}","templated":true}]}}