{"id":2,"date":"2019-11-21T14:57:17","date_gmt":"2019-11-21T14:57:17","guid":{"rendered":"http:\/\/whatis.ariadne-infrastructure.eu\/es\/?page_id=2"},"modified":"2019-11-21T16:03:35","modified_gmt":"2019-11-21T16:03:35","slug":"sample-page","status":"publish","type":"page","link":"https:\/\/whatis.ariadne-infrastructure.eu\/es\/","title":{"rendered":"ARIADNEplus"},"content":{"rendered":"<p style=\"text-align: justify;\">ARIADNEplus es la continuaci\u00f3n de ARIADNE, un proyecto de investigaci\u00f3n en arqueolog\u00eda financiado por la Comisi\u00f3n Europea que comenz\u00f3 en 2013 y dur\u00f3 hasta 2017. ARIADNE tuvo como objetivo la integraci\u00f3n de los repositorios arqueol\u00f3gicos europeos. Cre\u00f3 un cat\u00e1logo de datos en el que se pueden realizar b\u00fasquedas, que incluye informes no publicados, im\u00e1genes, mapas, bases de datos y otros tipos de informaci\u00f3n arqueol\u00f3gica accesibles en l\u00ednea.<\/p>\n<p style=\"text-align: justify;\">El proyecto demostr\u00f3 ser tan exitoso que ha sido financiado nuevamente y continuar\u00e1 hasta 2022 (y esperamos que contin\u00fae a\u00fan m\u00e1s), ahora llamado ARIADNEplus para subrayar la continuidad del nuevo proyecto con el anterior, pero mejor\u00e1ndolo mientras mantiene el mismo enfoque metodol\u00f3gico.<\/p>\n<p style=\"text-align: justify;\">Adem\u00e1s de formar en ingl\u00e9s un atractivo acr\u00f3nimo que resume su prop\u00f3sito, ARIADNE toma su nombre de la princesa mitol\u00f3gica de Creta, que ayud\u00f3 al h\u00e9roe Teseo a escapar del Laberinto, un edificio tan complicado que encontrar la salida fue una tarea abrumadora, tal vez imposible para cualquier humano: ella le dio un hilo, llamado el hilo de Ariadne, que \u00e9l desenroll\u00f3 progresivamente para seguir el rastro de su camino, y lo sigui\u00f3 para salir del Laberinto. Nuestro ARIADNE ayudar\u00e1 a los investigadores modernos a encontrar su camino a trav\u00e9s de un laberinto no menos dif\u00edcil.<\/p>\n<p style=\"text-align: justify;\">Para descubrir m\u00e1s sobre ARIADNEplus, elija la perspectiva que mejor represente su inter\u00e9s en ella.<\/p>\n<p style=\"text-align: center;\"><a href=\"http:\/\/whatis.ariadne-infrastructure.eu\/es\/investigadores\/\">INVESTIGADORES<\/a> \u2013 <a href=\"http:\/\/whatis.ariadne-infrastructure.eu\/es\/gestores-y-profesionales-del-patrimonio\/\">GESTORES Y PROFESIONALES DEL PATRIMONIO<\/a> \u2013 <a href=\"http:\/\/whatis.ariadne-infrastructure.eu\/es\/ciudadanos\/\">CIUDADANOS<\/a><\/p>\n<h3><strong>Cont\u00e1ctenos<\/strong><\/h3>\n<p style=\"text-align: justify;\">ARIADNEPlus est\u00e1 dispuesto a ponerse en contacto con los usuarios potenciales y cualquier otra parte interesada, atendiendo sus necesidades y solicitudes dentro del proyecto siempre que sea posible.<\/p>\n<p style=\"text-align: justify;\">M\u00e1s informaci\u00f3n y un formulario de contacto est\u00e1n disponibles en el sitio web del proyecto (solo en ingl\u00e9s):<\/p>\n<p style=\"text-align: justify;\"><a href=\"http:\/\/www.ariadne-infrastructure.eu\/\">www.ariadne-infrastructure.eu<\/a><\/p>\n<p style=\"text-align: justify;\">Las noticias actualizadas est\u00e1n disponibles en nuestro sitio web y tambi\u00e9n en nuestras cuentas sociales (en ingl\u00e9s)<\/p>\n<p><a href=\"https:\/\/twitter.com\/ARIADNEplus\">twitter@ARIADNEplus<\/a><\/p>\n","protected":false},"excerpt":{"rendered":"<p>ARIADNEplus es la continuaci\u00f3n de ARIADNE, un proyecto de investigaci\u00f3n en arqueolog\u00eda financiado por la Comisi\u00f3n Europea que comenz\u00f3 en 2013 y dur\u00f3 hasta 2017. ARIADNE tuvo como objetivo la integraci\u00f3n de los repositorios arqueol\u00f3gicos europeos. Cre\u00f3 un cat\u00e1logo de datos en el que se pueden realizar b\u00fasquedas, que incluye informes no publicados, im\u00e1genes, mapas, &hellip; <\/p>\n<p class=\"link-more\"><a href=\"https:\/\/whatis.ariadne-infrastructure.eu\/es\/\" class=\"more-link\">Continue reading<span class=\"screen-reader-text\"> &#8220;ARIADNEplus&#8221;<\/span><\/a><\/p>\n","protected":false},"author":1,"featured_media":0,"parent":0,"menu_order":0,"comment_status":"closed","ping_status":"open","template":"","meta":[],"_links":{"self":[{"href":"https:\/\/whatis.ariadne-infrastructure.eu\/es\/wp-json\/wp\/v2\/pages\/2"}],"collection":[{"href":"https:\/\/whatis.ariadne-infrastructure.eu\/es\/wp-json\/wp\/v2\/pages"}],"about":[{"href":"https:\/\/whatis.ariadne-infrastructure.eu\/es\/wp-json\/wp\/v2\/types\/page"}],"author":[{"embeddable":true,"href":"https:\/\/whatis.ariadne-infrastructure.eu\/es\/wp-json\/wp\/v2\/users\/1"}],"replies":[{"embeddable":true,"href":"https:\/\/whatis.ariadne-infrastructure.eu\/es\/wp-json\/wp\/v2\/comments?post=2"}],"version-history":[{"count":7,"href":"https:\/\/whatis.ariadne-infrastructure.eu\/es\/wp-json\/wp\/v2\/pages\/2\/revisions"}],"predecessor-version":[{"id":36,"href":"https:\/\/whatis.ariadne-infrastructure.eu\/es\/wp-json\/wp\/v2\/pages\/2\/revisions\/36"}],"wp:attachment":[{"href":"https:\/\/whatis.ariadne-infrastructure.eu\/es\/wp-json\/wp\/v2\/media?parent=2"}],"curies":[{"name":"wp","href":"https:\/\/api.w.org\/{rel}","templated":true}]}}