{"id":2,"date":"2019-08-27T09:05:27","date_gmt":"2019-08-27T09:05:27","guid":{"rendered":"http:\/\/whatis.ariadne-infrastructure.eu\/de\/?page_id=2"},"modified":"2019-08-27T12:52:16","modified_gmt":"2019-08-27T12:52:16","slug":"sample-page","status":"publish","type":"page","link":"https:\/\/whatis.ariadne-infrastructure.eu\/de\/","title":{"rendered":"ARIADNEplus"},"content":{"rendered":"<p style=\"text-align: justify;\">ARIADNEplus ist die Fortsetzung von ARIADNE, einem von der Europ\u00e4ischen Kommission finanzierten Forschungsprojekt im Bereich der Arch\u00e4ologie, das 2013 begann und bis 2017 andauerte. ARIADNE zielte auf die Integration europ\u00e4ischer arch\u00e4ologischer Datenspeicher ab. Es wurde ein durchsuchbarer Katalog von Datens\u00e4tzen erstellt, der unver\u00f6ffentlichte Berichte, Bilder, Karten, Datenbanken und andere Arten von arch\u00e4ologischen Informationen enth\u00e4lt, die online verf\u00fcgbar sind.<\/p>\n<p style=\"text-align: justify;\">Das Projekt erwies sich als so erfolgreich, dass es erneut finanziert wurde und bis 2022 (und hoffentlich auch l\u00e4nger) unter dem Namen ARIADNEplus weitergef\u00fchrt wird, was die Kontinuit\u00e4t des neuen Projekts gegen\u00fcber dem vorherigen unterstreichen soll, jedoch es auch verbessern wird, w\u00e4hrend dabei der gleiche methodische Ansatz beibehalten werden soll.<\/p>\n<p style=\"text-align: justify;\">Der Name ARIADNE bildet nicht nur auf Englisch ein ansprechendes Akronym, das seinen Zweck zusammenfasst, sondern erhielt seinen Namen auch von der mythologischen Prinzessin von Kreta, die dem Helden Theseus half, aus dem Labyrinth zu entkommen, einem Konstrukt, das so kompliziert war, dass es f\u00fcr jeden Menschen eine schwierige, wahrscheinlich unm\u00f6gliche Aufgabe war, den Ausgang zu finden: Sie gab ihm einen Faden &#8211; Ariadnes Faden -, den er schrittweise abrollte, um seinen Weg in das Labyrinth hinein zu finden und auch wieder herauszukommen. Unsere ARIADNE wird modernen ForscherInnen helfen, sich in einem nicht weniger schwierigen Labyrinth zurechtzufinden.<\/p>\n<p style=\"text-align: justify;\">Um mehr \u00fcber ARIADNEplus zu erfahren, w\u00e4hlen Sie den Bereich, der Sie am meisten anspricht, aus.<\/p>\n<p style=\"text-align: center;\"><a href=\"http:\/\/whatis.ariadne-infrastructure.eu\/de\/forscherinnen\/\">FORSCHERINNEN<\/a> \u2013 <a href=\"http:\/\/whatis.ariadne-infrastructure.eu\/de\/kulturerbe-verantwortliche\/\">KULTURERBE VERANTWORTLICHE<\/a> \u2013 <a href=\"http:\/\/whatis.ariadne-infrastructure.eu\/de\/allgemeine-offentlichkeit\/\">ALLGEMEINE \u00d6FFENTLICHKEIT<\/a><\/p>\n<p><strong>Kontaktieren Sie uns<\/strong><\/p>\n<p style=\"text-align: justify;\">ARIADNEPlus ist bestrebt, mit potenziellen BenutzerInnen und anderen InteressentInnen in Kontakt zu treten und deren Bed\u00fcrfnisse und Anforderungen im Rahmen des Projekts zu ber\u00fccksichtigen, wann immer dies m\u00f6glich ist.<\/p>\n<p style=\"text-align: justify;\">Weitere Informationen und ein Kontaktformular finden Sie auf der Projektwebsite (nur in englischer Sprache):<\/p>\n<p style=\"text-align: justify;\"><a href=\"http:\/\/www.ariadne-infrastructure.eu\" target=\"_blank\" rel=\"noreferrer noopener\" aria-label=\" (opens in a new tab)\">www.ariadne-infrastructure.eu<\/a><\/p>\n<p style=\"text-align: justify;\">Aktualisierte Nachrichten finden Sie auf unserer Website und auch in unseren sozialen Konten (in englischer Sprache).<\/p>\n<p style=\"text-align: justify;\">\u00a0<a href=\"https:\/\/twitter.com\/ARIADNEplus\">twitter@ARIADNEplus<\/a><\/p>\n","protected":false},"excerpt":{"rendered":"<p>ARIADNEplus ist die Fortsetzung von ARIADNE, einem von der Europ\u00e4ischen Kommission finanzierten Forschungsprojekt im Bereich der Arch\u00e4ologie, das 2013 begann und bis 2017 andauerte. ARIADNE zielte auf die Integration europ\u00e4ischer arch\u00e4ologischer Datenspeicher ab. Es wurde ein durchsuchbarer Katalog von Datens\u00e4tzen erstellt, der unver\u00f6ffentlichte Berichte, Bilder, Karten, Datenbanken und andere Arten von arch\u00e4ologischen Informationen enth\u00e4lt, die &hellip; <\/p>\n<p class=\"link-more\"><a href=\"https:\/\/whatis.ariadne-infrastructure.eu\/de\/\" class=\"more-link\">Continue reading<span class=\"screen-reader-text\"> &#8220;ARIADNEplus&#8221;<\/span><\/a><\/p>\n","protected":false},"author":1,"featured_media":0,"parent":0,"menu_order":0,"comment_status":"closed","ping_status":"open","template":"","meta":[],"_links":{"self":[{"href":"https:\/\/whatis.ariadne-infrastructure.eu\/de\/wp-json\/wp\/v2\/pages\/2"}],"collection":[{"href":"https:\/\/whatis.ariadne-infrastructure.eu\/de\/wp-json\/wp\/v2\/pages"}],"about":[{"href":"https:\/\/whatis.ariadne-infrastructure.eu\/de\/wp-json\/wp\/v2\/types\/page"}],"author":[{"embeddable":true,"href":"https:\/\/whatis.ariadne-infrastructure.eu\/de\/wp-json\/wp\/v2\/users\/1"}],"replies":[{"embeddable":true,"href":"https:\/\/whatis.ariadne-infrastructure.eu\/de\/wp-json\/wp\/v2\/comments?post=2"}],"version-history":[{"count":4,"href":"https:\/\/whatis.ariadne-infrastructure.eu\/de\/wp-json\/wp\/v2\/pages\/2\/revisions"}],"predecessor-version":[{"id":27,"href":"https:\/\/whatis.ariadne-infrastructure.eu\/de\/wp-json\/wp\/v2\/pages\/2\/revisions\/27"}],"wp:attachment":[{"href":"https:\/\/whatis.ariadne-infrastructure.eu\/de\/wp-json\/wp\/v2\/media?parent=2"}],"curies":[{"name":"wp","href":"https:\/\/api.w.org\/{rel}","templated":true}]}}