{"id":15,"date":"2019-08-27T12:34:33","date_gmt":"2019-08-27T12:34:33","guid":{"rendered":"http:\/\/whatis.ariadne-infrastructure.eu\/de\/?page_id=15"},"modified":"2020-06-05T17:34:12","modified_gmt":"2020-06-05T17:34:12","slug":"kulturerbe-verantwortliche","status":"publish","type":"page","link":"https:\/\/whatis.ariadne-infrastructure.eu\/de\/kulturerbe-verantwortliche\/","title":{"rendered":"Kulturerbe verantwortliche"},"content":{"rendered":"<p style=\"text-align: justify;\"><strong>Wie funktioniert ARIADNEplus?<\/strong><\/p>\n<p style=\"text-align: justify;\">Der ARIADNEplus-Katalog kann nach den drei Aspekten &#8220;Wann&#8221; (Zeit), &#8220;Wo&#8221; (Raum), &#8220;Was&#8221; (Objekt) und Schl\u00fcsselw\u00f6rtern durchsucht werden, die aus kontrollierten Vokabeln stammen. Das Ergebnis ist eine Liste der Datens\u00e4tze, die den Auswahlkriterien entsprechen, mit zusammenfassenden Informationen zu ihrem Inhalt und einem Link zu den Quelldaten, auf die der Benutzer gem\u00e4\u00df den vom Inhaltseigent\u00fcmer festgelegten Regeln zugreifen kann. Das Projekt aggregiert oder verschiebt keine Daten, sondern nur die Metadaten der Datens\u00e4tze, die von ihren Eigent\u00fcmern verwaltet und gesteuert werden. Gegenw\u00e4rtig wurden etwa zwei Millionen Datens\u00e4tze katalogisiert, was einer enormen Menge an Informationen entspricht, da jeder Datensatz beispielsweise einen vollst\u00e4ndigen Bericht mit zugeh\u00f6rigen Bildern, Zeichnungen oder eine vollst\u00e4ndige Datenbank mit Tausenden einzelner Datens\u00e4tze umfassen kann. Die katalogisierten Inhalte reichen von einzelnen Funden \u00fcber Denkmal- und Standortinventare bis hin zum Bericht \u00fcber eine einzelne Intervention und den Ergebnissen von langfristigen arch\u00e4ologischen Feldforschungen.<\/p>\n<p style=\"text-align: justify;\">Der Zugang zum Katalog ist kostenlos.<\/p>\n<p style=\"text-align: justify;\">ARIADNEplus erweitert ARIADNE in Bezug auf die geografische und zeitliche Abdeckung sowie das Themenspektrum um zus\u00e4tzliche Informationen zu wissenschaftlichen Analysen. Es werden auch Dienste zur Weiterverarbeitung und Wiederverwendung dieser Daten bereitgestellt. ARIADNEplus wird zur Unterst\u00fctzung von ForscherInnen finanziert. Wir glauben jedoch, dass dies auch f\u00fcr Kulturerbeagenturen und -managerInnen wichtig und n\u00fctzlich sein kann.<\/p>\n<p style=\"text-align: justify;\"><strong>Die ARIADNEplus-Partnerschaft<\/strong><\/p>\n<p style=\"text-align: justify;\">Die 41 ARIADNEplus-Partner kommen aus 23 europ\u00e4ischen L\u00e4ndern und vier aus au\u00dfereurop\u00e4ischen L\u00e4ndern.<\/p>\n<p style=\"text-align: justify;\">Sehen Sie, welche Partner aus Ihrem Land kommen.<\/p>\n<p style=\"text-align: justify;\"><strong>Richtlinien und Strategien<\/strong><\/p>\n<p style=\"text-align: justify;\">Der ARIADNEplus-Arbeitsplan enth\u00e4lt eine Gruppe von Aktivit\u00e4ten, die sich mit der Dokumentation und dem Vorschlag relevanter Richtlinien und Strategien f\u00fcr Daten befassen, z. B. die Anwendung der FAIR-Prinzipien und die Zertifizierung von Repositories. Es werden auch einige grundlegende Fragen behandelt, beispielsweise die Entwicklung von Leitlinien f\u00fcr die Erstellung, Verwaltung und Nachhaltigkeit von arch\u00e4ologischen Fundstellen. Es gibt eine europ\u00e4ische Krise bei physischen Repositories und ein dringendes Bed\u00fcrfnis nach Richtlinien f\u00fcr physische Archive, aber es ist ebenso wichtig, dass digitale Archive erfasst werden. Solche Dokumente k\u00f6nnen f\u00fcr die Kulturerbeverwalter und ihre Agenturen von besonderem Interesse sein. Dar\u00fcber hinaus umfassen unsere Aktivit\u00e4ten zu Richtlinien und Strategien Schulungen f\u00fcr AnwenderInnen, ForscherInnen und ManagerInnen. Um die verschiedenen Gemeinden, die von diesen Aktivit\u00e4ten betroffen sind, besser bedienen zu k\u00f6nnen, ist geplant, das zun\u00e4chst auf Englisch erstellte Unterst\u00fctzungsmaterial in verschiedene EU-Sprachen zu \u00fcbersetzen. Bei einer solchen Lokalisierung werden auch lokale Vorschriften und unterschiedliche Bed\u00fcrfnisse ber\u00fccksichtigt.<\/p>\n<p style=\"text-align: justify;\">Im Allgemeinen beschr\u00e4nkt sich der Umfang der Aktivit\u00e4ten von ARIADNEplus in Bezug auf Richtlinien und Strategien nicht auf die Forschung: Wenn ein spezifisches Interesse besteht, k\u00f6nnen Themen einbezogen werden, die eher mit anderen Aufgaben zusammenh\u00e4ngen, wie z. B. Daten f\u00fcr die Bewirtschaftung des Kulturerbes und die Erhaltung von Standorten.<\/p>\n<p style=\"text-align: justify;\"><strong>Networking und Training<\/strong><\/p>\n<p style=\"text-align: justify;\">Die Konsolidierung einer umfassenden, aktiven und informierten Community ist eines der Ziele des ARIADNEplus-Projekts, das eine Vielzahl von Initiativen vorsieht, z. B. Workshops, Sektionen auf Veranstaltungen, Tagungen und spezielle Kommunikationskan\u00e4le. Besondere Aufmerksamkeit wird Regionen oder L\u00e4ndern gewidmet, in denen die Erstellung, Verarbeitung und Verwaltung arch\u00e4ologischer Datens\u00e4tze im Vergleich zu den anderen m\u00f6glicherweise weniger weit fortgeschritten ist: Eine Arbeitsgruppe f\u00fcr Mittel- und S\u00fcdeuropa wurde bereits eingesetzt. Ein \u00e4hnlicher Ansatz wird sich an Zielgruppen richten, die nach ihren spezifischen Bed\u00fcrfnissen definiert sind, z. B. Museen, arch\u00e4ologische St\u00e4tten usw. Das Gleiche gilt f\u00fcr verschiedene Rollen im Bereich des kulturellen Erbes und der Arch\u00e4ologie, z. B. f\u00fcr BauleiterInnen, MuseumskuratorenInnen, ErmittlerInnen und ForscherInnen, LehrerInnen und KommunikatorInnen.<\/p>\n<p style=\"text-align: justify;\">Viele der Netzwerkaktivit\u00e4ten umfassen eine wesentliche Schulungskomponente, wobei Schulungsmaterial sowohl f\u00fcr die direkte Teilnahme, z. B. Dokumentation und Richtlinien sowie f\u00fcr die Fernbeteiligung, z. B. Webinare.<\/p>\n<p style=\"text-align: justify;\">Der ARIADNEplus-Schulungsplan sieht auch spezifische Schulungsma\u00dfnahmen vor. Dazu geh\u00f6ren Tutorials und Trainingsworkshops sowie Aktionen zum Wissenstransfer in einzelnen Projekten, bei denen ein kleines Team direkt von ARIADNEplus-Experten unterst\u00fctzt wird.<\/p>\n<p style=\"text-align: justify;\">Alle Trainingsaktivit\u00e4ten sind f\u00fcr die Teilnehmer kostenlos. Die meisten von ihnen bieten Unterst\u00fctzung f\u00fcr Reisen und den Lebensunterhalt. Die Schulungsunterlagen sind in der Regel in englischer Sprache. Bei ausreichender Anforderung k\u00f6nnen jedoch \u00dcbersetzungen zur Verf\u00fcgung gestellt werden.<\/p>\n<p style=\"text-align: justify;\"><strong>Technologie<\/strong><\/p>\n<p style=\"text-align: justify;\">Obwohl der gr\u00f6\u00dfte Teil der in ARIADNEplus verwendeten Technologie das Ziel der Datenintegration, einschlie\u00dflich der Erstellung des durchsuchbaren Katalogs und der Entwicklung eines Linked Open Data-Ansatzes, betrifft, spielen die Datendienste, die das Projekt zur Verf\u00fcgung stellen wird, eine Schl\u00fcsselrolle. Dazu geh\u00f6ren Tools zur Datenanalyse (z. B. f\u00fcr Data Mining und Natural Language Processing) und zur Datensynthese (z. B. Visualisierung von Bildern und 3D, Auffinden von Daten auf einer Karte oder in der Zeit, Durchsuchen der Daten mithilfe verkn\u00fcpfter Daten usw.).<\/p>\n<p style=\"text-align: justify;\">ARIADNEplus verwendet mehrsprachige Vokabulare, um die Abfragen mit Begriffen in vielen Sprachen zu beschreiben und Dokumente zu durchsuchen, die in anderen Sprachen als Englisch verfasst sind.<\/p>\n<p style=\"text-align: justify;\">Wir werden auch eine Reihe von Pilotanwendungen entwickeln, um die Nutzung von Diensten in beispielhaften F\u00e4llen zu demonstrieren. W\u00e4hrend ungeplante Zusatzdienste m\u00f6glicherweise nur auf Erweiterungen der geplanten Dienste beschr\u00e4nkt sind, gibt es ausreichend Platz f\u00fcr die Auswahl von Pilotanwendungen, die den Anforderungen von Heritage-ManagerInnen entsprechen.<\/p>\n<p>Besuchen Sie unsere Website (<a href=\"http:\/\/www.ariadne-infrastructure.eu\" target=\"_blank\" rel=\"noopener noreferrer\">www.ariadne-infrastructure.eu<\/a>) und nutzen Sie das Portal (<a href=\"https:\/\/ariadne-infrastructure.eu\/portal\/\" target=\"_blank\" rel=\"noopener noreferrer\">www.ariadne-infrastructure.eu\/portal\/<\/a>), um detailliertere Informationen (in englischer Sprache) zu den angebotenen Datenverarbeitungsdiensten zu erhalten.<\/p>\n<p style=\"text-align: justify;\"><strong>Warum ARIADNEPlus f\u00fcr ManagerInnen und Fachleute von Kulturerbe wichtig ist<\/strong><\/p>\n<p style=\"text-align: justify;\">Kulturerbe Fachleute k\u00f6nnen den ARIADNEplus-Katalog verwenden, um ihr Verst\u00e4ndnis des Kulturerbes, f\u00fcr das sie zust\u00e4ndig sind zu verbessern \u2013 entweder durch Informationen \u00fcber dieses Kultureerbe oder \u00fcber \u00e4hnlicher F\u00e4lle. ARIADNEplus, mit seinen Richtlinien, Leitlinien f\u00fcr Richtlinien und Schulungen kann auch beim Wissenstransfer \u00fcber die Verwaltung arch\u00e4ologischer Daten eine gro\u00dfe Hilfe sein. Institutionen k\u00f6nnen auch individuell unterst\u00fctzt werden, um ein Repository f\u00fcr ihre digitale Dokumentation zu erstellen oder deren Qualit\u00e4t und Effektivit\u00e4t zu verbessern. Die Bereitstellung von Metadaten f\u00fcr den Katalog ist kostenlos und \u00e4u\u00dferst willkommen. Die Unterst\u00fctzung ist kostenlos. Daher kann die Unterst\u00fctzung von ARIADNEplus dazu beitragen, dass jede Institution ihre eigene Mission besser erf\u00fcllen kann und die Qualit\u00e4t der von ihnen angebotenen Dienstleistungen zu verbessern. Wenden Sie sich an ARIADNEplus \u00fcber Ihren lokalen ARIADNEplus-Partner oder \u00fcber die Projektzentralen, um eine personalisierte Antwort auf Ihre Bed\u00fcrfnisse zu erhalten.<\/p>\n","protected":false},"excerpt":{"rendered":"<p>Wie funktioniert ARIADNEplus? Der ARIADNEplus-Katalog kann nach den drei Aspekten &#8220;Wann&#8221; (Zeit), &#8220;Wo&#8221; (Raum), &#8220;Was&#8221; (Objekt) und Schl\u00fcsselw\u00f6rtern durchsucht werden, die aus kontrollierten Vokabeln stammen. Das Ergebnis ist eine Liste der Datens\u00e4tze, die den Auswahlkriterien entsprechen, mit zusammenfassenden Informationen zu ihrem Inhalt und einem Link zu den Quelldaten, auf die der Benutzer gem\u00e4\u00df den vom &hellip; <\/p>\n<p class=\"link-more\"><a href=\"https:\/\/whatis.ariadne-infrastructure.eu\/de\/kulturerbe-verantwortliche\/\" class=\"more-link\">Continue reading<span class=\"screen-reader-text\"> &#8220;Kulturerbe verantwortliche&#8221;<\/span><\/a><\/p>\n","protected":false},"author":1,"featured_media":0,"parent":0,"menu_order":0,"comment_status":"closed","ping_status":"closed","template":"","meta":[],"_links":{"self":[{"href":"https:\/\/whatis.ariadne-infrastructure.eu\/de\/wp-json\/wp\/v2\/pages\/15"}],"collection":[{"href":"https:\/\/whatis.ariadne-infrastructure.eu\/de\/wp-json\/wp\/v2\/pages"}],"about":[{"href":"https:\/\/whatis.ariadne-infrastructure.eu\/de\/wp-json\/wp\/v2\/types\/page"}],"author":[{"embeddable":true,"href":"https:\/\/whatis.ariadne-infrastructure.eu\/de\/wp-json\/wp\/v2\/users\/1"}],"replies":[{"embeddable":true,"href":"https:\/\/whatis.ariadne-infrastructure.eu\/de\/wp-json\/wp\/v2\/comments?post=15"}],"version-history":[{"count":2,"href":"https:\/\/whatis.ariadne-infrastructure.eu\/de\/wp-json\/wp\/v2\/pages\/15\/revisions"}],"predecessor-version":[{"id":35,"href":"https:\/\/whatis.ariadne-infrastructure.eu\/de\/wp-json\/wp\/v2\/pages\/15\/revisions\/35"}],"wp:attachment":[{"href":"https:\/\/whatis.ariadne-infrastructure.eu\/de\/wp-json\/wp\/v2\/media?parent=15"}],"curies":[{"name":"wp","href":"https:\/\/api.w.org\/{rel}","templated":true}]}}