{"id":22,"date":"2019-07-02T17:19:40","date_gmt":"2019-07-02T17:19:40","guid":{"rendered":"http:\/\/whatis.ariadne-infrastructure.eu\/cz\/?page_id=22"},"modified":"2020-06-05T17:23:33","modified_gmt":"2020-06-05T17:23:33","slug":"verejnost","status":"publish","type":"page","link":"https:\/\/whatis.ariadne-infrastructure.eu\/cz\/verejnost\/","title":{"rendered":"VE\u0158EJNOST"},"content":{"rendered":"<p style=\"text-align: justify;\"><strong>Pro\u010d archeologie pot\u0159ebuje projekt ARIADNE?<\/strong><\/p>\n<p style=\"text-align: justify;\">Archeologov\u00e9 p\u0159i sv\u00e9m v\u00fdzkumu zkoumaj\u00ed obrovsk\u00e9 mno\u017estv\u00ed p\u0159edm\u011bt\u016f. N\u011bkter\u00e9 z nich u\u017e objevili jin\u00ed a jsou ulo\u017eeny v muze\u00edch a archivech, jin\u00e9 jsou nov\u011b nal\u00e9z\u00e1ny p\u0159i archeologick\u00fdch v\u00fdzkumech. Tyto \u201epoklady\u201c zpravidla maj\u00ed jen malou nebo \u017e\u00e1dnou pen\u011b\u017en\u00ed hodnotu \u2013 samoz\u0159ejm\u011b s\u00a0v\u00fdjimkou n\u011bkolika pozoruhodn\u00fdch v\u00fdjimek. Jejich skute\u010dn\u00e1 hodnota tkv\u00ed v informac\u00edch, kter\u00e9 spoluvytv\u00e1\u0159\u00ed na\u0161e znalosti o historii. Archeologie interpretuje poz\u016fstatky objeven\u00e9 p\u0159i ter\u00e9nn\u00edch v\u00fdzkumech, zkoum\u00e1 jejich vztahy a vyvozuje nov\u00e9 poznatky o lidsk\u00e9 minulosti. Z pr\u00e1ce v ter\u00e9nu tak vznik\u00e1 velk\u00e9 mno\u017estv\u00ed dokument\u016f, kter\u00e9 nejpodrobn\u011bj\u0161\u00edm mo\u017en\u00fdm zp\u016fsobem zaznamen\u00e1vaj\u00ed, co ka\u017ed\u00e1 odhalen\u00e1 vrstva obsahuje a jak spolu n\u00e1lezy a dal\u0161\u00ed poz\u016fstatky vz\u00e1jemn\u011b souvis\u00ed. Tyto dokumenty sest\u00e1vaj\u00ed z text\u016f (tj. pozn\u00e1mek popisuj\u00edc\u00edch n\u00e1lezov\u00e9 situace), fotografi\u00ed a n\u00e1kres\u016f odkryvu v ka\u017ed\u00e9 f\u00e1zi jeho proveden\u00ed, soupis\u016f n\u00e1lez\u016f z ka\u017ed\u00e9 vrstvy a \u0159ady dal\u0161\u00edch materi\u00e1l\u016f, jako jsou pl\u00e1ny lokality (archeologick\u00e9ho nalezi\u0161t\u011b, nap\u0159. prav\u011bk\u00e9 vesnice) se zaznamenan\u00fdmi poz\u016fstatky nalezen\u00fdmi v r\u016fzn\u00fdch jej\u00edch \u010d\u00e1stech. T\u00edmto zp\u016fsobem archeologick\u00fd v\u00fdzkum p\u0159ev\u00e1d\u00ed poz\u016fstatky minulosti do komplexn\u00edho souboru popis\u016f, podobn\u011b jako kdy\u017e b\u011bhem dovolen\u00e9 fotografujeme nebo si vedeme den\u00edk, abychom mohli na\u0161e z\u00e1\u017eitky sd\u00edlet s p\u0159\u00edbuzn\u00fdmi a o\u017eivit si na\u0161e vzpom\u00ednky na dovolenou i v budoucnu.<\/p>\n<p style=\"text-align: justify;\">Sm\u011br ka\u017ed\u00e9ho archeologick\u00e9ho b\u00e1d\u00e1n\u00ed ur\u010duje v\u00fdzkumn\u00e1 ot\u00e1zka \u2013 ot\u00e1zka ohledn\u011b minulosti, kterou minim\u00e1ln\u011b z \u010d\u00e1sti zodpov\u00ed proveden\u00fd v\u00fdzkum. N\u011bkdy se jednodu\u0161e pt\u00e1me \u201eco tu m\u00e1me?\u201c \u2013 nap\u0159\u00edklad p\u0159i pl\u00e1nov\u00e1n\u00ed stavebn\u00edch prac\u00ed (v\u00fdstavba d\u00e1lnice, nov\u00e9 \u017eeleznice nebo domu), kdy je t\u0159eba se ujistit, \u017ee p\u0159i nich nebudou zni\u010deny \u017e\u00e1dn\u00e9 d\u016fle\u017eit\u00e9 informace. Ve v\u011bt\u0161in\u011b zem\u00ed b\u00fdv\u00e1 v\u00fdsledkem nepublikovan\u00e1 n\u00e1lezov\u00e1 zpr\u00e1va, kterou \u010dasto uchov\u00e1vaj\u00ed oborov\u00e9 archivy a nen\u00ed snadn\u00e9 ji z\u00edskat.<\/p>\n<p style=\"text-align: justify;\">Z obou typ\u016f vykop\u00e1vek (jak badatelsk\u00fdch, kter\u00e9 jsou vedeny konkr\u00e9tn\u00edmi v\u00fdzkumn\u00fdmi ot\u00e1zkami, tak i z objev\u016f ze z\u00e1chrann\u00fdch archeologick\u00fdch v\u00fdzkum\u016f) vznik\u00e1 velk\u00e9 mno\u017estv\u00ed dokument\u016f. Tyto dokumenty se slou\u010d\u00ed do n\u00e1lezov\u00e9 zpr\u00e1vy. Zpr\u00e1va obsahuje informace o v\u0161em, co bylo b\u011bhem v\u00fdzkumu nalezeno a ne\u0159e\u0161\u00ed dal\u0161\u00ed kontext, kter\u00fd nebyl p\u0159\u00edmo dot\u010den ter\u00e9nn\u00edm v\u00fdzkumem. Pokud jsou tedy \u00a0informace v\u00a0takov\u00e9 form\u011b uchov\u00e1ny, mohou s nimi dal\u0161\u00ed v\u00fdzkumn\u00ed pracovn\u00edci d\u00e1le pracovat a z\u016fst\u00e1vaj\u00ed k\u00a0dispozici ve\u0159ejnosti.<\/p>\n<p style=\"text-align: justify;\">V\u011bt\u0161ina archeologick\u00fdch dat je dnes digit\u00e1ln\u00ed a tato data jsou st\u00e1le \u010dast\u011bji zp\u0159\u00edstup\u0148ov\u00e1na online. D\u00edky tomu mohou v\u011bdci sn\u00e1ze z\u00edsk\u00e1vat d\u016fle\u017eit\u00e9 informace z pr\u00e1ce sv\u00fdch koleg\u016f, a to v\u010detn\u011b dat, kter\u00e1 nebylo mo\u017en\u00e9 zahrnout do z\u00e1v\u011bre\u010dn\u00fdch n\u00e1lezov\u00fdch zpr\u00e1v. Tyto nepublikovan\u00e9 zpr\u00e1vy, b\u011b\u017en\u011b zn\u00e1m\u00e9 jako \u201e\u0161ed\u00e1 literatura\u201c, jsou v mnoha evropsk\u00fdch zem\u00edch st\u00e1le \u010dast\u011bji k dispozici na webu. N\u011bkdy je zve\u0159ej\u0148uj\u00ed st\u00e1tn\u00ed \u00fa\u0159ady, dokumenty ale lze nal\u00e9zt t\u00e9\u017e v oborov\u00fdch archivech a repozit\u00e1\u0159\u00edch, jako je britsk\u00e1 ADS (<em>Archeology Data Service<\/em>p\u0159i univerzit\u011b v Yorku) a dal\u0161\u00ed evropsk\u00e9 (v \u010cesk\u00e9 republice jsou dostupn\u00e9 pod zast\u0159e\u0161uj\u00edc\u00ed platformou <em>Archeologick\u00fd informa\u010dn\u00ed syst\u00e9m \u010cR<\/em>\u2013 <a href=\"http:\/\/www.aiscr.cz\/\">http:\/\/www.aiscr.cz<\/a>) i sv\u011btov\u00e9 instituce (nap\u0159\u00edklad iniciativa <em>Digital Antiquity<\/em>v USA). Tyto repozit\u00e1\u0159e nejen \u0161\u00ed\u0159\u00ed dostupn\u00e9 dokumenty, ale tak\u00e9 se sna\u017e\u00ed o z\u00e1chranu \u0161ed\u00e9 literatury z oboru archeologie p\u0159ed likvidac\u00ed nebo zapomn\u011bn\u00edm v pap\u00edrov\u00fdch slo\u017ek\u00e1ch, na disket\u00e1ch, CD-ROM a pevn\u00fdch disc\u00edch zasunut\u00fdch hluboko v kancel\u00e1\u0159sk\u00fdch polic\u00edch.<\/p>\n<p style=\"text-align: justify;\">V roce 2012 v Evrop\u011b existovala \u0159ada repozit\u00e1\u0159\u016f, kter\u00e9 obsahovaly archeologickou dokumentaci v digit\u00e1ln\u00edch form\u00e1tech, z nich\u017e n\u011bkolik bylo p\u0159\u00edstupn\u00fdch online. V\u00fdzkumn\u00fd pracovn\u00edk, kter\u00fd pot\u0159eboval naj\u00edt konkr\u00e9tn\u00ed informace, si ale nevysta\u010dil s jedin\u00fdm dotazem. Vyhled\u00e1v\u00e1n\u00ed bylo nutn\u00e9 opakovat v ka\u017ed\u00e9m z repozit\u00e1\u0159\u016f a sou\u010dasn\u011b se pot\u00fdkat s rozd\u00edln\u00fdmi syst\u00e9my, organizac\u00ed dat i s r\u016fzn\u00fdmi jazyky. Nesm\u00edme tak\u00e9 zapomenout, \u017ee i kdy\u017e jsou data ulo\u017een\u00e1 v otev\u0159en\u00e9m online form\u00e1tu, nemus\u00ed b\u00fdt v\u017edy snadno vyhledateln\u00e1. Proto vyvstala pot\u0159eba implementace efektivn\u00edho vyhled\u00e1vac\u00edho syst\u00e9mu. Ani Google zde nen\u00ed p\u0159\u00edli\u0161 n\u00e1pomocn\u00fd, proto\u017ee nerozli\u0161uje kontext, ve kter\u00e9m jsou specifick\u00e1 slova u\u017e\u00edv\u00e1na. Nap\u0159\u00edklad v\u00fdraz \u201esekera\u201c m\u00e1 p\u0159es 12 milion\u016f v\u00fdskyt\u016f, co\u017e archeolog\u016fm rozhodn\u011b neusnadn\u00ed pr\u00e1ci. Tyto v\u00fdskyty odkazuj\u00ed jak na modern\u00ed n\u00e1stroje pro r\u016fzn\u00e1 odv\u011btv\u00ed, tak i na p\u0159\u00edjmen\u00ed osob, n\u00e1zvy firem nebo metaforick\u00e9 v\u00fdznamy tohoto slova. Je velmi obt\u00ed\u017en\u00e9 naj\u00edt data o p\u0159edm\u011btech archeologick\u00e9ho v\u00fdznamu, kter\u00e9 lid\u00e9 po tis\u00edcilet\u00ed pou\u017e\u00edvaj\u00ed jako n\u00e1stroj pro pr\u00e1ci se d\u0159evem, zbra\u0148 nebo ceremoni\u00e1ln\u00ed symbol.<\/p>\n<p style=\"text-align: justify;\">V\u00fdzvy projektu ARIADNE tak byly n\u00e1sleduj\u00edc\u00ed: vyt\u011b\u017eit skryt\u00e1 data &#8211; v archeologick\u00e9 dokumentaci se st\u00e1le uchov\u00e1v\u00e1 mnoho u\u017eite\u010dn\u00fdch, ale nevyu\u017eit\u00fdch informac\u00ed; zajistit technologie, kter\u00e1 by tyto informace zp\u0159\u00edstupnila; a p\u0159esv\u011bd\u010dit vlastn\u00edky t\u011bchto dat, aby je poskytli otev\u0159en\u011b v\u0161em u\u017eivatel\u016fm. Sou\u010dasn\u011b \u010del\u00edme informa\u010dn\u00edmu p\u0159et\u00ed\u017een\u00ed, co\u017e prakticky znemo\u017e\u0148uje nalezen\u00ed spr\u00e1vn\u00fdch dat. Oba tyto aspekty nast\u00ednily probl\u00e9my a sou\u010dasn\u011b i potenci\u00e1l projektu. Partnerstv\u00ed v ARIADNE nab\u00eddlo \u0159e\u0161en\u00ed, jak ,,po Ariadnin\u011b niti\u201c nal\u00e9zt cestu z t\u00e9to obt\u00ed\u017en\u00e9 situace.<\/p>\n<p style=\"text-align: justify;\">Seznamte se s partnery projektu ARIADNEplus, jejich navrhovan\u00fdmi \u0159e\u0161en\u00edmi i v\u00fdznamem cel\u00e9ho projektu pro ve\u0159ejnost.<\/p>\n<p style=\"text-align: justify;\"><strong>Partnerstv\u00ed ARIADNEplus<\/strong><\/p>\n<p style=\"text-align: justify;\">Projekt ARIADNEplus sdru\u017euje 41 partner\u016f z 23 evropsk\u00fdch zem\u00ed a 4 dal\u0161\u00ed mezin\u00e1rodn\u00ed partnery.<\/p>\n<p style=\"text-align: justify;\">Je financov\u00e1n za \u00fa\u010delem podpory v\u011bdc\u016f, v\u011b\u0159\u00edme ale, \u017ee bude p\u0159\u00ednosem i pro organizace uchov\u00e1vaj\u00edc\u00ed a spravuj\u00edc\u00ed n\u00e1rodn\u00ed kulturn\u00ed d\u011bdictv\u00ed, stejn\u011b tak jako pro v\u0161echny ob\u010dany.<\/p>\n<p style=\"text-align: justify;\">Pod\u00edvejte se, kte\u0159\u00ed z partner\u016f poch\u00e1z\u00ed z va\u0161\u00ed zem\u011b.<\/p>\n<p style=\"text-align: justify;\"><strong>\u0158e\u0161en\u00ed ARIADNEplus<\/strong><\/p>\n<p style=\"text-align: justify;\">Aby bylo mo\u017en\u00e9 napl\u0148ovat pot\u0159eby archeolog\u016f, bylo v r\u00e1mci projektu ARIADNE (a nyn\u00ed ARIADNEplus) navr\u017eeno \u00fa\u010dinn\u00e9 \u0159e\u0161en\u00ed. Vznikl port\u00e1l (<a href=\"https:\/\/ariadne-infrastructure.eu\/portal\/\">www.ariadne-infrastructure.eu\/portal\/<\/a>) s katalogem datov\u00fdch soubor\u016f dostupn\u00fdch online. Tento katalog lze prohled\u00e1vat podle kl\u00ed\u010dov\u00fdch slov, p\u0159\u00edpadn\u011b podle \u010dasov\u00fdch obdob\u00ed a\/nebo podle z\u00e1jmov\u00e9ho \u00fazem\u00ed. Data jako takov\u00e1 uchov\u00e1vaj\u00ed jejich vlastn\u00edci ze zapojen\u00fdch instituc\u00ed. P\u0159i proch\u00e1zen\u00ed v\u0161ech datov\u00fdch soubor\u016f, kter\u00e9 lze pomoc\u00ed port\u00e1lu ARIADNE vyhledat, m\u00e1 u\u017eivatel p\u0159\u00edstup k dat\u016fm prost\u0159ednictv\u00edm odkazu v katalogu, kter\u00fd vede na web dan\u00e9 instituce. Katalog tak funguje podobn\u011b jako Google \u2013 obsahuje ale v\u00fdhradn\u011b odkazy na archeologick\u00e1 data p\u0159\u00edstupn\u00e1 pomoc\u00ed koncept\u016f vypracovan\u00fdch archeology. D\u016fle\u017eit\u00fdm aspektem katalogu je jeho v\u00edcejazy\u010dnost. Pomoc\u00ed slovn\u00edk\u016f lze dotazovat term\u00edny v mnoha jazyc\u00edch a vyhled\u00e1vat cizojazy\u010dn\u00e9 dokumenty.<\/p>\n<p style=\"text-align: justify;\">Port\u00e1l nav\u00edc nab\u00edz\u00ed n\u00e1stroje pro dal\u0161\u00ed zpracov\u00e1n\u00ed dat: zobrazen\u00ed obr\u00e1zk\u016f a 3D model\u016f (nap\u0159\u00edklad pro tvorbu prezentac\u00ed), anal\u00fdzu text\u016f za \u00fa\u010delem automatizovan\u00e9ho vytvo\u0159en\u00ed v\u011bcn\u00e9ho rejst\u0159\u00edku, vytv\u00e1\u0159en\u00ed anotac\u00ed (tj. p\u0159id\u00e1v\u00e1n\u00ed osobn\u00edch pozn\u00e1mek k p\u0159edchoz\u00edm prac\u00edm), zobrazov\u00e1n\u00ed tematick\u00fdch map (nap\u0159\u00edklad pro v\u0161echny lokality z doby bronzov\u00e9 v dan\u00e9 oblasti) a mnoho dal\u0161\u00edho.<\/p>\n<p style=\"text-align: justify;\">V\u011bdci i ve\u0159ejnost tak budou m\u00edt mo\u017enost naj\u00edt po\u017eadovan\u00e9 informace na jednom m\u00edst\u011b, sou\u010dasn\u011b budou moci kombinovat r\u016fzn\u00e9 zdroje dat, d\u00e1le s nimi pracovat a z\u00edsk\u00e1vat tak nov\u00e9 v\u00fdzkumn\u00e9 v\u00fdsledky.<\/p>\n<p style=\"text-align: justify;\"><strong>Co projekt ARIADNEplus p\u0159in\u00e1\u0161\u00ed ve\u0159ejnosti?<\/strong><\/p>\n<p style=\"text-align: justify;\">Aktivity v r\u00e1mci projektu ARIADNEplus p\u0159in\u00e1\u0161\u00ed ve\u0159ejnosti nezanedbateln\u00e9, by\u0165 nep\u0159\u00edm\u00e9 v\u00fdhody. Projekt zlep\u0161uje efektivitu archeologick\u00e9ho v\u00fdzkumu t\u00edm, \u017ee umo\u017e\u0148uje op\u011btovn\u00e9 pou\u017eit\u00ed v\u00fdsledk\u016f d\u0159\u00edv\u011bj\u0161\u00edch v\u00fdzkum\u016f p\u0159i aktu\u00e1ln\u00edch v\u00fdzkumech. Krom\u011b toho pom\u00e1h\u00e1 p\u0159edch\u00e1zet duplicitn\u00edm prac\u00edm a p\u0159in\u00e1\u0161\u00ed finan\u010dn\u00ed \u00faspory. Projekt ARIADNEplus podporuje op\u011btovn\u00e9 pou\u017eit\u00ed \u00fadaj\u016f: v\u011bt\u0161ina proveden\u00fdch v\u00fdzkum\u016f byla financov\u00e1na z ve\u0159ejn\u00fdch prost\u0159edk\u016f, tak\u017ee jejich v\u00fdsledky jsou vlastnictv\u00edm da\u0148ov\u00fdch poplatn\u00edk\u016f a mus\u00ed b\u00fdt mo\u017en\u00e9 je sd\u00edlet s ostatn\u00edmi v\u011bdci i ve\u0159ejnost\u00ed<\/p>\n<p style=\"text-align: justify;\">I kdy\u017e spu\u0161t\u011bn\u00ed projektu ARIADNEplus vy\u017eadovalo zna\u010dn\u00e9 finan\u010dn\u00ed prost\u0159edky (poskytovan\u00e9 Evropskou uni\u00ed), jeho zachov\u00e1n\u00ed bude do budoucna relativn\u011b levn\u00e9 a n\u00e1klady budou rozd\u011bleny mezi v\u0161echny \u00fa\u010dastn\u00edky.<\/p>\n<p style=\"text-align: justify;\">Krom\u011b sv\u00e9ho nezanedbateln\u00e9ho p\u0159\u00ednosu v oblasti v\u00fdzkumu m\u016f\u017ee projekt ARIADNEplus v\u00fdznamn\u011b pomoci i organizac\u00edm, kter\u00e9 maj\u00ed na starosti spr\u00e1vu a ochranu archeologick\u00e9ho d\u011bdictv\u00ed. Kulturn\u00ed d\u011bdictv\u00ed je nejen kl\u00ed\u010dov\u00fdm faktorem lidsk\u00e9 identity, ale vzhledem ke sv\u00e9mu v\u00fdznamu pro kulturn\u00ed turistiku p\u0159edstavuje tak\u00e9 ekonomick\u00fd zdroj (p\u0159\u00edjmy z kulturn\u00ed turistiky \u010din\u00ed 40 % ve\u0161ker\u00e9ho cestovn\u00edho ruchu).<\/p>\n<p style=\"text-align: justify;\">P\u0159esto\u017ee je syst\u00e9m ARIADNEplus prim\u00e1rn\u011b ur\u010den pro profesion\u00e1ln\u00ed pou\u017eit\u00ed, je otev\u0159en v\u0161em z\u00e1jemc\u016fm o historii a archeologii a d\u00edky jeho jednoduch\u00e9mu rozhran\u00ed tak m\u016f\u017ee kdokoliv odkr\u00fdvat tajemstv\u00ed vlastn\u00ed minulosti.<\/p>\n","protected":false},"excerpt":{"rendered":"<p>Pro\u010d archeologie pot\u0159ebuje projekt ARIADNE? Archeologov\u00e9 p\u0159i sv\u00e9m v\u00fdzkumu zkoumaj\u00ed obrovsk\u00e9 mno\u017estv\u00ed p\u0159edm\u011bt\u016f. N\u011bkter\u00e9 z nich u\u017e objevili jin\u00ed a jsou ulo\u017eeny v muze\u00edch a archivech, jin\u00e9 jsou nov\u011b nal\u00e9z\u00e1ny p\u0159i archeologick\u00fdch v\u00fdzkumech. Tyto \u201epoklady\u201c zpravidla maj\u00ed jen malou nebo \u017e\u00e1dnou pen\u011b\u017en\u00ed hodnotu \u2013 samoz\u0159ejm\u011b s\u00a0v\u00fdjimkou n\u011bkolika pozoruhodn\u00fdch v\u00fdjimek. Jejich skute\u010dn\u00e1 hodnota tkv\u00ed v informac\u00edch, &hellip; <\/p>\n<p class=\"link-more\"><a href=\"https:\/\/whatis.ariadne-infrastructure.eu\/cz\/verejnost\/\" class=\"more-link\">Continue reading<span class=\"screen-reader-text\"> &#8220;VE\u0158EJNOST&#8221;<\/span><\/a><\/p>\n","protected":false},"author":2,"featured_media":0,"parent":0,"menu_order":0,"comment_status":"closed","ping_status":"closed","template":"","meta":[],"_links":{"self":[{"href":"https:\/\/whatis.ariadne-infrastructure.eu\/cz\/wp-json\/wp\/v2\/pages\/22"}],"collection":[{"href":"https:\/\/whatis.ariadne-infrastructure.eu\/cz\/wp-json\/wp\/v2\/pages"}],"about":[{"href":"https:\/\/whatis.ariadne-infrastructure.eu\/cz\/wp-json\/wp\/v2\/types\/page"}],"author":[{"embeddable":true,"href":"https:\/\/whatis.ariadne-infrastructure.eu\/cz\/wp-json\/wp\/v2\/users\/2"}],"replies":[{"embeddable":true,"href":"https:\/\/whatis.ariadne-infrastructure.eu\/cz\/wp-json\/wp\/v2\/comments?post=22"}],"version-history":[{"count":2,"href":"https:\/\/whatis.ariadne-infrastructure.eu\/cz\/wp-json\/wp\/v2\/pages\/22\/revisions"}],"predecessor-version":[{"id":39,"href":"https:\/\/whatis.ariadne-infrastructure.eu\/cz\/wp-json\/wp\/v2\/pages\/22\/revisions\/39"}],"wp:attachment":[{"href":"https:\/\/whatis.ariadne-infrastructure.eu\/cz\/wp-json\/wp\/v2\/media?parent=22"}],"curies":[{"name":"wp","href":"https:\/\/api.w.org\/{rel}","templated":true}]}}