{"id":20,"date":"2019-07-02T17:15:51","date_gmt":"2019-07-02T17:15:51","guid":{"rendered":"http:\/\/whatis.ariadne-infrastructure.eu\/cz\/?page_id=20"},"modified":"2020-06-05T17:22:12","modified_gmt":"2020-06-05T17:22:12","slug":"badatele","status":"publish","type":"page","link":"https:\/\/whatis.ariadne-infrastructure.eu\/cz\/badatele\/","title":{"rendered":"BADATEL\u00c9"},"content":{"rendered":"<p style=\"text-align: justify;\"><strong>Jak funguje ARIADNEplus <\/strong><\/p>\n<p style=\"text-align: justify;\">Katalog ARIADNEplus lze prohled\u00e1vat z trojice pohled\u016f \u2013 \u201ekdy\u201c (\u010das), \u201ekde\u201c (prostor), \u201eco\u201c (obsah) a kl\u00ed\u010dov\u00fdch slov odvozen\u00fdch z hesl\u00e1\u0159\u016f. Vyhled\u00e1v\u00e1n\u00ed poskytuje seznam datov\u00fdch soubor\u016f, kter\u00e9 spl\u0148uj\u00ed krit\u00e9ria v\u00fdb\u011bru, a to spolu se souhrnn\u00fdmi informacemi o obsahu a odkazem na zdroj dat, na kter\u00fd tak m\u016f\u017ee u\u017eivatel v souladu s pravidly stanoven\u00fdmi jeho vlastn\u00edkem p\u0159ej\u00edt. Nedoch\u00e1z\u00ed k\u00a0shroma\u017e\u010fov\u00e1n\u00ed ani migraci samotn\u00fdch datov\u00fdch soubor\u016f, kter\u00e9 z\u016fst\u00e1vaj\u00ed pod kontrolou jejich p\u016fvodn\u00edch spr\u00e1vc\u016f, ale pouze ke sd\u00edlen\u00ed metadat datov\u00fdch soubor\u016f. V sou\u010dasn\u00e9 dob\u011b jsou katalogizov\u00e1ny p\u0159ibli\u017en\u011b dva miliony soubor\u016f dat. Ty p\u0159edstavuj\u00ed obrovsk\u00e9 mno\u017estv\u00ed informac\u00ed, proto\u017ee ka\u017ed\u00fd datov\u00fd soubor m\u016f\u017ee obsahovat nap\u0159\u00edklad celou zpr\u00e1vu s fotografiemi a n\u00e1kresy, nebo i kompletn\u00ed datab\u00e1ze s tis\u00edci samostatn\u00fdch z\u00e1znam\u016f. Katalogizovan\u00fd obsah zahrnuje jednotliv\u00e9 n\u00e1lezy, pam\u00e1tky, invent\u00e1\u0159e lokalit, stejn\u011b jako n\u00e1lezov\u00e9 zpr\u00e1vy z jednor\u00e1zov\u00fdch v\u00fdzkum\u016f, ale i v\u00fdsledky dlouhodob\u00fdch archeologick\u00fdch v\u00fdzkum\u016f.<\/p>\n<p style=\"text-align: justify;\">P\u0159\u00edstup do katalogu je zdarma.<\/p>\n<p style=\"text-align: justify;\">ARIADNEplus roz\u0161i\u0159uje katalog ARIADNE co do geografick\u00e9ho a \u010dasov\u00e9ho pokryt\u00ed a rozsahu zpracovan\u00fdch t\u00e9mat a nov\u011b za\u010dle\u0148uje i informace o v\u011bdeck\u00fdch anal\u00fdz\u00e1ch. K dispozici budou t\u00e9\u017e slu\u017eby pro dal\u0161\u00ed zpracov\u00e1n\u00ed a op\u011btovn\u00e9 vyu\u017eit\u00ed nab\u00edzen\u00fdch dat. Projekt ARIADNEplus je financov\u00e1n za \u00fa\u010delem podpory v\u011bdeck\u00e9 pr\u00e1ce. V\u011b\u0159\u00edme ale, \u017ee bude p\u0159\u00ednosem i pro spr\u00e1vu kulturn\u00edho d\u011bdictv\u00ed.<\/p>\n<p style=\"text-align: justify;\"><strong>Partne\u0159i projektu ARIADNEplus<\/strong><\/p>\n<p style=\"text-align: justify;\">Projekt ARIADNEplus sdru\u017euje 41 partner\u016f z 23 evropsk\u00fdch zem\u00ed a 4 dal\u0161\u00ed mezin\u00e1rodn\u00ed partnery.<\/p>\n<p style=\"text-align: justify;\">Pod\u00edvejte se, kte\u0159\u00ed z partner\u016f poch\u00e1z\u00ed z va\u0161\u00ed zem\u011b.<\/p>\n<p style=\"text-align: justify;\"><strong>Z\u00e1sady a strategie<\/strong><\/p>\n<p style=\"text-align: justify;\">Pracovn\u00ed pl\u00e1n projektu ARIADNEplus sest\u00e1v\u00e1 ze skupiny aktivit zam\u011b\u0159en\u00fdch na specifikaci d\u016fle\u017eit\u00fdch z\u00e1sad a strategi\u00ed pro spr\u00e1vu a uchov\u00e1n\u00ed dat, jako je nap\u0159\u00edklad zaveden\u00ed princip\u016f FAIR (vyhledatelnost, p\u0159\u00edstupnost, interoperabilita a op\u011btovn\u00e1 vyu\u017eitelnost), certifikace reposit\u00e1\u0159\u016f, \u010di tvorba pokyn\u016f pro zakl\u00e1d\u00e1n\u00ed, spr\u00e1vu a udr\u017eitelnost archeologick\u00fdch reposit\u00e1\u0159\u016f. Projekt mimo jin\u00e9 poskytne vzorov\u00fd Pl\u00e1n spr\u00e1vy dat (Data Management Plan \u2013 DMP) p\u0159izp\u016fsoben\u00fd pot\u0159eb\u00e1m archeologick\u00e9ho v\u00fdzkumu a vyhovuj\u00edc\u00ed norm\u00e1m a po\u017eadavk\u016fm EU. Sestaven\u00ed DMP bude do budoucna povinn\u00e9 pro v\u0161echny ve\u0159ejn\u011b financovan\u00e9 v\u00fdzkumy, jako je tomu ji\u017e nyn\u00ed v n\u011bkolika evropsk\u00fdch st\u00e1tech.<\/p>\n<p style=\"text-align: justify;\">Situace v evropsk\u00fdch fyzick\u00fdch \u00falo\u017ei\u0161t\u00edch archeologick\u00fdch fond\u016f je v\u00e1\u017en\u00e1 a chyb\u00ed relevantn\u00ed instrukce i opat\u0159en\u00ed. Nem\u00e9n\u011b d\u016fle\u017eit\u00e9 ale je, aby se pozornost upnula i na bezpe\u010dn\u00e9 uchov\u00e1n\u00ed a jednotn\u00fd rozvoj digit\u00e1ln\u00edch archiv\u016f. Vznikaj\u00edc\u00ed dokumenty by tak m\u011bly p\u0159it\u00e1hnout pozornost pracovn\u00edk\u016f pam\u00e1tkov\u00e9 p\u00e9\u010de a souvisej\u00edc\u00edch instituc\u00ed. Na\u0161e aktivity v oblasti z\u00e1sad a strategi\u00ed zahrnuj\u00ed \u0161kolen\u00ed u\u017eivatel\u016f, v\u011bdc\u016f i spr\u00e1vc\u016f kulturn\u00edho d\u011bdictv\u00ed. V r\u00e1mci zefektivn\u011bn\u00ed pr\u00e1ce s r\u016fzn\u00fdmi komunitami, na kter\u00e9 se aktivity zam\u011b\u0159uj\u00ed, pl\u00e1nujeme p\u0159ekl\u00e1dat podp\u016frn\u00e9 materi\u00e1ly z angli\u010dtiny do r\u016fzn\u00fdch evropsk\u00fdch jazyk\u016f. Tyto p\u0159eklady budou zohled\u0148ovat m\u00edstn\u00ed p\u0159edpisy a individu\u00e1ln\u00ed pot\u0159eby.<\/p>\n<p style=\"text-align: justify;\">Zam\u011b\u0159en\u00ed aktivit ARIADNEplus dot\u00fdkaj\u00edc\u00edch se z\u00e1sad a strategi\u00ed nen\u00ed v obecn\u00e9m m\u011b\u0159\u00edtku omezeno jen na v\u00fdzkum \u2013 v p\u0159\u00edpad\u011b z\u00e1jmu m\u016f\u017ee b\u00fdt roz\u0161\u00ed\u0159eno i na dal\u0161\u00ed oblasti, jako jsou nap\u0159\u00edklad spr\u00e1va dat o kulturn\u00edm d\u011bdictv\u00ed a ochrana archeologick\u00fdch nalezi\u0161\u0165.<\/p>\n<p style=\"text-align: justify;\"><strong>Networking a vzd\u011bl\u00e1v\u00e1n\u00ed<\/strong><\/p>\n<p style=\"text-align: justify;\">Jedn\u00edm z c\u00edl\u016f projektu ARIADNEplus je zformov\u00e1n\u00ed po\u010detn\u00e9, aktivn\u00ed a informovan\u00e9 komunity. Tomu m\u00e1 slou\u017eit \u0159ada n\u00e1stroj\u016f, jako jsou workshopy, \u0161kolen\u00ed, zased\u00e1n\u00ed a specializovan\u00e9 komunika\u010dn\u00ed kan\u00e1ly. Zvl\u00e1\u0161tn\u00ed pozornost bude v\u011bnov\u00e1na region\u016fm nebo zem\u00edm, kde m\u016f\u017ee b\u00fdt vytv\u00e1\u0159en\u00ed, zpracov\u00e1n\u00ed a spr\u00e1va archeologick\u00fdch datov\u00fdch fond\u016f na ni\u017e\u0161\u00ed \u00farovni. Za t\u00edmto \u00fa\u010delem ji\u017e byla z\u0159\u00edzena pracovn\u00ed skupina pro st\u0159edn\u00ed a jihov\u00fdchodn\u00ed Evropu. Podobn\u011b \u2013 podle konkr\u00e9tn\u00edch pot\u0159eb \u2013 budeme c\u00edlit i dal\u0161\u00ed pracovn\u00ed skupiny, zam\u011b\u0159en\u00e9 na muzea, archeologick\u00e9 lokality apod. Tot\u00e9\u017e plat\u00ed i pro nejr\u016fzn\u011bj\u0161\u00ed u\u017eivatele v oblasti kulturn\u00edho d\u011bdictv\u00ed a archeologie, jako jsou spr\u00e1vci nalezi\u0161\u0165, kur\u00e1to\u0159i muze\u00ed, badatel\u00e9 a v\u011bdci, u\u010ditel\u00e9 a propag\u00e1to\u0159i.<\/p>\n<p style=\"text-align: justify;\">Podstatnou \u010d\u00e1st mnoha networkingov\u00fdch aktivit tvo\u0159\u00ed i vzd\u011bl\u00e1v\u00e1n\u00ed a s n\u00edm souvisej\u00edc\u00ed zaji\u0161t\u011bn\u00ed v\u00fdukov\u00fdch materi\u00e1l\u016f pro p\u0159\u00edm\u00e9 \u00fa\u010dastn\u00edky (nap\u0159. podklady a instrukt\u00e1\u017en\u00ed materi\u00e1ly) i pro vzd\u011bl\u00e1v\u00e1n\u00ed na d\u00e1lku (webin\u00e1\u0159e).<\/p>\n<p style=\"text-align: justify;\">V\u00fdukov\u00fd pl\u00e1n projektu ARIADNEplus po\u010d\u00edt\u00e1 tak\u00e9 se vzd\u011bl\u00e1vac\u00edmi aktivitami, jako jsou kurzy a v\u00fdukov\u00e9 workshopy nebo p\u0159ed\u00e1v\u00e1n\u00ed znalost\u00ed v r\u00e1mci konkr\u00e9tn\u00edch d\u00edl\u010d\u00edch projekt\u016f, v\u00a0nich\u017e jsou\u00a0mal\u00e9 samostatn\u00e9 t\u00fdmy podpo\u0159eny odborn\u00edky z ARIADNEplus.<\/p>\n<p style=\"text-align: justify;\">V\u0161echny vzd\u011bl\u00e1vac\u00ed aktivity jsou pro \u00fa\u010dastn\u00edky bezplatn\u00e9 a u v\u011bt\u0161iny z nich je poskytov\u00e1no i kryt\u00ed n\u00e1klad\u016f na cestu a pobyt. V\u00fdukov\u00e9 materi\u00e1ly jsou obvykle dostupn\u00e9 v angli\u010dtin\u011b, ale v p\u0159\u00edpad\u011b dostate\u010dn\u00e9ho z\u00e1jmu lze zajistit i p\u0159eklady.<\/p>\n<p style=\"text-align: justify;\"><strong>Technologie<\/strong><\/p>\n<p style=\"text-align: justify;\">A\u010dkoliv v\u011bt\u0161ina technologi\u00ed vyu\u017eit\u00fdch v projektu ARIADNEplus souvis\u00ed s integrac\u00ed dat (vytvo\u0159en\u00ed vyhled\u00e1vac\u00edho katalogu a rozvoj p\u0159\u00edstup\u016f Linked Open Data), kl\u00ed\u010dovou roli hraj\u00ed datov\u00e9 slu\u017eby, kter\u00e9 projekt zp\u0159\u00edstupn\u00ed. Mezi n\u011b pat\u0159\u00ed n\u00e1stroje pro datovou anal\u00fdzu (nap\u0159. vyt\u011b\u017eov\u00e1n\u00ed dat a zpracov\u00e1n\u00ed p\u0159irozen\u00e9ho jazyka) a pro datovou synt\u00e9zu (vizualizace obr\u00e1zk\u016f a 3D, lokalizace dat v\u00a0\u010dase a prostoru, proch\u00e1zen\u00ed propojen\u00fdch dat atd.).<\/p>\n<p style=\"text-align: justify;\">Dotazy je mo\u017en\u00e9 zad\u00e1vat pomoc\u00ed slovn\u00edk\u016f v\u00a0mnoha jazyc\u00edch a prohled\u00e1vat dokumenty psan\u00e9 v\u00a0libovoln\u00e9 \u0159e\u010di, nejen v angli\u010dtin\u011b.<\/p>\n<p style=\"text-align: justify;\">Vyvineme \u0159adu pilotn\u00edch aplikac\u00ed, aby bylo mo\u017en\u00e9 demonstrovat vyu\u017eit\u00ed slu\u017eeb na konkr\u00e9tn\u00edch p\u0159\u00edkladech. V\u00fdzkumn\u00e9 z\u00e1m\u011bry, kter\u00e9 nejsou sou\u010d\u00e1st\u00ed portfolia ARIADNEplus, mohou b\u00fdt po posouzen\u00ed za\u0159azeny do projektu. V\u00a0ka\u017ed\u00e9m p\u0159\u00edpad\u011b bude v\u017edy poskytov\u00e1na pot\u0159ebn\u00e1 odborn\u00e1 podpora na nejvy\u0161\u0161\u00ed \u00farovni, nebo\u0165 ARIADNEplus\u00a0sdru\u017euje to nejlep\u0161\u00ed z evropsk\u00e9ho v\u00fdzkumu v oboru digit\u00e1ln\u00ed archeologie.<\/p>\n<p style=\"text-align: justify;\">Chcete-li zjistit podrobn\u011bj\u0161\u00ed informace o nab\u00edzen\u00fdch slu\u017eb\u00e1ch z oblasti zpracov\u00e1n\u00ed dat (v angli\u010dtin\u011b), nav\u0161tivte na\u0161e webov\u00e9 str\u00e1nky (<a href=\"https:\/\/www.ariadne-infrastructure.eu\" target=\"_blank\" rel=\"noopener noreferrer\">www.ariadne-infrastructure.eu<\/a>) a vyu\u017eijte port\u00e1l (<a href=\"https:\/\/ariadne-infrastructure.eu\/portal\/\" target=\"_blank\" rel=\"noopener noreferrer\">www.ariadne-infrastructure.eu\/portal\/<\/a>).<\/p>\n<p style=\"text-align: justify;\"><strong>\u010c\u00edm je ARIADNEplus v\u00fdznamn\u00fd pro badatele<\/strong><\/p>\n<p style=\"text-align: justify;\">Katalog ARIADNEplus pokr\u00fdv\u00e1 velk\u00e9 mno\u017estv\u00ed digit\u00e1ln\u00edch archeologick\u00fdch reposit\u00e1\u0159\u016f, v\u00a0praxi v\u011bt\u0161inu z t\u011bch evropsk\u00fdch. Archeologov\u00e9 mohou d\u00edky katalogu doplnit sv\u00e9 v\u00fdzkumy o cenn\u00e9 informace, kter\u00e9 nejsou p\u0159\u00edmo dostupn\u00e9 jin\u00fdm zp\u016fsobem. P\u0159\u00edstup do katalogu a ke slu\u017eb\u00e1m je zdarma. Katalog a souvisej\u00edc\u00ed slu\u017eby jsou navr\u017eeny s ohledem na pot\u0159eby v\u00fdzkumn\u00fdch aktivit, tak\u017ee usnad\u0148uj\u00ed vyhled\u00e1v\u00e1n\u00ed dat, p\u0159\u00edstup k nim i jejich opakovan\u00e9 pou\u017eit\u00ed.<\/p>\n<p style=\"text-align: justify;\">\u0160kolen\u00ed a aktivity zam\u011b\u0159en\u00e9 na p\u0159ed\u00e1v\u00e1n\u00ed znalost\u00ed slou\u017e\u00ed k podpo\u0159e v\u011bdc\u016f p\u0159i pr\u00e1ci s informa\u010dn\u00edmi technologiemi. B\u011bhem prvn\u00edho projektu ARIADNE pro\u0161lo n\u011bkolik stovek v\u00fdzkumn\u00fdch pracovn\u00edk\u016f \u00fasp\u011b\u0161n\u011b \u0161kolen\u00edm a p\u0159ibli\u017en\u011b 70 projekt\u016f obdr\u017eelo individu\u00e1ln\u00ed pomoc p\u0159i zpracov\u00e1n\u00ed digit\u00e1ln\u00edch v\u00fdstup\u016f archeologick\u00e9ho v\u00fdzkumu.<\/p>\n<p style=\"text-align: justify;\">Pracovn\u00edci projektu ARIADNEplus se budou v\u011bnovat jak\u00e9mukoli probl\u00e9mu souvisej\u00edc\u00edmu s daty, se kter\u00fdm se badatel\u00e9 b\u011bhem archeologick\u00e9ho v\u00fdzkumu setkaj\u00ed, a doporu\u010d\u00ed pro jeho \u0159e\u0161en\u00ed vhodn\u00e9 slu\u017eby. Pokud hled\u00e1te pomoc \u0161itou na m\u00edru va\u0161im pot\u0159eb\u00e1m, nev\u00e1hejte se na n\u00e1s obr\u00e1tit prost\u0159ednictv\u00edm m\u00edstn\u00edho partnera ARIADNEplus nebo p\u0159es \u00fast\u0159ed\u00ed projektu.<\/p>\n","protected":false},"excerpt":{"rendered":"<p>Jak funguje ARIADNEplus Katalog ARIADNEplus lze prohled\u00e1vat z trojice pohled\u016f \u2013 \u201ekdy\u201c (\u010das), \u201ekde\u201c (prostor), \u201eco\u201c (obsah) a kl\u00ed\u010dov\u00fdch slov odvozen\u00fdch z hesl\u00e1\u0159\u016f. Vyhled\u00e1v\u00e1n\u00ed poskytuje seznam datov\u00fdch soubor\u016f, kter\u00e9 spl\u0148uj\u00ed krit\u00e9ria v\u00fdb\u011bru, a to spolu se souhrnn\u00fdmi informacemi o obsahu a odkazem na zdroj dat, na kter\u00fd tak m\u016f\u017ee u\u017eivatel v souladu s pravidly stanoven\u00fdmi &hellip; <\/p>\n<p class=\"link-more\"><a href=\"https:\/\/whatis.ariadne-infrastructure.eu\/cz\/badatele\/\" class=\"more-link\">Continue reading<span class=\"screen-reader-text\"> &#8220;BADATEL\u00c9&#8221;<\/span><\/a><\/p>\n","protected":false},"author":2,"featured_media":0,"parent":0,"menu_order":0,"comment_status":"closed","ping_status":"closed","template":"","meta":[],"_links":{"self":[{"href":"https:\/\/whatis.ariadne-infrastructure.eu\/cz\/wp-json\/wp\/v2\/pages\/20"}],"collection":[{"href":"https:\/\/whatis.ariadne-infrastructure.eu\/cz\/wp-json\/wp\/v2\/pages"}],"about":[{"href":"https:\/\/whatis.ariadne-infrastructure.eu\/cz\/wp-json\/wp\/v2\/types\/page"}],"author":[{"embeddable":true,"href":"https:\/\/whatis.ariadne-infrastructure.eu\/cz\/wp-json\/wp\/v2\/users\/2"}],"replies":[{"embeddable":true,"href":"https:\/\/whatis.ariadne-infrastructure.eu\/cz\/wp-json\/wp\/v2\/comments?post=20"}],"version-history":[{"count":2,"href":"https:\/\/whatis.ariadne-infrastructure.eu\/cz\/wp-json\/wp\/v2\/pages\/20\/revisions"}],"predecessor-version":[{"id":37,"href":"https:\/\/whatis.ariadne-infrastructure.eu\/cz\/wp-json\/wp\/v2\/pages\/20\/revisions\/37"}],"wp:attachment":[{"href":"https:\/\/whatis.ariadne-infrastructure.eu\/cz\/wp-json\/wp\/v2\/media?parent=20"}],"curies":[{"name":"wp","href":"https:\/\/api.w.org\/{rel}","templated":true}]}}