{"id":2,"date":"2019-07-02T10:48:45","date_gmt":"2019-07-02T10:48:45","guid":{"rendered":"http:\/\/whatis.ariadne-infrastructure.eu\/cz\/?page_id=2"},"modified":"2019-07-02T17:28:09","modified_gmt":"2019-07-02T17:28:09","slug":"sample-page","status":"publish","type":"page","link":"https:\/\/whatis.ariadne-infrastructure.eu\/cz\/","title":{"rendered":"ARIADNEplus"},"content":{"rendered":"<p style=\"text-align: justify;\">Projekt ARIADNEplus je pokra\u010dov\u00e1n\u00edm archeologick\u00e9ho v\u00fdzkumn\u00e9ho projektu ARIADNE, kter\u00fd prob\u00edhal od roku 2013 do roku 2017 za finan\u010dn\u00ed podpory Evropsk\u00e9 komise. Projekt ARIADNE usiloval o integraci evropsk\u00fdch archeologick\u00fdch reposit\u00e1\u0159\u016f. V jeho pr\u016fb\u011bhu vznikl katalog datov\u00fdch soubor\u016f s mo\u017enost\u00ed vyhled\u00e1v\u00e1n\u00ed, kter\u00fd mimo jin\u00e9 obsahuje nepublikovan\u00e9 zpr\u00e1vy, obr\u00e1zky, mapy, datab\u00e1ze a dal\u0161\u00ed archeologick\u00e1 data dostupn\u00e1 online. V\u00a0\u010cR byl v\u00a0r\u00e1mci projektu mimo jin\u00e9 implementov\u00e1n Digit\u00e1ln\u00ed archiv Archeologick\u00e9 mapy \u010cR (<a href=\"https:\/\/digiarchiv.aiscr.cz\/\">https:\/\/digiarchiv.aiscr.cz<\/a>) a na spole\u010dn\u00e9m port\u00e1lu pilotn\u011b zp\u0159\u00edstupn\u011bny metadata z\u00a0leteck\u00e9ho archivu Archeologick\u00e9ho \u00fastavu AV \u010cR v\u00a0Praze.<\/p>\n<p style=\"text-align: justify;\">Tento projekt se uk\u00e1zal b\u00fdt natolik \u00fasp\u011b\u0161n\u00fdm, \u017ee op\u011bt z\u00edskal finan\u010dn\u00ed podporu a bude pokra\u010dovat nejm\u00e9n\u011b do roku 2022 (p\u0159\u00edpadn\u011b i d\u00e9le). Jeho n\u00e1zev ARIADNEplus m\u00e1 podtrhnout n\u00e1vaznost nov\u00e9ho projektu na p\u0159edchoz\u00ed a jeho dal\u0161\u00ed vylep\u0161ov\u00e1n\u00ed p\u0159i zachov\u00e1n\u00ed stejn\u00e9ho metodologick\u00e9ho p\u0159\u00edstupu.<\/p>\n<p style=\"text-align: justify;\">N\u00e1zev ARIADNE (Advanced Research Infrastructure for Archaeological Dataset Networking In Europe) je nejen v\u00fdsti\u017enou anglickou zkratkou shrnuj\u00edc\u00ed z\u00e1m\u011br projektu. Odkazuje tak\u00e9 na mytologickou kr\u00e9tskou princeznu Ariadnu, kter\u00e1 pomohla hrdinovi Th\u00e9seovi naj\u00edt cestu ven z labyrintu, co\u017e pro \u010dlov\u011bka p\u0159edstavovalo prakticky nesplniteln\u00fd \u00fakol. Dala hrdinovi klubko nit\u00ed (zn\u00e1m\u00e9 jako Ariadnina nit), kter\u00e9 p\u0159i cest\u011b do nitra labyrintu postupn\u011b odv\u00edjel, aby s jeho pomoc\u00ed dok\u00e1zal naj\u00edt cestu zp\u011bt. N\u00e1\u0161 projekt ARIADNE si klade za c\u00edl pom\u00e1hat modern\u00edm v\u011bdc\u016fm vyznat se v nem\u00e9n\u011b slo\u017eit\u00e9m bludi\u0161ti oborov\u00fdch informac\u00ed.<\/p>\n<p style=\"text-align: justify;\">Chcete-li se o projektu dozv\u011bd\u011bt v\u00edce, vyberte, kter\u00e1 str\u00e1nka nejl\u00e9pe odr\u00e1\u017e\u00ed va\u0161e z\u00e1jmy.<\/p>\n<p style=\"text-align: center;\"><a href=\"http:\/\/whatis.ariadne-infrastructure.eu\/cz\/badatele\/\">BADATEL\u00c9<\/a> \u2013 <a href=\"http:\/\/whatis.ariadne-infrastructure.eu\/cz\/spravci-kulturniho-dedictvi-a-odbornici\/\">SPR\u00c1VCI KULTURN\u00cdHO D\u011aDICTV\u00cd A ODBORN\u00cdCI<\/a> \u2013 <a href=\"http:\/\/whatis.ariadne-infrastructure.eu\/cz\/verejnost\/\">VE\u0158EJNOST<\/a><\/p>\n<p>&nbsp;<\/p>\n<p><strong>Kontaktujte n\u00e1s<\/strong><\/p>\n<p>M\u00e1te dotazy ohledn\u011b projektu? Kontaktujte pros\u00edm pracovn\u00edky projektu ARIADNEplus, r\u00e1di zodpov\u011bd\u00ed va\u0161e dotazy:<\/p>\n<p>Archeologick\u00fd \u00fastav AV \u010cR, Praha, v.\u00a0v. i. \u2013 <strong>Mgr. David Nov\u00e1k, Ph.D.<\/strong>(<a href=\"mailto:novak@arup.cas.cz\">novak@arup.cas.cz<\/a>)<\/p>\n<p>Archeologick\u00fd \u00fastav AV \u010cR, Brno, v.\u00a0v.\u00a0i. \u2013 <strong>Mgr. Olga Le\u010dbychov\u00e1\u00a0<\/strong>(<a href=\"mailto:lecbychova@arub.cz\">lecbychova@arub.cz<\/a>)<\/p>\n<p>Dal\u0161\u00ed informace a kontaktn\u00ed formul\u00e1\u0159 naleznete na webov\u00fdch str\u00e1nk\u00e1ch projektu (dostupn\u00e9 pouze v angli\u010dtin\u011b):www.ariadne-infrastructure.eu<\/p>\n<p>Novinky v\u00a0anglick\u00e9m jazyce jsou zve\u0159ej\u0148ov\u00e1ny na na\u0161em webu i na soci\u00e1ln\u00edch s\u00edt\u00edch.<\/p>\n<p><a href=\"https:\/\/twitter.com\/ARIADNEplus\" target=\"_blank\" rel=\"noopener noreferrer\">twitter @ARIADNEplus<\/a><\/p>\n","protected":false},"excerpt":{"rendered":"<p>Projekt ARIADNEplus je pokra\u010dov\u00e1n\u00edm archeologick\u00e9ho v\u00fdzkumn\u00e9ho projektu ARIADNE, kter\u00fd prob\u00edhal od roku 2013 do roku 2017 za finan\u010dn\u00ed podpory Evropsk\u00e9 komise. Projekt ARIADNE usiloval o integraci evropsk\u00fdch archeologick\u00fdch reposit\u00e1\u0159\u016f. V jeho pr\u016fb\u011bhu vznikl katalog datov\u00fdch soubor\u016f s mo\u017enost\u00ed vyhled\u00e1v\u00e1n\u00ed, kter\u00fd mimo jin\u00e9 obsahuje nepublikovan\u00e9 zpr\u00e1vy, obr\u00e1zky, mapy, datab\u00e1ze a dal\u0161\u00ed archeologick\u00e1 data dostupn\u00e1 online. V\u00a0\u010cR &hellip; <\/p>\n<p class=\"link-more\"><a href=\"https:\/\/whatis.ariadne-infrastructure.eu\/cz\/\" class=\"more-link\">Continue reading<span class=\"screen-reader-text\"> &#8220;ARIADNEplus&#8221;<\/span><\/a><\/p>\n","protected":false},"author":1,"featured_media":0,"parent":0,"menu_order":0,"comment_status":"closed","ping_status":"open","template":"","meta":[],"_links":{"self":[{"href":"https:\/\/whatis.ariadne-infrastructure.eu\/cz\/wp-json\/wp\/v2\/pages\/2"}],"collection":[{"href":"https:\/\/whatis.ariadne-infrastructure.eu\/cz\/wp-json\/wp\/v2\/pages"}],"about":[{"href":"https:\/\/whatis.ariadne-infrastructure.eu\/cz\/wp-json\/wp\/v2\/types\/page"}],"author":[{"embeddable":true,"href":"https:\/\/whatis.ariadne-infrastructure.eu\/cz\/wp-json\/wp\/v2\/users\/1"}],"replies":[{"embeddable":true,"href":"https:\/\/whatis.ariadne-infrastructure.eu\/cz\/wp-json\/wp\/v2\/comments?post=2"}],"version-history":[{"count":7,"href":"https:\/\/whatis.ariadne-infrastructure.eu\/cz\/wp-json\/wp\/v2\/pages\/2\/revisions"}],"predecessor-version":[{"id":32,"href":"https:\/\/whatis.ariadne-infrastructure.eu\/cz\/wp-json\/wp\/v2\/pages\/2\/revisions\/32"}],"wp:attachment":[{"href":"https:\/\/whatis.ariadne-infrastructure.eu\/cz\/wp-json\/wp\/v2\/media?parent=2"}],"curies":[{"name":"wp","href":"https:\/\/api.w.org\/{rel}","templated":true}]}}